{"id":290166,"date":"2025-11-19T10:30:20","date_gmt":"2025-11-19T09:30:20","guid":{"rendered":"https:\/\/www.larix-engineering.at\/?page_id=290166"},"modified":"2026-03-12T09:01:19","modified_gmt":"2026-03-12T08:01:19","slug":"karriere_betriebsoptimierung-2","status":"publish","type":"page","link":"https:\/\/www.larix-engineering.at\/es\/karriere_betriebsoptimierung-2\/","title":{"rendered":"Karriere_Betriebsoptimierung"},"content":{"rendered":"<p>[et_pb_section fb_built=\u00bb1&#8243; _builder_version=\u00bb4.25.1&#8243; _module_preset=\u00bbdefault\u00bb custom_margin=\u00bb||0px||false|false\u00bb custom_padding=\u00bb||0px||false|false\u00bb global_colors_info=\u00bb{}\u00bb][et_pb_row _builder_version=\u00bb4.25.1&#8243; _module_preset=\u00bbdefault\u00bb module_alignment=\u00bbcenter\u00bb custom_margin=\u00bb||0px||false|false\u00bb custom_padding=\u00bb||0px||false|false\u00bb global_colors_info=\u00bb{}\u00bb][et_pb_column type=\u00bb4_4&#8243; _builder_version=\u00bb4.24.3&#8243; _module_preset=\u00bbdefault\u00bb global_colors_info=\u00bb{}\u00bb][et_pb_image src=\u00bbhttps:\/\/www.larix-engineering.at\/wp-content\/uploads\/2024\/06\/karriere.jpg\u00bb title_text=\u00bbkarriere\u00bb _builder_version=\u00bb4.25.1&#8243; _module_preset=\u00bbdefault\u00bb height_tablet=\u00bb\u00bb height_phone=\u00bb\u00bb height_last_edited=\u00bbon|desktop\u00bb max_height_tablet=\u00bb\u00bb max_height_phone=\u00bb\u00bb max_height_last_edited=\u00bbon|desktop\u00bb custom_margin=\u00bb40px||25px||false|false\u00bb custom_margin_tablet=\u00bb40px||25px||false|false\u00bb custom_margin_phone=\u00bb40px||25px||false|false\u00bb custom_margin_last_edited=\u00bbon|desktop\u00bb custom_padding=\u00bb||||false|false\u00bb global_colors_info=\u00bb{}\u00bb][\/et_pb_image][\/et_pb_column][\/et_pb_row][\/et_pb_section][et_pb_section fb_built=\u00bb1&#8243; _builder_version=\u00bb4.25.1&#8243; _module_preset=\u00bbdefault\u00bb custom_margin=\u00bb0px||||false|false\u00bb custom_padding=\u00bb0px||0px||false|false\u00bb global_colors_info=\u00bb{}\u00bb][et_pb_row column_structure=\u00bb3_5,2_5&#8243; _builder_version=\u00bb4.25.1&#8243; _module_preset=\u00bbdefault\u00bb module_alignment=\u00bbcenter\u00bb custom_margin=\u00bb0px||||false|false\u00bb custom_padding=\u00bb0px||||false|false\u00bb global_colors_info=\u00bb{}\u00bb][et_pb_column type=\u00bb3_5&#8243; _builder_version=\u00bb4.24.3&#8243; _module_preset=\u00bbdefault\u00bb global_colors_info=\u00bb{}\u00bb][et_pb_text _builder_version=\u00bb4.25.1&#8243; _dynamic_attributes=\u00bbcontent\u00bb _module_preset=\u00bbdefault\u00bb text_font=\u00bbproxima-nova||||||||\u00bb text_text_color=\u00bb#103741&#8243; text_font_size=\u00bb15px\u00bb text_line_height=\u00bb24px\u00bb link_text_color=\u00bb#103741&#8243; custom_margin=\u00bb||25px||false|false\u00bb custom_margin_tablet=\u00bb||25px||false|false\u00bb custom_margin_phone=\u00bb||25px||false|false\u00bb custom_margin_last_edited=\u00bbon|desktop\u00bb custom_padding=\u00bb0px||||false|false\u00bb text_font_size_last_edited=\u00bboff|desktop\u00bb text_line_height_tablet=\u00bb24px\u00bb text_line_height_phone=\u00bb24px\u00bb text_line_height_last_edited=\u00bboff|desktop\u00bb locked=\u00bboff\u00bb global_colors_info=\u00bb{}\u00bb]@ET-DC@eyJkeW5hbWljIjp0cnVlLCJjb250ZW50IjoicG9zdF90aXRsZSIsInNldHRpbmdzIjp7ImJlZm9yZSI6IjxhIGhyZWY9XCIvaG9tZS9cIj5Ib21lPC9hPi9cdTAwZGNiZXIgdW5zLyIsImFmdGVyIjoiIn19@[\/et_pb_text][et_pb_text _builder_version=\u00bb4.27.4&#8243; _module_preset=\u00bbdefault\u00bb header_font=\u00bbuniviraproregular|500|||||||\u00bb header_text_color=\u00bb#478a5e\u00bb header_font_size=\u00bb35px\u00bb header_line_height=\u00bb35px\u00bb custom_margin=\u00bb0px||25px||false|false\u00bb header_font_size_tablet=\u00bb35px\u00bb header_font_size_phone=\u00bb30px\u00bb header_font_size_last_edited=\u00bbon|phone\u00bb header_line_height_tablet=\u00bb35px\u00bb header_line_height_phone=\u00bb30px\u00bb header_line_height_last_edited=\u00bbon|desktop\u00bb global_colors_info=\u00bb{}\u00bb]<\/p>\n<h1>Projektleiter*in Bauphysik<\/h1>\n<p><span style=\"font-size: large;\"><strong>Vollzeit\/Teilzeit (m\/w\/d)<\/strong><\/span><\/p>\n<p>[\/et_pb_text][et_pb_text _builder_version=\u00bb4.27.4&#8243; _module_preset=\u00bbdefault\u00bb text_font=\u00bbproxima-nova||||||||\u00bb text_text_color=\u00bb#103741&#8243; text_font_size=\u00bb22px\u00bb text_line_height=\u00bb36px\u00bb ul_font_size=\u00bb22px\u00bb ul_line_height=\u00bb36px\u00bb custom_margin=\u00bb0px||0px||true|false\u00bb custom_padding=\u00bb4px||4px||true|false\u00bb hover_enabled=\u00bb0&#8243; text_font_size_tablet=\u00bb26px\u00bb text_font_size_phone=\u00bb15px\u00bb text_font_size_last_edited=\u00bbon|phone\u00bb text_line_height_tablet=\u00bb36px\u00bb text_line_height_phone=\u00bb24px\u00bb text_line_height_last_edited=\u00bbon|desktop\u00bb ul_font_size_tablet=\u00bb22px\u00bb ul_font_size_phone=\u00bb15px\u00bb ul_font_size_last_edited=\u00bbon|phone\u00bb ul_line_height_tablet=\u00bb36px\u00bb ul_line_height_phone=\u00bb24px\u00bb ul_line_height_last_edited=\u00bbon|phone\u00bb locked=\u00bboff\u00bb global_colors_info=\u00bb{}\u00bb sticky_enabled=\u00bb0&#8243;]<\/p>\n<p>Wir sind ein erfolgreiches Technisches B\u00fcro im Bereich des nachhaltigen Bauens.<\/p>\n<p>Wir unterst\u00fctzen unsere Auftraggebenden dabei, Geb\u00e4ude funktional, \u00f6kologisch und wirtschaftlich zu optimieren \u2013 mit Fokus auf:<\/p>\n<ul>\n<li>thermischen und hygrischen Innenraumkomfort<\/li>\n<li>qualit\u00e4tsvolle Tageslichtversorgung<\/li>\n<li>sparsamen Ressourceneinsatz<\/li>\n<li>robuste, m\u00f6glichst reduzierte Geb\u00e4udetechnik<\/li>\n<li>effiziente, klimaneutrale Energieversorgung<\/li>\n<\/ul>\n<p>Unser Portfolio umfasst Wohngeb\u00e4ude, B\u00fcrogeb\u00e4ude, Sonderbauten und Stadtquartiere.<\/p>\n<p>Erfolg ist f\u00fcr uns Teamarbeit. Die St\u00e4rke von Larix Engineering liegt in der Fachkompetenz unserer Mitarbeiter*innen und in der Qualit\u00e4t der Zusammenarbeit.<br \/><strong>Wir suchen daher eine technisch und sozial kompetente Person f\u00fcr die Projektleitung im Fachbereich Bauphysik.<\/strong><\/p>\n<p><strong>Was dich erwartet \u2013 Deine Aufgaben:<\/strong><\/p>\n<ul>\n<li>Erstellung bauphysikalischer Nachweise und Detailbewertungen (W\u00e4rmeschutz, Feuchteschutz, Bauakustik) \u00fcber alle Planungsphasen<\/li>\n<li>Analyse und Optimierung von Geb\u00e4udeh\u00fclle und Bauteilen mit dynamischen und station\u00e4ren Verfahren<\/li>\n<li>Proaktive Beratung unserer Auftraggeber*innen hin zu fossilfreien, energieeffizienten und nachhaltigen Geb\u00e4uden<\/li>\n<li>Projektleitung mit Eigenverantwortung \u00fcber die Einhaltung von Qualit\u00e4t, Terminen und Kosten<\/li>\n<\/ul>\n<p><strong>Was du mitbringst \u2013 Deine Qualifikationen<\/strong><\/p>\n<ul>\n<li>Erfahrung in Bauphysik und\/oder Bau\u00f6kologie (Neubau und Bauen im Bestand)<\/li>\n<li>Affinit\u00e4t zu den Zielen umfassend nachhaltiger Geb\u00e4udeoptimierung<\/li>\n<li>Sicherer Umgang mit ArchiPhysik und Sketchup; Vorteil: WUFI, Antherm, CAD-Viewer, Simulationstools<\/li>\n<li>Freude an der Planung und Konzeption innovativer L\u00f6sungen mit der Flexibilit\u00e4t, Dich in neue Themen eigenst\u00e4ndig einzuarbeiten<\/li>\n<li>\u00dcberzeugendes Auftreten und wertsch\u00e4tzende, sichere \u00a0Kommunikation mit Auftraggebenden<\/li>\n<li>Teilweise verzichten qualifizierte Personen auf eine Bewerbung, wenn sie einzelne Anforderungen nicht vollst\u00e4ndig erf\u00fcllen. F\u00fcr uns z\u00e4hlt Gesamtkompetenz und Entwicklungspotenzial \u2013 nicht das Abhaken jeder einzelnen Anforderung.<\/li>\n<\/ul>\n<p><strong>Was wir bieten \u2013 Dein Benefit:<\/strong><\/p>\n<ul>\n<li>Hochinteressante Arbeit, mit begleiteter Eigenverantwortung, Weiterbildungen und gro\u00dfem Potenzial zur pers\u00f6nlichen Entwicklung<\/li>\n<li>Einbettung in ein hochmotiviertes, sehr wertsch\u00e4tzendes und unterst\u00fctzendes Team<\/li>\n<li>Leistungsgerechte Entlohnung nach einem transparenten Gehaltsschema, mit planbarer Gehaltsentwicklung und Erfolgspr\u00e4mie bei gemeinsamem Erreichen des Unternehmensziels<\/li>\n<li>Arbeitsplatz im Zentrum von Wien, mit betrieblichen Zusatzleistungen in den Bereichen Verpflegung, Jobticket, Gleitzeit und Homeoffice sowie mit gro\u00dfz\u00fcgigem Entgegenkommen bei besonderen privaten Bed\u00fcrfnissen und Herausforderungen<\/li>\n<li>Jahresbruttogehalt ab 47.300,- Euro (KV f\u00fcr Information und Consulting Angestellte), \u00dcberzahlung je nach Berufserfahrung.<\/li>\n<\/ul>\n<p>Lebenslauf und Motivationsschreiben bitte an:<\/p>\n<p><a href=\"mailto:mail@larix-engineering.at\">mail@larix-engineering.at<\/a><\/p>\n<p>[\/et_pb_text][\/et_pb_column][et_pb_column type=\u00bb2_5&#8243; _builder_version=\u00bb4.24.3&#8243; _module_preset=\u00bbdefault\u00bb global_colors_info=\u00bb{}\u00bb][\/et_pb_column][\/et_pb_row][\/et_pb_section]<\/p>\n","protected":false},"excerpt":{"rendered":"<p>Projektleiter*in Bauphysik Vollzeit\/Teilzeit (m\/w\/d)Wir sind ein erfolgreiches Technisches B\u00fcro im Bereich des nachhaltigen Bauens. Wir unterst\u00fctzen unsere Auftraggebenden dabei, Geb\u00e4ude funktional, \u00f6kologisch und wirtschaftlich zu optimieren \u2013 mit Fokus auf: thermischen und hygrischen Innenraumkomfort qualit\u00e4tsvolle Tageslichtversorgung sparsamen Ressourceneinsatz robuste, m\u00f6glichst reduzierte Geb\u00e4udetechnik effiziente, klimaneutrale Energieversorgung Unser Portfolio umfasst Wohngeb\u00e4ude, B\u00fcrogeb\u00e4ude, Sonderbauten und Stadtquartiere. Erfolg ist [&hellip;]<\/p>\n","protected":false},"author":6,"featured_media":0,"parent":0,"menu_order":0,"comment_status":"closed","ping_status":"closed","template":"","meta":{"_acf_changed":false,"_et_pb_use_builder":"on","_et_pb_old_content":"","_et_gb_content_width":"","inline_featured_image":false,"footnotes":""},"difl_page_category":[],"class_list":["post-290166","page","type-page","status-publish","hentry"],"acf":[],"yoast_head":"<!-- This site is optimized with the Yoast SEO plugin v27.5 - https:\/\/yoast.com\/product\/yoast-seo-wordpress\/ -->\n<title>Karriere_Betriebsoptimierung - Larix Engineering<\/title>\n<meta name=\"robots\" content=\"index, follow, max-snippet:-1, max-image-preview:large, max-video-preview:-1\" \/>\n<link rel=\"canonical\" href=\"https:\/\/www.larix-engineering.at\/karriere_bauphysik\/\" \/>\n<meta property=\"og:locale\" content=\"es_ES\" \/>\n<meta property=\"og:type\" content=\"article\" \/>\n<meta property=\"og:title\" content=\"Karriere_Betriebsoptimierung - Larix Engineering\" \/>\n<meta property=\"og:description\" content=\"Projektleiter*in Bauphysik Vollzeit\/Teilzeit (m\/w\/d)Wir sind ein erfolgreiches Technisches B\u00fcro im Bereich des nachhaltigen Bauens. Wir unterst\u00fctzen unsere Auftraggebenden dabei, Geb\u00e4ude funktional, \u00f6kologisch und wirtschaftlich zu optimieren \u2013 mit Fokus auf: thermischen und hygrischen Innenraumkomfort qualit\u00e4tsvolle Tageslichtversorgung sparsamen Ressourceneinsatz robuste, m\u00f6glichst reduzierte Geb\u00e4udetechnik effiziente, klimaneutrale Energieversorgung Unser Portfolio umfasst Wohngeb\u00e4ude, B\u00fcrogeb\u00e4ude, Sonderbauten und Stadtquartiere. Erfolg ist [&hellip;]\" \/>\n<meta property=\"og:url\" content=\"https:\/\/www.larix-engineering.at\/karriere_bauphysik\/\" \/>\n<meta property=\"og:site_name\" content=\"Larix Engineering\" \/>\n<meta property=\"article:modified_time\" content=\"2026-03-12T08:01:19+00:00\" \/>\n<meta name=\"twitter:card\" content=\"summary_large_image\" \/>\n<meta name=\"twitter:label1\" content=\"Tiempo de lectura\" \/>\n\t<meta name=\"twitter:data1\" content=\"2 minutos\" \/>\n<script type=\"application\/ld+json\" class=\"yoast-schema-graph\">{\"@context\":\"https:\\\/\\\/schema.org\",\"@graph\":[{\"@type\":\"WebPage\",\"@id\":\"https:\\\/\\\/www.larix-engineering.at\\\/karriere_bauphysik\\\/\",\"url\":\"https:\\\/\\\/www.larix-engineering.at\\\/karriere_bauphysik\\\/\",\"name\":\"Karriere_Betriebsoptimierung - Larix Engineering\",\"isPartOf\":{\"@id\":\"https:\\\/\\\/www.larix-engineering.at\\\/#website\"},\"datePublished\":\"2025-11-19T09:30:20+00:00\",\"dateModified\":\"2026-03-12T08:01:19+00:00\",\"breadcrumb\":{\"@id\":\"https:\\\/\\\/www.larix-engineering.at\\\/karriere_bauphysik\\\/#breadcrumb\"},\"inLanguage\":\"es\",\"potentialAction\":[{\"@type\":\"ReadAction\",\"target\":[\"https:\\\/\\\/www.larix-engineering.at\\\/karriere_bauphysik\\\/\"]}]},{\"@type\":\"BreadcrumbList\",\"@id\":\"https:\\\/\\\/www.larix-engineering.at\\\/karriere_bauphysik\\\/#breadcrumb\",\"itemListElement\":[{\"@type\":\"ListItem\",\"position\":1,\"name\":\"Home\",\"item\":\"https:\\\/\\\/www.larix-engineering.at\\\/\"},{\"@type\":\"ListItem\",\"position\":2,\"name\":\"Karriere_Betriebsoptimierung\"}]},{\"@type\":\"WebSite\",\"@id\":\"https:\\\/\\\/www.larix-engineering.at\\\/#website\",\"url\":\"https:\\\/\\\/www.larix-engineering.at\\\/\",\"name\":\"Larix Engineering\",\"description\":\"sustainable building solutions\",\"publisher\":{\"@id\":\"https:\\\/\\\/www.larix-engineering.at\\\/#organization\"},\"potentialAction\":[{\"@type\":\"SearchAction\",\"target\":{\"@type\":\"EntryPoint\",\"urlTemplate\":\"https:\\\/\\\/www.larix-engineering.at\\\/?s={search_term_string}\"},\"query-input\":{\"@type\":\"PropertyValueSpecification\",\"valueRequired\":true,\"valueName\":\"search_term_string\"}}],\"inLanguage\":\"es\"},{\"@type\":\"Organization\",\"@id\":\"https:\\\/\\\/www.larix-engineering.at\\\/#organization\",\"name\":\"Larix Engineering\",\"url\":\"https:\\\/\\\/www.larix-engineering.at\\\/\",\"logo\":{\"@type\":\"ImageObject\",\"inLanguage\":\"es\",\"@id\":\"https:\\\/\\\/www.larix-engineering.at\\\/#\\\/schema\\\/logo\\\/image\\\/\",\"url\":\"https:\\\/\\\/www.larix-engineering.at\\\/wp-content\\\/uploads\\\/2024\\\/05\\\/cropped-favicon.png\",\"contentUrl\":\"https:\\\/\\\/www.larix-engineering.at\\\/wp-content\\\/uploads\\\/2024\\\/05\\\/cropped-favicon.png\",\"width\":512,\"height\":512,\"caption\":\"Larix Engineering\"},\"image\":{\"@id\":\"https:\\\/\\\/www.larix-engineering.at\\\/#\\\/schema\\\/logo\\\/image\\\/\"}}]}<\/script>\n<!-- \/ Yoast SEO plugin. -->","yoast_head_json":{"title":"Karriere_Betriebsoptimierung - Larix Engineering","robots":{"index":"index","follow":"follow","max-snippet":"max-snippet:-1","max-image-preview":"max-image-preview:large","max-video-preview":"max-video-preview:-1"},"canonical":"https:\/\/www.larix-engineering.at\/karriere_bauphysik\/","og_locale":"es_ES","og_type":"article","og_title":"Karriere_Betriebsoptimierung - Larix Engineering","og_description":"Projektleiter*in Bauphysik Vollzeit\/Teilzeit (m\/w\/d)Wir sind ein erfolgreiches Technisches B\u00fcro im Bereich des nachhaltigen Bauens. Wir unterst\u00fctzen unsere Auftraggebenden dabei, Geb\u00e4ude funktional, \u00f6kologisch und wirtschaftlich zu optimieren \u2013 mit Fokus auf: thermischen und hygrischen Innenraumkomfort qualit\u00e4tsvolle Tageslichtversorgung sparsamen Ressourceneinsatz robuste, m\u00f6glichst reduzierte Geb\u00e4udetechnik effiziente, klimaneutrale Energieversorgung Unser Portfolio umfasst Wohngeb\u00e4ude, B\u00fcrogeb\u00e4ude, Sonderbauten und Stadtquartiere. Erfolg ist [&hellip;]","og_url":"https:\/\/www.larix-engineering.at\/karriere_bauphysik\/","og_site_name":"Larix Engineering","article_modified_time":"2026-03-12T08:01:19+00:00","twitter_card":"summary_large_image","twitter_misc":{"Tiempo de lectura":"2 minutos"},"schema":{"@context":"https:\/\/schema.org","@graph":[{"@type":"WebPage","@id":"https:\/\/www.larix-engineering.at\/karriere_bauphysik\/","url":"https:\/\/www.larix-engineering.at\/karriere_bauphysik\/","name":"Karriere_Betriebsoptimierung - Larix Engineering","isPartOf":{"@id":"https:\/\/www.larix-engineering.at\/#website"},"datePublished":"2025-11-19T09:30:20+00:00","dateModified":"2026-03-12T08:01:19+00:00","breadcrumb":{"@id":"https:\/\/www.larix-engineering.at\/karriere_bauphysik\/#breadcrumb"},"inLanguage":"es","potentialAction":[{"@type":"ReadAction","target":["https:\/\/www.larix-engineering.at\/karriere_bauphysik\/"]}]},{"@type":"BreadcrumbList","@id":"https:\/\/www.larix-engineering.at\/karriere_bauphysik\/#breadcrumb","itemListElement":[{"@type":"ListItem","position":1,"name":"Home","item":"https:\/\/www.larix-engineering.at\/"},{"@type":"ListItem","position":2,"name":"Karriere_Betriebsoptimierung"}]},{"@type":"WebSite","@id":"https:\/\/www.larix-engineering.at\/#website","url":"https:\/\/www.larix-engineering.at\/","name":"Larix Engineering","description":"sustainable building solutions","publisher":{"@id":"https:\/\/www.larix-engineering.at\/#organization"},"potentialAction":[{"@type":"SearchAction","target":{"@type":"EntryPoint","urlTemplate":"https:\/\/www.larix-engineering.at\/?s={search_term_string}"},"query-input":{"@type":"PropertyValueSpecification","valueRequired":true,"valueName":"search_term_string"}}],"inLanguage":"es"},{"@type":"Organization","@id":"https:\/\/www.larix-engineering.at\/#organization","name":"Larix Engineering","url":"https:\/\/www.larix-engineering.at\/","logo":{"@type":"ImageObject","inLanguage":"es","@id":"https:\/\/www.larix-engineering.at\/#\/schema\/logo\/image\/","url":"https:\/\/www.larix-engineering.at\/wp-content\/uploads\/2024\/05\/cropped-favicon.png","contentUrl":"https:\/\/www.larix-engineering.at\/wp-content\/uploads\/2024\/05\/cropped-favicon.png","width":512,"height":512,"caption":"Larix Engineering"},"image":{"@id":"https:\/\/www.larix-engineering.at\/#\/schema\/logo\/image\/"}}]}},"_links":{"self":[{"href":"https:\/\/www.larix-engineering.at\/es\/wp-json\/wp\/v2\/pages\/290166","targetHints":{"allow":["GET"]}}],"collection":[{"href":"https:\/\/www.larix-engineering.at\/es\/wp-json\/wp\/v2\/pages"}],"about":[{"href":"https:\/\/www.larix-engineering.at\/es\/wp-json\/wp\/v2\/types\/page"}],"author":[{"embeddable":true,"href":"https:\/\/www.larix-engineering.at\/es\/wp-json\/wp\/v2\/users\/6"}],"replies":[{"embeddable":true,"href":"https:\/\/www.larix-engineering.at\/es\/wp-json\/wp\/v2\/comments?post=290166"}],"version-history":[{"count":3,"href":"https:\/\/www.larix-engineering.at\/es\/wp-json\/wp\/v2\/pages\/290166\/revisions"}],"predecessor-version":[{"id":290262,"href":"https:\/\/www.larix-engineering.at\/es\/wp-json\/wp\/v2\/pages\/290166\/revisions\/290262"}],"wp:attachment":[{"href":"https:\/\/www.larix-engineering.at\/es\/wp-json\/wp\/v2\/media?parent=290166"}],"wp:term":[{"taxonomy":"difl_page_category","embeddable":true,"href":"https:\/\/www.larix-engineering.at\/es\/wp-json\/wp\/v2\/difl_page_category?post=290166"}],"curies":[{"name":"wp","href":"https:\/\/api.w.org\/{rel}","templated":true}]}}