{"id":289472,"date":"2024-04-18T15:43:12","date_gmt":"2024-04-18T13:43:12","guid":{"rendered":"https:\/\/www.larix-engineering.at\/l\/zertifizierung\/"},"modified":"2025-08-12T13:27:57","modified_gmt":"2025-08-12T11:27:57","slug":"certificacion","status":"publish","type":"page","link":"https:\/\/www.larix-engineering.at\/es\/l\/certificacion\/","title":{"rendered":"Certificaci\u00f3n"},"content":{"rendered":"\n<p>La certificaci\u00f3n energ\u00e9tica de edificios es un reconocimiento documentado de forma transparente para proyectos de construcci\u00f3n sostenibles.<\/p>\n\n<p>Le acompa\u00f1amos desde el principio, proporcion\u00e1ndole una orientaci\u00f3n competente y centrada en la obtenci\u00f3n del certificado adecuado para su proyecto. Nuestras amplias cualificaciones garantizan un apoyo fiable que va m\u00e1s all\u00e1 de la mera auditor\u00eda, a lo largo de todas las fases, desde la planificaci\u00f3n hasta el fin de obra. <\/p>\n\n<h2 class=\"wp-block-heading\">Nuestros servicios<\/h2>\n\n<ul class=\"wp-block-list\">\n<li>Certificaci\u00f3n de edificios en todos los sistemas est\u00e1ndar, como \u00d6GNI\/DGNB, klimaaktiv y BREEAM<\/li>\n\n\n\n<li>Asesoramiento independiente sobre construcci\u00f3n sostenible y circular<\/li>\n\n\n\n<li>Evaluaci\u00f3n de la taxonom\u00eda de la UE para nueva construcci\u00f3n, rehabilitaci\u00f3n y adquisici\u00f3n\/propiedad de edificios<\/li>\n\n\n\n<li>An\u00e1lisis ecol\u00f3gico del ciclo de vida (LCA)<\/li>\n\n\n\n<li>An\u00e1lisis econ\u00f3micos del ciclo de vida (LCC)<\/li>\n\n\n\n<li>Gesti\u00f3n ecol\u00f3gica de productos de construcci\u00f3n<\/li>\n\n\n\n<li>Conceptos de desmantelamiento y reciclado<\/li>\n\n\n\n<li>Directrices de sostenibilidad<\/li>\n<\/ul>\n\n<p>Nuestros empleados est\u00e1n autorizados y formados en \u00d6GNI\/DGNB, klimaaktiv y BREEAM.<\/p>\n\n<h2 class=\"wp-block-heading\">Nuestras afiliaciones<\/h2>\n\n<figure class=\"wp-block-image size-large\"><img loading=\"lazy\" decoding=\"async\" width=\"1024\" height=\"187\" src=\"https:\/\/www.larix-engineering.at\/wp-content\/uploads\/2024\/05\/logo-1-1024x187.jpg\" alt=\"logo 1\" class=\"wp-image-283524\" srcset=\"https:\/\/www.larix-engineering.at\/wp-content\/uploads\/2024\/05\/logo-1-1024x187.jpg 1024w, https:\/\/www.larix-engineering.at\/wp-content\/uploads\/2024\/05\/logo-1-980x179.jpg 980w, https:\/\/www.larix-engineering.at\/wp-content\/uploads\/2024\/05\/logo-1-480x88.jpg 480w\" sizes=\"(min-width: 0px) and (max-width: 480px) 480px, (min-width: 481px) and (max-width: 980px) 980px, (min-width: 981px) 1024px, 100vw\" \/><\/figure>\n\n<figure class=\"wp-block-image size-full\"><img loading=\"lazy\" decoding=\"async\" width=\"1004\" height=\"192\" src=\"https:\/\/www.larix-engineering.at\/wp-content\/uploads\/2024\/05\/logo2.jpg\" alt=\"\" class=\"wp-image-282824\" srcset=\"https:\/\/www.larix-engineering.at\/wp-content\/uploads\/2024\/05\/logo2.jpg 1004w, https:\/\/www.larix-engineering.at\/wp-content\/uploads\/2024\/05\/logo2-980x187.jpg 980w, https:\/\/www.larix-engineering.at\/wp-content\/uploads\/2024\/05\/logo2-480x92.jpg 480w\" sizes=\"(min-width: 0px) and (max-width: 480px) 480px, (min-width: 481px) and (max-width: 980px) 980px, (min-width: 981px) 1004px, 100vw\" \/><\/figure>\n","protected":false},"excerpt":{"rendered":"<p>La certificaci\u00f3n energ\u00e9tica de edificios es un reconocimiento documentado de forma transparente para proyectos de construcci\u00f3n sostenibles. Le acompa\u00f1amos desde el principio, proporcion\u00e1ndole una orientaci\u00f3n competente y centrada en la obtenci\u00f3n del certificado adecuado para su proyecto. Nuestras amplias cualificaciones garantizan un apoyo fiable que va m\u00e1s all\u00e1 de la mera auditor\u00eda, a lo largo [&hellip;]<\/p>\n","protected":false},"author":1,"featured_media":0,"parent":289016,"menu_order":0,"comment_status":"closed","ping_status":"closed","template":"page-template-leistungen.php","meta":{"_acf_changed":false,"_et_pb_use_builder":"on","_et_pb_old_content":"","_et_gb_content_width":"","inline_featured_image":false,"footnotes":""},"difl_page_category":[94],"class_list":["post-289472","page","type-page","status-publish","hentry","difl_page_category-leistungen"],"acf":[],"yoast_head":"<!-- This site is optimized with the Yoast SEO plugin v27.5 - https:\/\/yoast.com\/product\/yoast-seo-wordpress\/ -->\n<title>Certificaci\u00f3n - Larix Engineering<\/title>\n<meta name=\"robots\" content=\"index, follow, max-snippet:-1, max-image-preview:large, max-video-preview:-1\" \/>\n<link rel=\"canonical\" href=\"https:\/\/www.larix-engineering.at\/l\/zertifizierung\/\" \/>\n<meta property=\"og:locale\" content=\"es_ES\" \/>\n<meta property=\"og:type\" content=\"article\" \/>\n<meta property=\"og:title\" content=\"Certificaci\u00f3n - Larix Engineering\" \/>\n<meta property=\"og:description\" content=\"La certificaci\u00f3n energ\u00e9tica de edificios es un reconocimiento documentado de forma transparente para proyectos de construcci\u00f3n sostenibles. Le acompa\u00f1amos desde el principio, proporcion\u00e1ndole una orientaci\u00f3n competente y centrada en la obtenci\u00f3n del certificado adecuado para su proyecto. Nuestras amplias cualificaciones garantizan un apoyo fiable que va m\u00e1s all\u00e1 de la mera auditor\u00eda, a lo largo [&hellip;]\" \/>\n<meta property=\"og:url\" content=\"https:\/\/www.larix-engineering.at\/l\/zertifizierung\/\" \/>\n<meta property=\"og:site_name\" content=\"Larix Engineering\" \/>\n<meta property=\"article:modified_time\" content=\"2025-08-12T11:27:57+00:00\" \/>\n<meta property=\"og:image\" content=\"https:\/\/www.larix-engineering.at\/wp-content\/uploads\/2024\/05\/logo-1.jpg\" \/>\n\t<meta property=\"og:image:width\" content=\"1170\" \/>\n\t<meta property=\"og:image:height\" content=\"214\" \/>\n\t<meta property=\"og:image:type\" content=\"image\/jpeg\" \/>\n<meta name=\"twitter:card\" content=\"summary_large_image\" \/>\n<meta name=\"twitter:label1\" content=\"Tiempo de lectura\" \/>\n\t<meta name=\"twitter:data1\" content=\"1 minuto\" \/>\n<script type=\"application\/ld+json\" class=\"yoast-schema-graph\">{\"@context\":\"https:\\\/\\\/schema.org\",\"@graph\":[{\"@type\":\"WebPage\",\"@id\":\"https:\\\/\\\/www.larix-engineering.at\\\/l\\\/zertifizierung\\\/\",\"url\":\"https:\\\/\\\/www.larix-engineering.at\\\/l\\\/zertifizierung\\\/\",\"name\":\"Certificaci\u00f3n - Larix Engineering\",\"isPartOf\":{\"@id\":\"https:\\\/\\\/www.larix-engineering.at\\\/#website\"},\"primaryImageOfPage\":{\"@id\":\"https:\\\/\\\/www.larix-engineering.at\\\/l\\\/zertifizierung\\\/#primaryimage\"},\"image\":{\"@id\":\"https:\\\/\\\/www.larix-engineering.at\\\/l\\\/zertifizierung\\\/#primaryimage\"},\"thumbnailUrl\":\"https:\\\/\\\/www.larix-engineering.at\\\/wp-content\\\/uploads\\\/2024\\\/05\\\/logo-1-1024x187.jpg\",\"datePublished\":\"2024-04-18T13:43:12+00:00\",\"dateModified\":\"2025-08-12T11:27:57+00:00\",\"breadcrumb\":{\"@id\":\"https:\\\/\\\/www.larix-engineering.at\\\/l\\\/zertifizierung\\\/#breadcrumb\"},\"inLanguage\":\"es\",\"potentialAction\":[{\"@type\":\"ReadAction\",\"target\":[\"https:\\\/\\\/www.larix-engineering.at\\\/l\\\/zertifizierung\\\/\"]}]},{\"@type\":\"ImageObject\",\"inLanguage\":\"es\",\"@id\":\"https:\\\/\\\/www.larix-engineering.at\\\/l\\\/zertifizierung\\\/#primaryimage\",\"url\":\"https:\\\/\\\/www.larix-engineering.at\\\/wp-content\\\/uploads\\\/2024\\\/05\\\/logo-1-1024x187.jpg\",\"contentUrl\":\"https:\\\/\\\/www.larix-engineering.at\\\/wp-content\\\/uploads\\\/2024\\\/05\\\/logo-1-1024x187.jpg\"},{\"@type\":\"BreadcrumbList\",\"@id\":\"https:\\\/\\\/www.larix-engineering.at\\\/l\\\/zertifizierung\\\/#breadcrumb\",\"itemListElement\":[{\"@type\":\"ListItem\",\"position\":1,\"name\":\"Home\",\"item\":\"https:\\\/\\\/www.larix-engineering.at\\\/\"},{\"@type\":\"ListItem\",\"position\":2,\"name\":\"Leistungen \\\/ Fachbereiche\",\"item\":\"https:\\\/\\\/www.larix-engineering.at\\\/es\\\/l\\\/\"},{\"@type\":\"ListItem\",\"position\":3,\"name\":\"Certificaci\u00f3n\"}]},{\"@type\":\"WebSite\",\"@id\":\"https:\\\/\\\/www.larix-engineering.at\\\/#website\",\"url\":\"https:\\\/\\\/www.larix-engineering.at\\\/\",\"name\":\"Larix Engineering\",\"description\":\"sustainable building solutions\",\"publisher\":{\"@id\":\"https:\\\/\\\/www.larix-engineering.at\\\/#organization\"},\"potentialAction\":[{\"@type\":\"SearchAction\",\"target\":{\"@type\":\"EntryPoint\",\"urlTemplate\":\"https:\\\/\\\/www.larix-engineering.at\\\/?s={search_term_string}\"},\"query-input\":{\"@type\":\"PropertyValueSpecification\",\"valueRequired\":true,\"valueName\":\"search_term_string\"}}],\"inLanguage\":\"es\"},{\"@type\":\"Organization\",\"@id\":\"https:\\\/\\\/www.larix-engineering.at\\\/#organization\",\"name\":\"Larix Engineering\",\"url\":\"https:\\\/\\\/www.larix-engineering.at\\\/\",\"logo\":{\"@type\":\"ImageObject\",\"inLanguage\":\"es\",\"@id\":\"https:\\\/\\\/www.larix-engineering.at\\\/#\\\/schema\\\/logo\\\/image\\\/\",\"url\":\"https:\\\/\\\/www.larix-engineering.at\\\/wp-content\\\/uploads\\\/2024\\\/05\\\/cropped-favicon.png\",\"contentUrl\":\"https:\\\/\\\/www.larix-engineering.at\\\/wp-content\\\/uploads\\\/2024\\\/05\\\/cropped-favicon.png\",\"width\":512,\"height\":512,\"caption\":\"Larix Engineering\"},\"image\":{\"@id\":\"https:\\\/\\\/www.larix-engineering.at\\\/#\\\/schema\\\/logo\\\/image\\\/\"}}]}<\/script>\n<!-- \/ Yoast SEO plugin. -->","yoast_head_json":{"title":"Certificaci\u00f3n - Larix Engineering","robots":{"index":"index","follow":"follow","max-snippet":"max-snippet:-1","max-image-preview":"max-image-preview:large","max-video-preview":"max-video-preview:-1"},"canonical":"https:\/\/www.larix-engineering.at\/l\/zertifizierung\/","og_locale":"es_ES","og_type":"article","og_title":"Certificaci\u00f3n - Larix Engineering","og_description":"La certificaci\u00f3n energ\u00e9tica de edificios es un reconocimiento documentado de forma transparente para proyectos de construcci\u00f3n sostenibles. Le acompa\u00f1amos desde el principio, proporcion\u00e1ndole una orientaci\u00f3n competente y centrada en la obtenci\u00f3n del certificado adecuado para su proyecto. Nuestras amplias cualificaciones garantizan un apoyo fiable que va m\u00e1s all\u00e1 de la mera auditor\u00eda, a lo largo [&hellip;]","og_url":"https:\/\/www.larix-engineering.at\/l\/zertifizierung\/","og_site_name":"Larix Engineering","article_modified_time":"2025-08-12T11:27:57+00:00","og_image":[{"width":1170,"height":214,"url":"https:\/\/www.larix-engineering.at\/wp-content\/uploads\/2024\/05\/logo-1.jpg","type":"image\/jpeg"}],"twitter_card":"summary_large_image","twitter_misc":{"Tiempo de lectura":"1 minuto"},"schema":{"@context":"https:\/\/schema.org","@graph":[{"@type":"WebPage","@id":"https:\/\/www.larix-engineering.at\/l\/zertifizierung\/","url":"https:\/\/www.larix-engineering.at\/l\/zertifizierung\/","name":"Certificaci\u00f3n - Larix Engineering","isPartOf":{"@id":"https:\/\/www.larix-engineering.at\/#website"},"primaryImageOfPage":{"@id":"https:\/\/www.larix-engineering.at\/l\/zertifizierung\/#primaryimage"},"image":{"@id":"https:\/\/www.larix-engineering.at\/l\/zertifizierung\/#primaryimage"},"thumbnailUrl":"https:\/\/www.larix-engineering.at\/wp-content\/uploads\/2024\/05\/logo-1-1024x187.jpg","datePublished":"2024-04-18T13:43:12+00:00","dateModified":"2025-08-12T11:27:57+00:00","breadcrumb":{"@id":"https:\/\/www.larix-engineering.at\/l\/zertifizierung\/#breadcrumb"},"inLanguage":"es","potentialAction":[{"@type":"ReadAction","target":["https:\/\/www.larix-engineering.at\/l\/zertifizierung\/"]}]},{"@type":"ImageObject","inLanguage":"es","@id":"https:\/\/www.larix-engineering.at\/l\/zertifizierung\/#primaryimage","url":"https:\/\/www.larix-engineering.at\/wp-content\/uploads\/2024\/05\/logo-1-1024x187.jpg","contentUrl":"https:\/\/www.larix-engineering.at\/wp-content\/uploads\/2024\/05\/logo-1-1024x187.jpg"},{"@type":"BreadcrumbList","@id":"https:\/\/www.larix-engineering.at\/l\/zertifizierung\/#breadcrumb","itemListElement":[{"@type":"ListItem","position":1,"name":"Home","item":"https:\/\/www.larix-engineering.at\/"},{"@type":"ListItem","position":2,"name":"Leistungen \/ Fachbereiche","item":"https:\/\/www.larix-engineering.at\/es\/l\/"},{"@type":"ListItem","position":3,"name":"Certificaci\u00f3n"}]},{"@type":"WebSite","@id":"https:\/\/www.larix-engineering.at\/#website","url":"https:\/\/www.larix-engineering.at\/","name":"Larix Engineering","description":"sustainable building solutions","publisher":{"@id":"https:\/\/www.larix-engineering.at\/#organization"},"potentialAction":[{"@type":"SearchAction","target":{"@type":"EntryPoint","urlTemplate":"https:\/\/www.larix-engineering.at\/?s={search_term_string}"},"query-input":{"@type":"PropertyValueSpecification","valueRequired":true,"valueName":"search_term_string"}}],"inLanguage":"es"},{"@type":"Organization","@id":"https:\/\/www.larix-engineering.at\/#organization","name":"Larix Engineering","url":"https:\/\/www.larix-engineering.at\/","logo":{"@type":"ImageObject","inLanguage":"es","@id":"https:\/\/www.larix-engineering.at\/#\/schema\/logo\/image\/","url":"https:\/\/www.larix-engineering.at\/wp-content\/uploads\/2024\/05\/cropped-favicon.png","contentUrl":"https:\/\/www.larix-engineering.at\/wp-content\/uploads\/2024\/05\/cropped-favicon.png","width":512,"height":512,"caption":"Larix Engineering"},"image":{"@id":"https:\/\/www.larix-engineering.at\/#\/schema\/logo\/image\/"}}]}},"_links":{"self":[{"href":"https:\/\/www.larix-engineering.at\/es\/wp-json\/wp\/v2\/pages\/289472","targetHints":{"allow":["GET"]}}],"collection":[{"href":"https:\/\/www.larix-engineering.at\/es\/wp-json\/wp\/v2\/pages"}],"about":[{"href":"https:\/\/www.larix-engineering.at\/es\/wp-json\/wp\/v2\/types\/page"}],"author":[{"embeddable":true,"href":"https:\/\/www.larix-engineering.at\/es\/wp-json\/wp\/v2\/users\/1"}],"replies":[{"embeddable":true,"href":"https:\/\/www.larix-engineering.at\/es\/wp-json\/wp\/v2\/comments?post=289472"}],"version-history":[{"count":3,"href":"https:\/\/www.larix-engineering.at\/es\/wp-json\/wp\/v2\/pages\/289472\/revisions"}],"predecessor-version":[{"id":289761,"href":"https:\/\/www.larix-engineering.at\/es\/wp-json\/wp\/v2\/pages\/289472\/revisions\/289761"}],"up":[{"embeddable":true,"href":"https:\/\/www.larix-engineering.at\/es\/wp-json\/wp\/v2\/pages\/289016"}],"wp:attachment":[{"href":"https:\/\/www.larix-engineering.at\/es\/wp-json\/wp\/v2\/media?parent=289472"}],"wp:term":[{"taxonomy":"difl_page_category","embeddable":true,"href":"https:\/\/www.larix-engineering.at\/es\/wp-json\/wp\/v2\/difl_page_category?post=289472"}],"curies":[{"name":"wp","href":"https:\/\/api.w.org\/{rel}","templated":true}]}}