{"id":289471,"date":"2024-04-18T15:25:24","date_gmt":"2024-04-18T13:25:24","guid":{"rendered":"https:\/\/www.larix-engineering.at\/l\/simulation\/"},"modified":"2025-09-22T17:50:55","modified_gmt":"2025-09-22T15:50:55","slug":"simulacion","status":"publish","type":"page","link":"https:\/\/www.larix-engineering.at\/es\/l\/simulacion\/","title":{"rendered":"Simulaci\u00f3n"},"content":{"rendered":"\n<p>El dise\u00f1o de edificios suele guiarse por m\u00e9todos estandarizados. Aunque estos m\u00e9todos no son incorrectos, tampoco son \u00f3ptimos. <\/p>\n\n<p>A trav\u00e9s de un modelo de simulaci\u00f3n a medida, alimentado con todos los par\u00e1metros apropiados, podemos obtener resultados lo m\u00e1s cercanos posible a la realidad sobre el rendimiento t\u00e9rmico de los edificios.<\/p>\n\n<p>Utilizamos simulaciones termodin\u00e1micas de edificios y sistemas, simulaciones CFD, as\u00ed como simulaciones de luz natural y artificial como herramientas para proporcionar un asesoramiento bien fundamentado para edificios resistentes al cambio clim\u00e1tico, energ\u00e9ticamente eficientes y con alto confort para el usuario. Todo con costes de inversi\u00f3n optimizados.<\/p>\n\n<h2 class=\"wp-block-heading\">Nuestros servicios<\/h2>\n\n<ul class=\"wp-block-list\">\n<li>Optimizaci\u00f3n del confort interior en relaci\u00f3n con la temperatura, la radiaci\u00f3n t\u00e9rmica, la humedad y el movimiento del aire<\/li>\n\n\n\n<li>Evaluaci\u00f3n de la calidad del aire interior mediante simulaci\u00f3n<\/li>\n\n\n\n<li>Simulaciones del edificio para la optimizaci\u00f3n, en funci\u00f3n de la demanda, de la potencia instalada de calefacci\u00f3n y refrigeraci\u00f3n, teniendo en cuenta los efectos din\u00e1micos<\/li>\n\n\n\n<li>Simulaciones de instalaciones para la optimizaci\u00f3n del funcionamiento<\/li>\n\n\n\n<li>Desarrollo de estrategias de control para los sistemas de instalaciones<\/li>\n\n\n\n<li>Simulaciones de luz natural para optimizar la distribuci\u00f3n de luz y el confort visual<\/li>\n\n\n\n<li>Simulaciones de luz artificial para evaluar dise\u00f1os de iluminaci\u00f3n<\/li>\n\n\n\n<li>Simulaciones de flujo de aire (CFD) para minimizar el riesgo de corrientes de aire y evitar molestias locales, para probar conceptos de ventilaci\u00f3n y planificar dobles fachadas<\/li>\n\n\n\n<li>Comprobaci\u00f3n de la resistencia al cambio clim\u00e1tico de edificios existentes y en proyecto<\/li>\n\n\n\n<li>Optimizaci\u00f3n de la puesta en servicio y el funcionamiento mediante la comparaci\u00f3n de los resultados de la simulaci\u00f3n y la monitorizaci\u00f3n<\/li>\n<\/ul>\n\n<h2 class=\"wp-block-heading\">Nuestras afiliaciones<\/h2>\n\n<figure class=\"wp-block-image size-full\"><img loading=\"lazy\" decoding=\"async\" width=\"300\" height=\"149\" src=\"https:\/\/www.larix-engineering.at\/wp-content\/uploads\/2024\/05\/Simulation1_IBPSA_Logo.png\" alt=\"\" class=\"wp-image-282831\"\/><\/figure>\n","protected":false},"excerpt":{"rendered":"<p>El dise\u00f1o de edificios suele guiarse por m\u00e9todos estandarizados. Aunque estos m\u00e9todos no son incorrectos, tampoco son \u00f3ptimos. A trav\u00e9s de un modelo de simulaci\u00f3n a medida, alimentado con todos los par\u00e1metros apropiados, podemos obtener resultados lo m\u00e1s cercanos posible a la realidad sobre el rendimiento t\u00e9rmico de los edificios. Utilizamos simulaciones termodin\u00e1micas de edificios [&hellip;]<\/p>\n","protected":false},"author":1,"featured_media":0,"parent":289016,"menu_order":0,"comment_status":"closed","ping_status":"closed","template":"page-template-leistungen.php","meta":{"_acf_changed":false,"_et_pb_use_builder":"off","_et_pb_old_content":"","_et_gb_content_width":"","inline_featured_image":false,"footnotes":""},"difl_page_category":[94],"class_list":["post-289471","page","type-page","status-publish","hentry","difl_page_category-leistungen"],"acf":[],"yoast_head":"<!-- This site is optimized with the Yoast SEO plugin v27.5 - https:\/\/yoast.com\/product\/yoast-seo-wordpress\/ -->\n<title>Simulaci\u00f3n - Larix Engineering<\/title>\n<meta name=\"robots\" content=\"index, follow, max-snippet:-1, max-image-preview:large, max-video-preview:-1\" \/>\n<link rel=\"canonical\" href=\"https:\/\/www.larix-engineering.at\/l\/simulation\/\" \/>\n<meta property=\"og:locale\" content=\"es_ES\" \/>\n<meta property=\"og:type\" content=\"article\" \/>\n<meta property=\"og:title\" content=\"Simulaci\u00f3n - Larix Engineering\" \/>\n<meta property=\"og:description\" content=\"El dise\u00f1o de edificios suele guiarse por m\u00e9todos estandarizados. Aunque estos m\u00e9todos no son incorrectos, tampoco son \u00f3ptimos. A trav\u00e9s de un modelo de simulaci\u00f3n a medida, alimentado con todos los par\u00e1metros apropiados, podemos obtener resultados lo m\u00e1s cercanos posible a la realidad sobre el rendimiento t\u00e9rmico de los edificios. Utilizamos simulaciones termodin\u00e1micas de edificios [&hellip;]\" \/>\n<meta property=\"og:url\" content=\"https:\/\/www.larix-engineering.at\/l\/simulation\/\" \/>\n<meta property=\"og:site_name\" content=\"Larix Engineering\" \/>\n<meta property=\"article:modified_time\" content=\"2025-09-22T15:50:55+00:00\" \/>\n<meta property=\"og:image\" content=\"https:\/\/www.larix-engineering.at\/wp-content\/uploads\/2024\/05\/Simulation1_IBPSA_Logo.png\" \/>\n\t<meta property=\"og:image:width\" content=\"300\" \/>\n\t<meta property=\"og:image:height\" content=\"149\" \/>\n\t<meta property=\"og:image:type\" content=\"image\/png\" \/>\n<meta name=\"twitter:card\" content=\"summary_large_image\" \/>\n<script type=\"application\/ld+json\" class=\"yoast-schema-graph\">{\"@context\":\"https:\\\/\\\/schema.org\",\"@graph\":[{\"@type\":\"WebPage\",\"@id\":\"https:\\\/\\\/www.larix-engineering.at\\\/l\\\/simulation\\\/\",\"url\":\"https:\\\/\\\/www.larix-engineering.at\\\/l\\\/simulation\\\/\",\"name\":\"Simulaci\u00f3n - Larix Engineering\",\"isPartOf\":{\"@id\":\"https:\\\/\\\/www.larix-engineering.at\\\/#website\"},\"primaryImageOfPage\":{\"@id\":\"https:\\\/\\\/www.larix-engineering.at\\\/l\\\/simulation\\\/#primaryimage\"},\"image\":{\"@id\":\"https:\\\/\\\/www.larix-engineering.at\\\/l\\\/simulation\\\/#primaryimage\"},\"thumbnailUrl\":\"https:\\\/\\\/www.larix-engineering.at\\\/wp-content\\\/uploads\\\/2024\\\/05\\\/Simulation1_IBPSA_Logo.png\",\"datePublished\":\"2024-04-18T13:25:24+00:00\",\"dateModified\":\"2025-09-22T15:50:55+00:00\",\"breadcrumb\":{\"@id\":\"https:\\\/\\\/www.larix-engineering.at\\\/l\\\/simulation\\\/#breadcrumb\"},\"inLanguage\":\"es\",\"potentialAction\":[{\"@type\":\"ReadAction\",\"target\":[\"https:\\\/\\\/www.larix-engineering.at\\\/l\\\/simulation\\\/\"]}]},{\"@type\":\"ImageObject\",\"inLanguage\":\"es\",\"@id\":\"https:\\\/\\\/www.larix-engineering.at\\\/l\\\/simulation\\\/#primaryimage\",\"url\":\"https:\\\/\\\/www.larix-engineering.at\\\/wp-content\\\/uploads\\\/2024\\\/05\\\/Simulation1_IBPSA_Logo.png\",\"contentUrl\":\"https:\\\/\\\/www.larix-engineering.at\\\/wp-content\\\/uploads\\\/2024\\\/05\\\/Simulation1_IBPSA_Logo.png\"},{\"@type\":\"BreadcrumbList\",\"@id\":\"https:\\\/\\\/www.larix-engineering.at\\\/l\\\/simulation\\\/#breadcrumb\",\"itemListElement\":[{\"@type\":\"ListItem\",\"position\":1,\"name\":\"Home\",\"item\":\"https:\\\/\\\/www.larix-engineering.at\\\/\"},{\"@type\":\"ListItem\",\"position\":2,\"name\":\"Leistungen \\\/ Fachbereiche\",\"item\":\"https:\\\/\\\/www.larix-engineering.at\\\/es\\\/l\\\/\"},{\"@type\":\"ListItem\",\"position\":3,\"name\":\"Simulaci\u00f3n\"}]},{\"@type\":\"WebSite\",\"@id\":\"https:\\\/\\\/www.larix-engineering.at\\\/#website\",\"url\":\"https:\\\/\\\/www.larix-engineering.at\\\/\",\"name\":\"Larix Engineering\",\"description\":\"sustainable building solutions\",\"publisher\":{\"@id\":\"https:\\\/\\\/www.larix-engineering.at\\\/#organization\"},\"potentialAction\":[{\"@type\":\"SearchAction\",\"target\":{\"@type\":\"EntryPoint\",\"urlTemplate\":\"https:\\\/\\\/www.larix-engineering.at\\\/?s={search_term_string}\"},\"query-input\":{\"@type\":\"PropertyValueSpecification\",\"valueRequired\":true,\"valueName\":\"search_term_string\"}}],\"inLanguage\":\"es\"},{\"@type\":\"Organization\",\"@id\":\"https:\\\/\\\/www.larix-engineering.at\\\/#organization\",\"name\":\"Larix Engineering\",\"url\":\"https:\\\/\\\/www.larix-engineering.at\\\/\",\"logo\":{\"@type\":\"ImageObject\",\"inLanguage\":\"es\",\"@id\":\"https:\\\/\\\/www.larix-engineering.at\\\/#\\\/schema\\\/logo\\\/image\\\/\",\"url\":\"https:\\\/\\\/www.larix-engineering.at\\\/wp-content\\\/uploads\\\/2024\\\/05\\\/cropped-favicon.png\",\"contentUrl\":\"https:\\\/\\\/www.larix-engineering.at\\\/wp-content\\\/uploads\\\/2024\\\/05\\\/cropped-favicon.png\",\"width\":512,\"height\":512,\"caption\":\"Larix Engineering\"},\"image\":{\"@id\":\"https:\\\/\\\/www.larix-engineering.at\\\/#\\\/schema\\\/logo\\\/image\\\/\"}}]}<\/script>\n<!-- \/ Yoast SEO plugin. -->","yoast_head_json":{"title":"Simulaci\u00f3n - Larix Engineering","robots":{"index":"index","follow":"follow","max-snippet":"max-snippet:-1","max-image-preview":"max-image-preview:large","max-video-preview":"max-video-preview:-1"},"canonical":"https:\/\/www.larix-engineering.at\/l\/simulation\/","og_locale":"es_ES","og_type":"article","og_title":"Simulaci\u00f3n - Larix Engineering","og_description":"El dise\u00f1o de edificios suele guiarse por m\u00e9todos estandarizados. Aunque estos m\u00e9todos no son incorrectos, tampoco son \u00f3ptimos. A trav\u00e9s de un modelo de simulaci\u00f3n a medida, alimentado con todos los par\u00e1metros apropiados, podemos obtener resultados lo m\u00e1s cercanos posible a la realidad sobre el rendimiento t\u00e9rmico de los edificios. Utilizamos simulaciones termodin\u00e1micas de edificios [&hellip;]","og_url":"https:\/\/www.larix-engineering.at\/l\/simulation\/","og_site_name":"Larix Engineering","article_modified_time":"2025-09-22T15:50:55+00:00","og_image":[{"width":300,"height":149,"url":"https:\/\/www.larix-engineering.at\/wp-content\/uploads\/2024\/05\/Simulation1_IBPSA_Logo.png","type":"image\/png"}],"twitter_card":"summary_large_image","schema":{"@context":"https:\/\/schema.org","@graph":[{"@type":"WebPage","@id":"https:\/\/www.larix-engineering.at\/l\/simulation\/","url":"https:\/\/www.larix-engineering.at\/l\/simulation\/","name":"Simulaci\u00f3n - Larix Engineering","isPartOf":{"@id":"https:\/\/www.larix-engineering.at\/#website"},"primaryImageOfPage":{"@id":"https:\/\/www.larix-engineering.at\/l\/simulation\/#primaryimage"},"image":{"@id":"https:\/\/www.larix-engineering.at\/l\/simulation\/#primaryimage"},"thumbnailUrl":"https:\/\/www.larix-engineering.at\/wp-content\/uploads\/2024\/05\/Simulation1_IBPSA_Logo.png","datePublished":"2024-04-18T13:25:24+00:00","dateModified":"2025-09-22T15:50:55+00:00","breadcrumb":{"@id":"https:\/\/www.larix-engineering.at\/l\/simulation\/#breadcrumb"},"inLanguage":"es","potentialAction":[{"@type":"ReadAction","target":["https:\/\/www.larix-engineering.at\/l\/simulation\/"]}]},{"@type":"ImageObject","inLanguage":"es","@id":"https:\/\/www.larix-engineering.at\/l\/simulation\/#primaryimage","url":"https:\/\/www.larix-engineering.at\/wp-content\/uploads\/2024\/05\/Simulation1_IBPSA_Logo.png","contentUrl":"https:\/\/www.larix-engineering.at\/wp-content\/uploads\/2024\/05\/Simulation1_IBPSA_Logo.png"},{"@type":"BreadcrumbList","@id":"https:\/\/www.larix-engineering.at\/l\/simulation\/#breadcrumb","itemListElement":[{"@type":"ListItem","position":1,"name":"Home","item":"https:\/\/www.larix-engineering.at\/"},{"@type":"ListItem","position":2,"name":"Leistungen \/ Fachbereiche","item":"https:\/\/www.larix-engineering.at\/es\/l\/"},{"@type":"ListItem","position":3,"name":"Simulaci\u00f3n"}]},{"@type":"WebSite","@id":"https:\/\/www.larix-engineering.at\/#website","url":"https:\/\/www.larix-engineering.at\/","name":"Larix Engineering","description":"sustainable building solutions","publisher":{"@id":"https:\/\/www.larix-engineering.at\/#organization"},"potentialAction":[{"@type":"SearchAction","target":{"@type":"EntryPoint","urlTemplate":"https:\/\/www.larix-engineering.at\/?s={search_term_string}"},"query-input":{"@type":"PropertyValueSpecification","valueRequired":true,"valueName":"search_term_string"}}],"inLanguage":"es"},{"@type":"Organization","@id":"https:\/\/www.larix-engineering.at\/#organization","name":"Larix Engineering","url":"https:\/\/www.larix-engineering.at\/","logo":{"@type":"ImageObject","inLanguage":"es","@id":"https:\/\/www.larix-engineering.at\/#\/schema\/logo\/image\/","url":"https:\/\/www.larix-engineering.at\/wp-content\/uploads\/2024\/05\/cropped-favicon.png","contentUrl":"https:\/\/www.larix-engineering.at\/wp-content\/uploads\/2024\/05\/cropped-favicon.png","width":512,"height":512,"caption":"Larix Engineering"},"image":{"@id":"https:\/\/www.larix-engineering.at\/#\/schema\/logo\/image\/"}}]}},"_links":{"self":[{"href":"https:\/\/www.larix-engineering.at\/es\/wp-json\/wp\/v2\/pages\/289471","targetHints":{"allow":["GET"]}}],"collection":[{"href":"https:\/\/www.larix-engineering.at\/es\/wp-json\/wp\/v2\/pages"}],"about":[{"href":"https:\/\/www.larix-engineering.at\/es\/wp-json\/wp\/v2\/types\/page"}],"author":[{"embeddable":true,"href":"https:\/\/www.larix-engineering.at\/es\/wp-json\/wp\/v2\/users\/1"}],"replies":[{"embeddable":true,"href":"https:\/\/www.larix-engineering.at\/es\/wp-json\/wp\/v2\/comments?post=289471"}],"version-history":[{"count":4,"href":"https:\/\/www.larix-engineering.at\/es\/wp-json\/wp\/v2\/pages\/289471\/revisions"}],"predecessor-version":[{"id":289949,"href":"https:\/\/www.larix-engineering.at\/es\/wp-json\/wp\/v2\/pages\/289471\/revisions\/289949"}],"up":[{"embeddable":true,"href":"https:\/\/www.larix-engineering.at\/es\/wp-json\/wp\/v2\/pages\/289016"}],"wp:attachment":[{"href":"https:\/\/www.larix-engineering.at\/es\/wp-json\/wp\/v2\/media?parent=289471"}],"wp:term":[{"taxonomy":"difl_page_category","embeddable":true,"href":"https:\/\/www.larix-engineering.at\/es\/wp-json\/wp\/v2\/difl_page_category?post=289471"}],"curies":[{"name":"wp","href":"https:\/\/api.w.org\/{rel}","templated":true}]}}