{"id":289468,"date":"2024-04-18T15:20:21","date_gmt":"2024-04-18T13:20:21","guid":{"rendered":"https:\/\/www.larix-engineering.at\/l\/betriebsoptimierung\/"},"modified":"2025-08-12T14:53:36","modified_gmt":"2025-08-12T12:53:36","slug":"optimizacion-del-funcionamiento","status":"publish","type":"page","link":"https:\/\/www.larix-engineering.at\/es\/l\/optimizacion-del-funcionamiento\/","title":{"rendered":"Optimizaci\u00f3n del funcionamiento"},"content":{"rendered":"\n<p>La optimizaci\u00f3n del funcionamiento garantiza que los sistemas cumplan lo prometido en la fase de planificaci\u00f3n.<\/p>\n\n<p>Para ello, creamos conceptos de supervisi\u00f3n, apoyamos la calibraci\u00f3n de sistemas, analizamos los resultados del funcionamiento en curso, creamos simulaciones comparativas de sistemas y desarrollamos estrategias de control.<\/p>\n\n<h2 class=\"wp-block-heading\">Nuestros servicios<\/h2>\n\n<ul class=\"wp-block-list\">\n<li>Creaci\u00f3n de conceptos de monitorizaci\u00f3n<\/li>\n\n\n\n<li>Desarrollo de estrategias de control<\/li>\n\n\n\n<li>Supervisi\u00f3n y optimizaci\u00f3n del funcionamiento, especialmente de sistemas de bombas de calor<\/li>\n<\/ul>\n","protected":false},"excerpt":{"rendered":"<p>La optimizaci\u00f3n del funcionamiento garantiza que los sistemas cumplan lo prometido en la fase de planificaci\u00f3n. Para ello, creamos conceptos de supervisi\u00f3n, apoyamos la calibraci\u00f3n de sistemas, analizamos los resultados del funcionamiento en curso, creamos simulaciones comparativas de sistemas y desarrollamos estrategias de control. Nuestros servicios<\/p>\n","protected":false},"author":1,"featured_media":0,"parent":289016,"menu_order":0,"comment_status":"closed","ping_status":"closed","template":"page-template-leistungen.php","meta":{"_acf_changed":false,"_et_pb_use_builder":"off","_et_pb_old_content":"","_et_gb_content_width":"","inline_featured_image":false,"footnotes":""},"difl_page_category":[94],"class_list":["post-289468","page","type-page","status-publish","hentry","difl_page_category-leistungen"],"acf":[],"yoast_head":"<!-- This site is optimized with the Yoast SEO plugin v27.5 - https:\/\/yoast.com\/product\/yoast-seo-wordpress\/ -->\n<title>Optimizaci\u00f3n del funcionamiento - Larix Engineering<\/title>\n<meta name=\"robots\" content=\"index, follow, max-snippet:-1, max-image-preview:large, max-video-preview:-1\" \/>\n<link rel=\"canonical\" href=\"https:\/\/www.larix-engineering.at\/l\/betriebsoptimierung\/\" \/>\n<meta property=\"og:locale\" content=\"es_ES\" \/>\n<meta property=\"og:type\" content=\"article\" \/>\n<meta property=\"og:title\" content=\"Optimizaci\u00f3n del funcionamiento - Larix Engineering\" \/>\n<meta property=\"og:description\" content=\"La optimizaci\u00f3n del funcionamiento garantiza que los sistemas cumplan lo prometido en la fase de planificaci\u00f3n. Para ello, creamos conceptos de supervisi\u00f3n, apoyamos la calibraci\u00f3n de sistemas, analizamos los resultados del funcionamiento en curso, creamos simulaciones comparativas de sistemas y desarrollamos estrategias de control. Nuestros servicios\" \/>\n<meta property=\"og:url\" content=\"https:\/\/www.larix-engineering.at\/l\/betriebsoptimierung\/\" \/>\n<meta property=\"og:site_name\" content=\"Larix Engineering\" \/>\n<meta property=\"article:modified_time\" content=\"2025-08-12T12:53:36+00:00\" \/>\n<meta name=\"twitter:card\" content=\"summary_large_image\" \/>\n<meta name=\"twitter:label1\" content=\"Tiempo de lectura\" \/>\n\t<meta name=\"twitter:data1\" content=\"2 minutos\" \/>\n<script type=\"application\/ld+json\" class=\"yoast-schema-graph\">{\"@context\":\"https:\\\/\\\/schema.org\",\"@graph\":[{\"@type\":\"WebPage\",\"@id\":\"https:\\\/\\\/www.larix-engineering.at\\\/l\\\/betriebsoptimierung\\\/\",\"url\":\"https:\\\/\\\/www.larix-engineering.at\\\/l\\\/betriebsoptimierung\\\/\",\"name\":\"Optimizaci\u00f3n del funcionamiento - Larix Engineering\",\"isPartOf\":{\"@id\":\"https:\\\/\\\/www.larix-engineering.at\\\/#website\"},\"datePublished\":\"2024-04-18T13:20:21+00:00\",\"dateModified\":\"2025-08-12T12:53:36+00:00\",\"breadcrumb\":{\"@id\":\"https:\\\/\\\/www.larix-engineering.at\\\/l\\\/betriebsoptimierung\\\/#breadcrumb\"},\"inLanguage\":\"es\",\"potentialAction\":[{\"@type\":\"ReadAction\",\"target\":[\"https:\\\/\\\/www.larix-engineering.at\\\/l\\\/betriebsoptimierung\\\/\"]}]},{\"@type\":\"BreadcrumbList\",\"@id\":\"https:\\\/\\\/www.larix-engineering.at\\\/l\\\/betriebsoptimierung\\\/#breadcrumb\",\"itemListElement\":[{\"@type\":\"ListItem\",\"position\":1,\"name\":\"Home\",\"item\":\"https:\\\/\\\/www.larix-engineering.at\\\/\"},{\"@type\":\"ListItem\",\"position\":2,\"name\":\"Leistungen \\\/ Fachbereiche\",\"item\":\"https:\\\/\\\/www.larix-engineering.at\\\/es\\\/l\\\/\"},{\"@type\":\"ListItem\",\"position\":3,\"name\":\"Optimizaci\u00f3n del funcionamiento\"}]},{\"@type\":\"WebSite\",\"@id\":\"https:\\\/\\\/www.larix-engineering.at\\\/#website\",\"url\":\"https:\\\/\\\/www.larix-engineering.at\\\/\",\"name\":\"Larix Engineering\",\"description\":\"sustainable building solutions\",\"publisher\":{\"@id\":\"https:\\\/\\\/www.larix-engineering.at\\\/#organization\"},\"potentialAction\":[{\"@type\":\"SearchAction\",\"target\":{\"@type\":\"EntryPoint\",\"urlTemplate\":\"https:\\\/\\\/www.larix-engineering.at\\\/?s={search_term_string}\"},\"query-input\":{\"@type\":\"PropertyValueSpecification\",\"valueRequired\":true,\"valueName\":\"search_term_string\"}}],\"inLanguage\":\"es\"},{\"@type\":\"Organization\",\"@id\":\"https:\\\/\\\/www.larix-engineering.at\\\/#organization\",\"name\":\"Larix Engineering\",\"url\":\"https:\\\/\\\/www.larix-engineering.at\\\/\",\"logo\":{\"@type\":\"ImageObject\",\"inLanguage\":\"es\",\"@id\":\"https:\\\/\\\/www.larix-engineering.at\\\/#\\\/schema\\\/logo\\\/image\\\/\",\"url\":\"https:\\\/\\\/www.larix-engineering.at\\\/wp-content\\\/uploads\\\/2024\\\/05\\\/cropped-favicon.png\",\"contentUrl\":\"https:\\\/\\\/www.larix-engineering.at\\\/wp-content\\\/uploads\\\/2024\\\/05\\\/cropped-favicon.png\",\"width\":512,\"height\":512,\"caption\":\"Larix Engineering\"},\"image\":{\"@id\":\"https:\\\/\\\/www.larix-engineering.at\\\/#\\\/schema\\\/logo\\\/image\\\/\"}}]}<\/script>\n<!-- \/ Yoast SEO plugin. -->","yoast_head_json":{"title":"Optimizaci\u00f3n del funcionamiento - Larix Engineering","robots":{"index":"index","follow":"follow","max-snippet":"max-snippet:-1","max-image-preview":"max-image-preview:large","max-video-preview":"max-video-preview:-1"},"canonical":"https:\/\/www.larix-engineering.at\/l\/betriebsoptimierung\/","og_locale":"es_ES","og_type":"article","og_title":"Optimizaci\u00f3n del funcionamiento - Larix Engineering","og_description":"La optimizaci\u00f3n del funcionamiento garantiza que los sistemas cumplan lo prometido en la fase de planificaci\u00f3n. Para ello, creamos conceptos de supervisi\u00f3n, apoyamos la calibraci\u00f3n de sistemas, analizamos los resultados del funcionamiento en curso, creamos simulaciones comparativas de sistemas y desarrollamos estrategias de control. Nuestros servicios","og_url":"https:\/\/www.larix-engineering.at\/l\/betriebsoptimierung\/","og_site_name":"Larix Engineering","article_modified_time":"2025-08-12T12:53:36+00:00","twitter_card":"summary_large_image","twitter_misc":{"Tiempo de lectura":"2 minutos"},"schema":{"@context":"https:\/\/schema.org","@graph":[{"@type":"WebPage","@id":"https:\/\/www.larix-engineering.at\/l\/betriebsoptimierung\/","url":"https:\/\/www.larix-engineering.at\/l\/betriebsoptimierung\/","name":"Optimizaci\u00f3n del funcionamiento - Larix Engineering","isPartOf":{"@id":"https:\/\/www.larix-engineering.at\/#website"},"datePublished":"2024-04-18T13:20:21+00:00","dateModified":"2025-08-12T12:53:36+00:00","breadcrumb":{"@id":"https:\/\/www.larix-engineering.at\/l\/betriebsoptimierung\/#breadcrumb"},"inLanguage":"es","potentialAction":[{"@type":"ReadAction","target":["https:\/\/www.larix-engineering.at\/l\/betriebsoptimierung\/"]}]},{"@type":"BreadcrumbList","@id":"https:\/\/www.larix-engineering.at\/l\/betriebsoptimierung\/#breadcrumb","itemListElement":[{"@type":"ListItem","position":1,"name":"Home","item":"https:\/\/www.larix-engineering.at\/"},{"@type":"ListItem","position":2,"name":"Leistungen \/ Fachbereiche","item":"https:\/\/www.larix-engineering.at\/es\/l\/"},{"@type":"ListItem","position":3,"name":"Optimizaci\u00f3n del funcionamiento"}]},{"@type":"WebSite","@id":"https:\/\/www.larix-engineering.at\/#website","url":"https:\/\/www.larix-engineering.at\/","name":"Larix Engineering","description":"sustainable building solutions","publisher":{"@id":"https:\/\/www.larix-engineering.at\/#organization"},"potentialAction":[{"@type":"SearchAction","target":{"@type":"EntryPoint","urlTemplate":"https:\/\/www.larix-engineering.at\/?s={search_term_string}"},"query-input":{"@type":"PropertyValueSpecification","valueRequired":true,"valueName":"search_term_string"}}],"inLanguage":"es"},{"@type":"Organization","@id":"https:\/\/www.larix-engineering.at\/#organization","name":"Larix Engineering","url":"https:\/\/www.larix-engineering.at\/","logo":{"@type":"ImageObject","inLanguage":"es","@id":"https:\/\/www.larix-engineering.at\/#\/schema\/logo\/image\/","url":"https:\/\/www.larix-engineering.at\/wp-content\/uploads\/2024\/05\/cropped-favicon.png","contentUrl":"https:\/\/www.larix-engineering.at\/wp-content\/uploads\/2024\/05\/cropped-favicon.png","width":512,"height":512,"caption":"Larix Engineering"},"image":{"@id":"https:\/\/www.larix-engineering.at\/#\/schema\/logo\/image\/"}}]}},"_links":{"self":[{"href":"https:\/\/www.larix-engineering.at\/es\/wp-json\/wp\/v2\/pages\/289468","targetHints":{"allow":["GET"]}}],"collection":[{"href":"https:\/\/www.larix-engineering.at\/es\/wp-json\/wp\/v2\/pages"}],"about":[{"href":"https:\/\/www.larix-engineering.at\/es\/wp-json\/wp\/v2\/types\/page"}],"author":[{"embeddable":true,"href":"https:\/\/www.larix-engineering.at\/es\/wp-json\/wp\/v2\/users\/1"}],"replies":[{"embeddable":true,"href":"https:\/\/www.larix-engineering.at\/es\/wp-json\/wp\/v2\/comments?post=289468"}],"version-history":[{"count":3,"href":"https:\/\/www.larix-engineering.at\/es\/wp-json\/wp\/v2\/pages\/289468\/revisions"}],"predecessor-version":[{"id":289773,"href":"https:\/\/www.larix-engineering.at\/es\/wp-json\/wp\/v2\/pages\/289468\/revisions\/289773"}],"up":[{"embeddable":true,"href":"https:\/\/www.larix-engineering.at\/es\/wp-json\/wp\/v2\/pages\/289016"}],"wp:attachment":[{"href":"https:\/\/www.larix-engineering.at\/es\/wp-json\/wp\/v2\/media?parent=289468"}],"wp:term":[{"taxonomy":"difl_page_category","embeddable":true,"href":"https:\/\/www.larix-engineering.at\/es\/wp-json\/wp\/v2\/difl_page_category?post=289468"}],"curies":[{"name":"wp","href":"https:\/\/api.w.org\/{rel}","templated":true}]}}