{"id":289467,"date":"2024-03-27T07:43:42","date_gmt":"2024-03-27T06:43:42","guid":{"rendered":"https:\/\/www.larix-engineering.at\/l\/bauphysik\/"},"modified":"2025-08-12T14:40:15","modified_gmt":"2025-08-12T12:40:15","slug":"fisica-de-la-construccion","status":"publish","type":"page","link":"https:\/\/www.larix-engineering.at\/es\/l\/fisica-de-la-construccion\/","title":{"rendered":"F\u00edsica de la construcci\u00f3n"},"content":{"rendered":"\n<p>La f\u00edsica de la construcci\u00f3n incluye el aislamiento t\u00e9rmico, la protecci\u00f3n contra la humedad y el ruido, elementos de protecci\u00f3n contra incendios y, en casos especiales, la ac\u00fastica de salas.<\/p>\n\n<p>Gracias a nuestros conocimientos interdisciplinarios y a nuestra amplia experiencia, respondemos a las necesidades individuales de nuestros clientes y desarrollamos conceptos personalizados e innovadores. Nos centramos en crear soluciones t\u00e9rmicamente optimizadas y, al mismo tiempo, respetuosas con el medio ambiente, que ahorren recursos y que puedan aplicarse f\u00e1cilmente en la obra. Conseguimos todo esto incorporando los elementos clave de la f\u00edsica de la construcci\u00f3n en las primeras fases de planificaci\u00f3n del proyecto.  <\/p>\n\n<p>Mediante el uso de modelos 3D, analizamos los puntos fuertes y d\u00e9biles del dise\u00f1o y desarrollamos propuestas de optimizaci\u00f3n que tienen en cuenta tanto la f\u00edsica del edificio como los aspectos econ\u00f3micos. Estamos a su lado en todas las fases de planificaci\u00f3n, desde el primer boceto hasta el proyecto terminado. <\/p>\n\n<h2 class=\"wp-block-heading\">Nuestros servicios<\/h2>\n\n<ul class=\"wp-block-list\">\n<li>Aislamiento t\u00e9rmico<\/li>\n\n\n\n<li>Protecci\u00f3n contra la humedad<\/li>\n\n\n\n<li>Aislamiento ac\u00fastico<\/li>\n\n\n\n<li>Ac\u00fastica de salas<\/li>\n\n\n\n<li>Consultor\u00eda de construcci\u00f3n ecol\u00f3gica<\/li>\n<\/ul>\n\n<h2 class=\"wp-block-heading\">Nuestras afiliaciones<\/h2>\n\n<figure class=\"wp-block-image size-full\"><img loading=\"lazy\" decoding=\"async\" width=\"774\" height=\"158\" src=\"https:\/\/www.larix-engineering.at\/wp-content\/uploads\/2025\/06\/Element-14.png\" alt=\"\" class=\"wp-image-287735\" srcset=\"https:\/\/www.larix-engineering.at\/wp-content\/uploads\/2025\/06\/Element-14.png 774w, https:\/\/www.larix-engineering.at\/wp-content\/uploads\/2025\/06\/Element-14-480x98.png 480w\" sizes=\"(min-width: 0px) and (max-width: 480px) 480px, (min-width: 481px) 774px, 100vw\" \/><\/figure>\n","protected":false},"excerpt":{"rendered":"<p>La f\u00edsica de la construcci\u00f3n incluye el aislamiento t\u00e9rmico, la protecci\u00f3n contra la humedad y el ruido, elementos de protecci\u00f3n contra incendios y, en casos especiales, la ac\u00fastica de salas. Gracias a nuestros conocimientos interdisciplinarios y a nuestra amplia experiencia, respondemos a las necesidades individuales de nuestros clientes y desarrollamos conceptos personalizados e innovadores. Nos [&hellip;]<\/p>\n","protected":false},"author":1,"featured_media":0,"parent":289016,"menu_order":0,"comment_status":"closed","ping_status":"closed","template":"page-template-leistungen.php","meta":{"_acf_changed":false,"_et_pb_use_builder":"on","_et_pb_old_content":"","_et_gb_content_width":"","inline_featured_image":false,"footnotes":""},"difl_page_category":[94],"class_list":["post-289467","page","type-page","status-publish","hentry","difl_page_category-leistungen"],"acf":[],"yoast_head":"<!-- This site is optimized with the Yoast SEO plugin v27.5 - https:\/\/yoast.com\/product\/yoast-seo-wordpress\/ -->\n<title>F\u00edsica de la construcci\u00f3n - Larix Engineering<\/title>\n<meta name=\"robots\" content=\"index, follow, max-snippet:-1, max-image-preview:large, max-video-preview:-1\" \/>\n<link rel=\"canonical\" href=\"https:\/\/www.larix-engineering.at\/l\/bauphysik\/\" \/>\n<meta property=\"og:locale\" content=\"es_ES\" \/>\n<meta property=\"og:type\" content=\"article\" \/>\n<meta property=\"og:title\" content=\"F\u00edsica de la construcci\u00f3n - Larix Engineering\" \/>\n<meta property=\"og:description\" content=\"La f\u00edsica de la construcci\u00f3n incluye el aislamiento t\u00e9rmico, la protecci\u00f3n contra la humedad y el ruido, elementos de protecci\u00f3n contra incendios y, en casos especiales, la ac\u00fastica de salas. Gracias a nuestros conocimientos interdisciplinarios y a nuestra amplia experiencia, respondemos a las necesidades individuales de nuestros clientes y desarrollamos conceptos personalizados e innovadores. Nos [&hellip;]\" \/>\n<meta property=\"og:url\" content=\"https:\/\/www.larix-engineering.at\/l\/bauphysik\/\" \/>\n<meta property=\"og:site_name\" content=\"Larix Engineering\" \/>\n<meta property=\"article:modified_time\" content=\"2025-08-12T12:40:15+00:00\" \/>\n<meta property=\"og:image\" content=\"https:\/\/www.larix-engineering.at\/wp-content\/uploads\/2025\/06\/Element-14.png\" \/>\n\t<meta property=\"og:image:width\" content=\"774\" \/>\n\t<meta property=\"og:image:height\" content=\"158\" \/>\n\t<meta property=\"og:image:type\" content=\"image\/png\" \/>\n<meta name=\"twitter:card\" content=\"summary_large_image\" \/>\n<meta name=\"twitter:label1\" content=\"Tiempo de lectura\" \/>\n\t<meta name=\"twitter:data1\" content=\"1 minuto\" \/>\n<script type=\"application\/ld+json\" class=\"yoast-schema-graph\">{\"@context\":\"https:\\\/\\\/schema.org\",\"@graph\":[{\"@type\":\"WebPage\",\"@id\":\"https:\\\/\\\/www.larix-engineering.at\\\/l\\\/bauphysik\\\/\",\"url\":\"https:\\\/\\\/www.larix-engineering.at\\\/l\\\/bauphysik\\\/\",\"name\":\"F\u00edsica de la construcci\u00f3n - Larix Engineering\",\"isPartOf\":{\"@id\":\"https:\\\/\\\/www.larix-engineering.at\\\/#website\"},\"primaryImageOfPage\":{\"@id\":\"https:\\\/\\\/www.larix-engineering.at\\\/l\\\/bauphysik\\\/#primaryimage\"},\"image\":{\"@id\":\"https:\\\/\\\/www.larix-engineering.at\\\/l\\\/bauphysik\\\/#primaryimage\"},\"thumbnailUrl\":\"https:\\\/\\\/www.larix-engineering.at\\\/wp-content\\\/uploads\\\/2025\\\/06\\\/Element-14.png\",\"datePublished\":\"2024-03-27T06:43:42+00:00\",\"dateModified\":\"2025-08-12T12:40:15+00:00\",\"breadcrumb\":{\"@id\":\"https:\\\/\\\/www.larix-engineering.at\\\/l\\\/bauphysik\\\/#breadcrumb\"},\"inLanguage\":\"es\",\"potentialAction\":[{\"@type\":\"ReadAction\",\"target\":[\"https:\\\/\\\/www.larix-engineering.at\\\/l\\\/bauphysik\\\/\"]}]},{\"@type\":\"ImageObject\",\"inLanguage\":\"es\",\"@id\":\"https:\\\/\\\/www.larix-engineering.at\\\/l\\\/bauphysik\\\/#primaryimage\",\"url\":\"https:\\\/\\\/www.larix-engineering.at\\\/wp-content\\\/uploads\\\/2025\\\/06\\\/Element-14.png\",\"contentUrl\":\"https:\\\/\\\/www.larix-engineering.at\\\/wp-content\\\/uploads\\\/2025\\\/06\\\/Element-14.png\"},{\"@type\":\"BreadcrumbList\",\"@id\":\"https:\\\/\\\/www.larix-engineering.at\\\/l\\\/bauphysik\\\/#breadcrumb\",\"itemListElement\":[{\"@type\":\"ListItem\",\"position\":1,\"name\":\"Home\",\"item\":\"https:\\\/\\\/www.larix-engineering.at\\\/\"},{\"@type\":\"ListItem\",\"position\":2,\"name\":\"Leistungen \\\/ Fachbereiche\",\"item\":\"https:\\\/\\\/www.larix-engineering.at\\\/es\\\/l\\\/\"},{\"@type\":\"ListItem\",\"position\":3,\"name\":\"F\u00edsica de la construcci\u00f3n\"}]},{\"@type\":\"WebSite\",\"@id\":\"https:\\\/\\\/www.larix-engineering.at\\\/#website\",\"url\":\"https:\\\/\\\/www.larix-engineering.at\\\/\",\"name\":\"Larix Engineering\",\"description\":\"sustainable building solutions\",\"publisher\":{\"@id\":\"https:\\\/\\\/www.larix-engineering.at\\\/#organization\"},\"potentialAction\":[{\"@type\":\"SearchAction\",\"target\":{\"@type\":\"EntryPoint\",\"urlTemplate\":\"https:\\\/\\\/www.larix-engineering.at\\\/?s={search_term_string}\"},\"query-input\":{\"@type\":\"PropertyValueSpecification\",\"valueRequired\":true,\"valueName\":\"search_term_string\"}}],\"inLanguage\":\"es\"},{\"@type\":\"Organization\",\"@id\":\"https:\\\/\\\/www.larix-engineering.at\\\/#organization\",\"name\":\"Larix Engineering\",\"url\":\"https:\\\/\\\/www.larix-engineering.at\\\/\",\"logo\":{\"@type\":\"ImageObject\",\"inLanguage\":\"es\",\"@id\":\"https:\\\/\\\/www.larix-engineering.at\\\/#\\\/schema\\\/logo\\\/image\\\/\",\"url\":\"https:\\\/\\\/www.larix-engineering.at\\\/wp-content\\\/uploads\\\/2024\\\/05\\\/cropped-favicon.png\",\"contentUrl\":\"https:\\\/\\\/www.larix-engineering.at\\\/wp-content\\\/uploads\\\/2024\\\/05\\\/cropped-favicon.png\",\"width\":512,\"height\":512,\"caption\":\"Larix Engineering\"},\"image\":{\"@id\":\"https:\\\/\\\/www.larix-engineering.at\\\/#\\\/schema\\\/logo\\\/image\\\/\"}}]}<\/script>\n<!-- \/ Yoast SEO plugin. -->","yoast_head_json":{"title":"F\u00edsica de la construcci\u00f3n - Larix Engineering","robots":{"index":"index","follow":"follow","max-snippet":"max-snippet:-1","max-image-preview":"max-image-preview:large","max-video-preview":"max-video-preview:-1"},"canonical":"https:\/\/www.larix-engineering.at\/l\/bauphysik\/","og_locale":"es_ES","og_type":"article","og_title":"F\u00edsica de la construcci\u00f3n - Larix Engineering","og_description":"La f\u00edsica de la construcci\u00f3n incluye el aislamiento t\u00e9rmico, la protecci\u00f3n contra la humedad y el ruido, elementos de protecci\u00f3n contra incendios y, en casos especiales, la ac\u00fastica de salas. Gracias a nuestros conocimientos interdisciplinarios y a nuestra amplia experiencia, respondemos a las necesidades individuales de nuestros clientes y desarrollamos conceptos personalizados e innovadores. Nos [&hellip;]","og_url":"https:\/\/www.larix-engineering.at\/l\/bauphysik\/","og_site_name":"Larix Engineering","article_modified_time":"2025-08-12T12:40:15+00:00","og_image":[{"width":774,"height":158,"url":"https:\/\/www.larix-engineering.at\/wp-content\/uploads\/2025\/06\/Element-14.png","type":"image\/png"}],"twitter_card":"summary_large_image","twitter_misc":{"Tiempo de lectura":"1 minuto"},"schema":{"@context":"https:\/\/schema.org","@graph":[{"@type":"WebPage","@id":"https:\/\/www.larix-engineering.at\/l\/bauphysik\/","url":"https:\/\/www.larix-engineering.at\/l\/bauphysik\/","name":"F\u00edsica de la construcci\u00f3n - Larix Engineering","isPartOf":{"@id":"https:\/\/www.larix-engineering.at\/#website"},"primaryImageOfPage":{"@id":"https:\/\/www.larix-engineering.at\/l\/bauphysik\/#primaryimage"},"image":{"@id":"https:\/\/www.larix-engineering.at\/l\/bauphysik\/#primaryimage"},"thumbnailUrl":"https:\/\/www.larix-engineering.at\/wp-content\/uploads\/2025\/06\/Element-14.png","datePublished":"2024-03-27T06:43:42+00:00","dateModified":"2025-08-12T12:40:15+00:00","breadcrumb":{"@id":"https:\/\/www.larix-engineering.at\/l\/bauphysik\/#breadcrumb"},"inLanguage":"es","potentialAction":[{"@type":"ReadAction","target":["https:\/\/www.larix-engineering.at\/l\/bauphysik\/"]}]},{"@type":"ImageObject","inLanguage":"es","@id":"https:\/\/www.larix-engineering.at\/l\/bauphysik\/#primaryimage","url":"https:\/\/www.larix-engineering.at\/wp-content\/uploads\/2025\/06\/Element-14.png","contentUrl":"https:\/\/www.larix-engineering.at\/wp-content\/uploads\/2025\/06\/Element-14.png"},{"@type":"BreadcrumbList","@id":"https:\/\/www.larix-engineering.at\/l\/bauphysik\/#breadcrumb","itemListElement":[{"@type":"ListItem","position":1,"name":"Home","item":"https:\/\/www.larix-engineering.at\/"},{"@type":"ListItem","position":2,"name":"Leistungen \/ Fachbereiche","item":"https:\/\/www.larix-engineering.at\/es\/l\/"},{"@type":"ListItem","position":3,"name":"F\u00edsica de la construcci\u00f3n"}]},{"@type":"WebSite","@id":"https:\/\/www.larix-engineering.at\/#website","url":"https:\/\/www.larix-engineering.at\/","name":"Larix Engineering","description":"sustainable building solutions","publisher":{"@id":"https:\/\/www.larix-engineering.at\/#organization"},"potentialAction":[{"@type":"SearchAction","target":{"@type":"EntryPoint","urlTemplate":"https:\/\/www.larix-engineering.at\/?s={search_term_string}"},"query-input":{"@type":"PropertyValueSpecification","valueRequired":true,"valueName":"search_term_string"}}],"inLanguage":"es"},{"@type":"Organization","@id":"https:\/\/www.larix-engineering.at\/#organization","name":"Larix Engineering","url":"https:\/\/www.larix-engineering.at\/","logo":{"@type":"ImageObject","inLanguage":"es","@id":"https:\/\/www.larix-engineering.at\/#\/schema\/logo\/image\/","url":"https:\/\/www.larix-engineering.at\/wp-content\/uploads\/2024\/05\/cropped-favicon.png","contentUrl":"https:\/\/www.larix-engineering.at\/wp-content\/uploads\/2024\/05\/cropped-favicon.png","width":512,"height":512,"caption":"Larix Engineering"},"image":{"@id":"https:\/\/www.larix-engineering.at\/#\/schema\/logo\/image\/"}}]}},"_links":{"self":[{"href":"https:\/\/www.larix-engineering.at\/es\/wp-json\/wp\/v2\/pages\/289467","targetHints":{"allow":["GET"]}}],"collection":[{"href":"https:\/\/www.larix-engineering.at\/es\/wp-json\/wp\/v2\/pages"}],"about":[{"href":"https:\/\/www.larix-engineering.at\/es\/wp-json\/wp\/v2\/types\/page"}],"author":[{"embeddable":true,"href":"https:\/\/www.larix-engineering.at\/es\/wp-json\/wp\/v2\/users\/1"}],"replies":[{"embeddable":true,"href":"https:\/\/www.larix-engineering.at\/es\/wp-json\/wp\/v2\/comments?post=289467"}],"version-history":[{"count":3,"href":"https:\/\/www.larix-engineering.at\/es\/wp-json\/wp\/v2\/pages\/289467\/revisions"}],"predecessor-version":[{"id":289766,"href":"https:\/\/www.larix-engineering.at\/es\/wp-json\/wp\/v2\/pages\/289467\/revisions\/289766"}],"up":[{"embeddable":true,"href":"https:\/\/www.larix-engineering.at\/es\/wp-json\/wp\/v2\/pages\/289016"}],"wp:attachment":[{"href":"https:\/\/www.larix-engineering.at\/es\/wp-json\/wp\/v2\/media?parent=289467"}],"wp:term":[{"taxonomy":"difl_page_category","embeddable":true,"href":"https:\/\/www.larix-engineering.at\/es\/wp-json\/wp\/v2\/difl_page_category?post=289467"}],"curies":[{"name":"wp","href":"https:\/\/api.w.org\/{rel}","templated":true}]}}