{"id":289462,"date":"2025-05-27T11:37:21","date_gmt":"2025-05-27T09:37:21","guid":{"rendered":"https:\/\/www.larix-engineering.at\/karriere_betriebsoptimierung\/"},"modified":"2025-08-05T20:47:29","modified_gmt":"2025-08-05T18:47:29","slug":"karriere_betriebsoptimierung","status":"publish","type":"page","link":"https:\/\/www.larix-engineering.at\/es\/karriere_betriebsoptimierung\/","title":{"rendered":"Karriere_Betriebsoptimierung"},"content":{"rendered":"<p>[et_pb_section fb_built=\u00bb1&#8243; _builder_version=\u00bb4.25.1&#8243; _module_preset=\u00bbdefault\u00bb custom_margin=\u00bb||0px||false|false\u00bb custom_padding=\u00bb||0px||false|false\u00bb global_colors_info=\u00bb{}\u00bb][et_pb_row _builder_version=\u00bb4.25.1&#8243; _module_preset=\u00bbdefault\u00bb module_alignment=\u00bbcenter\u00bb custom_margin=\u00bb||0px||false|false\u00bb custom_padding=\u00bb||0px||false|false\u00bb global_colors_info=\u00bb{}\u00bb][et_pb_column type=\u00bb4_4&#8243; _builder_version=\u00bb4.24.3&#8243; _module_preset=\u00bbdefault\u00bb global_colors_info=\u00bb{}\u00bb][et_pb_image src=\u00bbhttps:\/\/www.larix-engineering.at\/wp-content\/uploads\/2024\/06\/karriere.jpg\u00bb title_text=\u00bbkarriere\u00bb _builder_version=\u00bb4.25.1&#8243; _module_preset=\u00bbdefault\u00bb height_tablet=\u00bb\u00bb height_phone=\u00bb\u00bb height_last_edited=\u00bbon|desktop\u00bb max_height_tablet=\u00bb\u00bb max_height_phone=\u00bb\u00bb max_height_last_edited=\u00bbon|desktop\u00bb custom_margin=\u00bb40px||25px||false|false\u00bb custom_margin_tablet=\u00bb40px||25px||false|false\u00bb custom_margin_phone=\u00bb40px||25px||false|false\u00bb custom_margin_last_edited=\u00bbon|desktop\u00bb custom_padding=\u00bb||||false|false\u00bb global_colors_info=\u00bb{}\u00bb][\/et_pb_image][\/et_pb_column][\/et_pb_row][\/et_pb_section][et_pb_section fb_built=\u00bb1&#8243; _builder_version=\u00bb4.25.1&#8243; _module_preset=\u00bbdefault\u00bb custom_margin=\u00bb0px||||false|false\u00bb custom_padding=\u00bb0px||0px||false|false\u00bb global_colors_info=\u00bb{}\u00bb][et_pb_row column_structure=\u00bb3_5,2_5&#8243; _builder_version=\u00bb4.25.1&#8243; _module_preset=\u00bbdefault\u00bb module_alignment=\u00bbcenter\u00bb custom_margin=\u00bb0px||||false|false\u00bb custom_padding=\u00bb0px||||false|false\u00bb global_colors_info=\u00bb{}\u00bb][et_pb_column type=\u00bb3_5&#8243; _builder_version=\u00bb4.24.3&#8243; _module_preset=\u00bbdefault\u00bb global_colors_info=\u00bb{}\u00bb][et_pb_text _builder_version=\u00bb4.25.1&#8243; _dynamic_attributes=\u00bbcontent\u00bb _module_preset=\u00bbdefault\u00bb text_font=\u00bbproxima-nova||||||||\u00bb text_text_color=\u00bb#103741&#8243; text_font_size=\u00bb15px\u00bb text_line_height=\u00bb24px\u00bb link_text_color=\u00bb#103741&#8243; custom_margin=\u00bb||25px||false|false\u00bb custom_margin_tablet=\u00bb||25px||false|false\u00bb custom_margin_phone=\u00bb||25px||false|false\u00bb custom_margin_last_edited=\u00bbon|desktop\u00bb custom_padding=\u00bb0px||||false|false\u00bb text_font_size_last_edited=\u00bboff|desktop\u00bb text_line_height_tablet=\u00bb24px\u00bb text_line_height_phone=\u00bb24px\u00bb text_line_height_last_edited=\u00bboff|desktop\u00bb locked=\u00bboff\u00bb global_colors_info=\u00bb{}\u00bb]@ET-DC@eyJkeW5hbWljIjp0cnVlLCJjb250ZW50IjoicG9zdF90aXRsZSIsInNldHRpbmdzIjp7ImJlZm9yZSI6IjxhIGhyZWY9XCIvaG9tZS9cIj5Ib21lPC9hPi9cdTAwZGNiZXIgdW5zLyIsImFmdGVyIjoiIn19@[\/et_pb_text][et_pb_text _builder_version=\u00bb4.27.0&#8243; _module_preset=\u00bbdefault\u00bb header_font=\u00bbuniviraproregular|500|||||||\u00bb header_text_color=\u00bb#478a5e\u00bb header_font_size=\u00bb35px\u00bb header_line_height=\u00bb35px\u00bb custom_margin=\u00bb0px||25px||false|false\u00bb header_font_size_tablet=\u00bb35px\u00bb header_font_size_phone=\u00bb30px\u00bb header_font_size_last_edited=\u00bbon|phone\u00bb header_line_height_tablet=\u00bb35px\u00bb header_line_height_phone=\u00bb30px\u00bb header_line_height_last_edited=\u00bbon|desktop\u00bb global_colors_info=\u00bb{}\u00bb]<\/p>\n<h1>Projektleiter:in Betriebsoptimierung<\/h1>\n<p><span style=\"font-size: large;\"><strong>Vollzeit\/Teilzeit (m\/w\/d)<\/strong><\/span>\u00a0<\/p>\n<p>[\/et_pb_text][et_pb_text _builder_version=\u00bb4.27.4&#8243; _module_preset=\u00bbdefault\u00bb text_font=\u00bbproxima-nova||||||||\u00bb text_text_color=\u00bb#103741&#8243; text_font_size=\u00bb22px\u00bb text_line_height=\u00bb36px\u00bb ul_font_size=\u00bb22px\u00bb ul_line_height=\u00bb36px\u00bb custom_margin=\u00bb0px||0px||true|false\u00bb custom_padding=\u00bb4px||4px||true|false\u00bb text_font_size_tablet=\u00bb26px\u00bb text_font_size_phone=\u00bb15px\u00bb text_font_size_last_edited=\u00bbon|phone\u00bb text_line_height_tablet=\u00bb36px\u00bb text_line_height_phone=\u00bb24px\u00bb text_line_height_last_edited=\u00bbon|desktop\u00bb ul_font_size_tablet=\u00bb22px\u00bb ul_font_size_phone=\u00bb15px\u00bb ul_font_size_last_edited=\u00bbon|phone\u00bb ul_line_height_tablet=\u00bb36px\u00bb ul_line_height_phone=\u00bb24px\u00bb ul_line_height_last_edited=\u00bbon|phone\u00bb locked=\u00bboff\u00bb global_colors_info=\u00bb{}\u00bb]<\/p>\n<p>Wir sind ein erfolgreiches Technisches B\u00fcro im Bereich des nachhaltigen Bauens. Aktuell suchen wir eine engagierte und qualifizierte Person f\u00fcr unseren Fachbereich Energie.<br \/>Wir beraten Architekturb\u00fcros und Immobilienentwickelnde zu Geb\u00e4uden, die mehr k\u00f6nnen und weniger brauchen: Wohngeb\u00e4ude, B\u00fcros, Sonderbauten und ganze Stadtquartiere.<br \/>Mit unserer Arbeit wollen wir den Klimawandel bremsen und Geb\u00e4ude f\u00f6rdern, die jetzt und auch in einer Klimawandel-Zukunft einen hohen Komfort bieten.<\/p>\n<p><strong>Was dich erwartet \u2013 Deine Aufgaben:<\/strong><\/p>\n<ul>\n<li>Mitarbeit bei nationalen und fallweise internationalen Projekten<\/li>\n<li>Erstellung von Regelungs- und Monitoringkonzepten<\/li>\n<li>Monitoring und Betriebsoptimierung von W\u00e4rmepumpenanlagen<\/li>\n<li>Mitwirken bei der Erstellung von ganzheitlichen, innovativen Energiekonzepten f\u00fcr klimapositive Neubauten<\/li>\n<li>Mitwirken bei der Erstellung von Heizungsumstellung und Sanierungskonzepten f\u00fcr die Dekarbonisierung des Geb\u00e4udebestands<\/li>\n<li><span style=\"font-size: 22px;\">Beratung unserer Auftraggebenden hin zu fossilfreien und nachhaltigen W\u00e4rme- und K\u00e4lteversorgungssystemen<\/span><\/li>\n<\/ul>\n<p><strong>Was du mitbringst \u2013 Deine Qualifikationen<\/strong><\/p>\n<ul>\n<li>Fachkompetenz und Berufserfahrung im Bereich Erneuerbare W\u00e4rme und K\u00e4lteversorgung<\/li>\n<li>Kenntnisse im Bereich Bauphysik\u00a0w\u00fcnschenswert<\/li>\n<li>Affinit\u00e4t zu den Zielen umfassend nachhaltiger Geb\u00e4udeoptimierung<\/li>\n<li>Freude an der Planung und Konzeption innovativer L\u00f6sungen mit der Flexibilit\u00e4t sich in neue Themen eigenst\u00e4ndig einzuarbeiten<\/li>\n<li>\u00dcberzeugendes Auftreten und sichere Kommunikation mit Auftraggebenden<\/li>\n<\/ul>\n<p><strong>Was wir bieten \u2013 Dein Benefit:<\/strong><\/p>\n<ul>\n<li>Mitarbeit in einem motivierten, dynamischen und \u00e4u\u00dferst kollegialen Team<\/li>\n<li>Verantwortungsvolle und abwechslungsreiche T\u00e4tigkeit<\/li>\n<li>M\u00f6glichkeiten zur pers\u00f6nlichen Weiterbildung<\/li>\n<li>Einen Platz im Einsatz f\u00fcr eine klimafreundliche Zukunft<\/li>\n<li>Einen attraktiven Arbeitsplatz im Zentrum von Wien und (auf Wunsch) die Kombination mit Homeoffice<\/li>\n<li>Vollzeit oder Teilzeit (ab 25 h\/Woche)<\/li>\n<li>Attraktive Sozialleistungen (ergonomische Arbeitspl\u00e4tze, frisches Obst, Kaffee und Tee, voll ausgestattete B\u00fcrok\u00fcche, firmeninterne Teambuilding- und Freizeitveranstaltungen)<\/li>\n<li>Beteiligung an den Kosten f\u00fcr \u00f6ffentliche Verkehrsmittel (Jobticket\/Jahreskarte)<\/li>\n<li>Jahreserfolgspr\u00e4mie beim erreichten Unternehmensumsatzziel<\/li>\n<li>Klare Bereitschaft zur \u00dcberzahlung des Kollektivvertrags<br \/>bei entsprechender Qualifikation Berufserfahrung.<\/li>\n<li>Kollektivvertragliches Jahres Mindestgehalt brutto betr\u00e4gt 45.990, &#8211; Euro<br \/>(VWG 4 im 3. Jahr, KV f\u00fcr Information und Consulting Angestellte)<\/li>\n<\/ul>\n<p>Bewerbung mit Motivationsschreiben und Lebenslauf bitte an:<\/p>\n<p><a href=\"mailto:knittel@larix-engineering.at\">knittel@larix-engineering.at<\/a> <span style=\"color: #103741;\">und<\/span> <a href=\"mailto:mail@larix-engineering.at\">mail@larix-engineering.at<\/a><\/p>\n<p>[\/et_pb_text][\/et_pb_column][et_pb_column type=\u00bb2_5&#8243; _builder_version=\u00bb4.24.3&#8243; _module_preset=\u00bbdefault\u00bb global_colors_info=\u00bb{}\u00bb][\/et_pb_column][\/et_pb_row][\/et_pb_section]<\/p>\n","protected":false},"excerpt":{"rendered":"<p>Projektleiter:in Betriebsoptimierung Vollzeit\/Teilzeit (m\/w\/d)\u00a0Wir sind ein erfolgreiches Technisches B\u00fcro im Bereich des nachhaltigen Bauens. Aktuell suchen wir eine engagierte und qualifizierte Person f\u00fcr unseren Fachbereich Energie.Wir beraten Architekturb\u00fcros und Immobilienentwickelnde zu Geb\u00e4uden, die mehr k\u00f6nnen und weniger brauchen: Wohngeb\u00e4ude, B\u00fcros, Sonderbauten und ganze Stadtquartiere.Mit unserer Arbeit wollen wir den Klimawandel bremsen und Geb\u00e4ude f\u00f6rdern, die [&hellip;]<\/p>\n","protected":false},"author":6,"featured_media":0,"parent":0,"menu_order":0,"comment_status":"closed","ping_status":"closed","template":"","meta":{"_acf_changed":false,"_et_pb_use_builder":"on","_et_pb_old_content":"","_et_gb_content_width":"","inline_featured_image":false,"footnotes":""},"difl_page_category":[],"class_list":["post-289462","page","type-page","status-publish","hentry"],"acf":[],"yoast_head":"<!-- This site is optimized with the Yoast SEO plugin v27.4 - https:\/\/yoast.com\/product\/yoast-seo-wordpress\/ -->\n<title>Karriere_Betriebsoptimierung - Larix Engineering<\/title>\n<meta name=\"robots\" content=\"index, follow, max-snippet:-1, max-image-preview:large, max-video-preview:-1\" \/>\n<link rel=\"canonical\" href=\"https:\/\/www.larix-engineering.at\/es\/karriere_betriebsoptimierung\/\" \/>\n<meta property=\"og:locale\" content=\"es_ES\" \/>\n<meta property=\"og:type\" content=\"article\" \/>\n<meta property=\"og:title\" content=\"Karriere_Betriebsoptimierung - Larix Engineering\" \/>\n<meta property=\"og:description\" content=\"Projektleiter:in Betriebsoptimierung Vollzeit\/Teilzeit (m\/w\/d)\u00a0Wir sind ein erfolgreiches Technisches B\u00fcro im Bereich des nachhaltigen Bauens. Aktuell suchen wir eine engagierte und qualifizierte Person f\u00fcr unseren Fachbereich Energie.Wir beraten Architekturb\u00fcros und Immobilienentwickelnde zu Geb\u00e4uden, die mehr k\u00f6nnen und weniger brauchen: Wohngeb\u00e4ude, B\u00fcros, Sonderbauten und ganze Stadtquartiere.Mit unserer Arbeit wollen wir den Klimawandel bremsen und Geb\u00e4ude f\u00f6rdern, die [&hellip;]\" \/>\n<meta property=\"og:url\" content=\"https:\/\/www.larix-engineering.at\/es\/karriere_betriebsoptimierung\/\" \/>\n<meta property=\"og:site_name\" content=\"Larix Engineering\" \/>\n<meta property=\"article:modified_time\" content=\"2025-08-05T18:47:29+00:00\" \/>\n<meta name=\"twitter:card\" content=\"summary_large_image\" \/>\n<meta name=\"twitter:label1\" content=\"Tiempo de lectura\" \/>\n\t<meta name=\"twitter:data1\" content=\"2 minutos\" \/>\n<script type=\"application\/ld+json\" class=\"yoast-schema-graph\">{\"@context\":\"https:\\\/\\\/schema.org\",\"@graph\":[{\"@type\":\"WebPage\",\"@id\":\"https:\\\/\\\/www.larix-engineering.at\\\/es\\\/karriere_betriebsoptimierung\\\/\",\"url\":\"https:\\\/\\\/www.larix-engineering.at\\\/es\\\/karriere_betriebsoptimierung\\\/\",\"name\":\"Karriere_Betriebsoptimierung - Larix Engineering\",\"isPartOf\":{\"@id\":\"https:\\\/\\\/www.larix-engineering.at\\\/#website\"},\"datePublished\":\"2025-05-27T09:37:21+00:00\",\"dateModified\":\"2025-08-05T18:47:29+00:00\",\"breadcrumb\":{\"@id\":\"https:\\\/\\\/www.larix-engineering.at\\\/es\\\/karriere_betriebsoptimierung\\\/#breadcrumb\"},\"inLanguage\":\"es\",\"potentialAction\":[{\"@type\":\"ReadAction\",\"target\":[\"https:\\\/\\\/www.larix-engineering.at\\\/es\\\/karriere_betriebsoptimierung\\\/\"]}]},{\"@type\":\"BreadcrumbList\",\"@id\":\"https:\\\/\\\/www.larix-engineering.at\\\/es\\\/karriere_betriebsoptimierung\\\/#breadcrumb\",\"itemListElement\":[{\"@type\":\"ListItem\",\"position\":1,\"name\":\"Home\",\"item\":\"https:\\\/\\\/www.larix-engineering.at\\\/\"},{\"@type\":\"ListItem\",\"position\":2,\"name\":\"Karriere_Betriebsoptimierung\"}]},{\"@type\":\"WebSite\",\"@id\":\"https:\\\/\\\/www.larix-engineering.at\\\/#website\",\"url\":\"https:\\\/\\\/www.larix-engineering.at\\\/\",\"name\":\"Larix Engineering\",\"description\":\"sustainable building solutions\",\"publisher\":{\"@id\":\"https:\\\/\\\/www.larix-engineering.at\\\/#organization\"},\"potentialAction\":[{\"@type\":\"SearchAction\",\"target\":{\"@type\":\"EntryPoint\",\"urlTemplate\":\"https:\\\/\\\/www.larix-engineering.at\\\/?s={search_term_string}\"},\"query-input\":{\"@type\":\"PropertyValueSpecification\",\"valueRequired\":true,\"valueName\":\"search_term_string\"}}],\"inLanguage\":\"es\"},{\"@type\":\"Organization\",\"@id\":\"https:\\\/\\\/www.larix-engineering.at\\\/#organization\",\"name\":\"Larix Engineering\",\"url\":\"https:\\\/\\\/www.larix-engineering.at\\\/\",\"logo\":{\"@type\":\"ImageObject\",\"inLanguage\":\"es\",\"@id\":\"https:\\\/\\\/www.larix-engineering.at\\\/#\\\/schema\\\/logo\\\/image\\\/\",\"url\":\"https:\\\/\\\/www.larix-engineering.at\\\/wp-content\\\/uploads\\\/2024\\\/05\\\/cropped-favicon.png\",\"contentUrl\":\"https:\\\/\\\/www.larix-engineering.at\\\/wp-content\\\/uploads\\\/2024\\\/05\\\/cropped-favicon.png\",\"width\":512,\"height\":512,\"caption\":\"Larix Engineering\"},\"image\":{\"@id\":\"https:\\\/\\\/www.larix-engineering.at\\\/#\\\/schema\\\/logo\\\/image\\\/\"}}]}<\/script>\n<!-- \/ Yoast SEO plugin. -->","yoast_head_json":{"title":"Karriere_Betriebsoptimierung - Larix Engineering","robots":{"index":"index","follow":"follow","max-snippet":"max-snippet:-1","max-image-preview":"max-image-preview:large","max-video-preview":"max-video-preview:-1"},"canonical":"https:\/\/www.larix-engineering.at\/es\/karriere_betriebsoptimierung\/","og_locale":"es_ES","og_type":"article","og_title":"Karriere_Betriebsoptimierung - Larix Engineering","og_description":"Projektleiter:in Betriebsoptimierung Vollzeit\/Teilzeit (m\/w\/d)\u00a0Wir sind ein erfolgreiches Technisches B\u00fcro im Bereich des nachhaltigen Bauens. Aktuell suchen wir eine engagierte und qualifizierte Person f\u00fcr unseren Fachbereich Energie.Wir beraten Architekturb\u00fcros und Immobilienentwickelnde zu Geb\u00e4uden, die mehr k\u00f6nnen und weniger brauchen: Wohngeb\u00e4ude, B\u00fcros, Sonderbauten und ganze Stadtquartiere.Mit unserer Arbeit wollen wir den Klimawandel bremsen und Geb\u00e4ude f\u00f6rdern, die [&hellip;]","og_url":"https:\/\/www.larix-engineering.at\/es\/karriere_betriebsoptimierung\/","og_site_name":"Larix Engineering","article_modified_time":"2025-08-05T18:47:29+00:00","twitter_card":"summary_large_image","twitter_misc":{"Tiempo de lectura":"2 minutos"},"schema":{"@context":"https:\/\/schema.org","@graph":[{"@type":"WebPage","@id":"https:\/\/www.larix-engineering.at\/es\/karriere_betriebsoptimierung\/","url":"https:\/\/www.larix-engineering.at\/es\/karriere_betriebsoptimierung\/","name":"Karriere_Betriebsoptimierung - Larix Engineering","isPartOf":{"@id":"https:\/\/www.larix-engineering.at\/#website"},"datePublished":"2025-05-27T09:37:21+00:00","dateModified":"2025-08-05T18:47:29+00:00","breadcrumb":{"@id":"https:\/\/www.larix-engineering.at\/es\/karriere_betriebsoptimierung\/#breadcrumb"},"inLanguage":"es","potentialAction":[{"@type":"ReadAction","target":["https:\/\/www.larix-engineering.at\/es\/karriere_betriebsoptimierung\/"]}]},{"@type":"BreadcrumbList","@id":"https:\/\/www.larix-engineering.at\/es\/karriere_betriebsoptimierung\/#breadcrumb","itemListElement":[{"@type":"ListItem","position":1,"name":"Home","item":"https:\/\/www.larix-engineering.at\/"},{"@type":"ListItem","position":2,"name":"Karriere_Betriebsoptimierung"}]},{"@type":"WebSite","@id":"https:\/\/www.larix-engineering.at\/#website","url":"https:\/\/www.larix-engineering.at\/","name":"Larix Engineering","description":"sustainable building solutions","publisher":{"@id":"https:\/\/www.larix-engineering.at\/#organization"},"potentialAction":[{"@type":"SearchAction","target":{"@type":"EntryPoint","urlTemplate":"https:\/\/www.larix-engineering.at\/?s={search_term_string}"},"query-input":{"@type":"PropertyValueSpecification","valueRequired":true,"valueName":"search_term_string"}}],"inLanguage":"es"},{"@type":"Organization","@id":"https:\/\/www.larix-engineering.at\/#organization","name":"Larix Engineering","url":"https:\/\/www.larix-engineering.at\/","logo":{"@type":"ImageObject","inLanguage":"es","@id":"https:\/\/www.larix-engineering.at\/#\/schema\/logo\/image\/","url":"https:\/\/www.larix-engineering.at\/wp-content\/uploads\/2024\/05\/cropped-favicon.png","contentUrl":"https:\/\/www.larix-engineering.at\/wp-content\/uploads\/2024\/05\/cropped-favicon.png","width":512,"height":512,"caption":"Larix Engineering"},"image":{"@id":"https:\/\/www.larix-engineering.at\/#\/schema\/logo\/image\/"}}]}},"_links":{"self":[{"href":"https:\/\/www.larix-engineering.at\/es\/wp-json\/wp\/v2\/pages\/289462","targetHints":{"allow":["GET"]}}],"collection":[{"href":"https:\/\/www.larix-engineering.at\/es\/wp-json\/wp\/v2\/pages"}],"about":[{"href":"https:\/\/www.larix-engineering.at\/es\/wp-json\/wp\/v2\/types\/page"}],"author":[{"embeddable":true,"href":"https:\/\/www.larix-engineering.at\/es\/wp-json\/wp\/v2\/users\/6"}],"replies":[{"embeddable":true,"href":"https:\/\/www.larix-engineering.at\/es\/wp-json\/wp\/v2\/comments?post=289462"}],"version-history":[{"count":1,"href":"https:\/\/www.larix-engineering.at\/es\/wp-json\/wp\/v2\/pages\/289462\/revisions"}],"predecessor-version":[{"id":289465,"href":"https:\/\/www.larix-engineering.at\/es\/wp-json\/wp\/v2\/pages\/289462\/revisions\/289465"}],"wp:attachment":[{"href":"https:\/\/www.larix-engineering.at\/es\/wp-json\/wp\/v2\/media?parent=289462"}],"wp:term":[{"taxonomy":"difl_page_category","embeddable":true,"href":"https:\/\/www.larix-engineering.at\/es\/wp-json\/wp\/v2\/difl_page_category?post=289462"}],"curies":[{"name":"wp","href":"https:\/\/api.w.org\/{rel}","templated":true}]}}