{"id":289457,"date":"2025-06-02T12:17:45","date_gmt":"2025-06-02T10:17:45","guid":{"rendered":"https:\/\/www.larix-engineering.at\/equipo\/julia-knittel\/"},"modified":"2025-08-05T20:41:21","modified_gmt":"2025-08-05T18:41:21","slug":"julia-knittel","status":"publish","type":"page","link":"https:\/\/www.larix-engineering.at\/es\/equipo\/julia-knittel\/","title":{"rendered":"Julia Knittel"},"content":{"rendered":"\n<p>nacida en Viena en 1990<\/p>\n\n<hr class=\"wp-block-separator has-alpha-channel-opacity\"\/>\n\n<p>trabaja en IPJ Ingenieurb\u00fcro P. Jung desde 2021<\/p>\n\n<p>jefa adjunta del departamento de Energ\u00eda desde 2023<\/p>\n\n<p>jefa del departamento de Optimizaci\u00f3n del Funcionamiento desde 2025<\/p>\n\n<p>apoderada en Larix Enginnering desde 2025<\/p>\n\n<p>anteriormente trabaj\u00f3 en planificaci\u00f3n de instalaciones de edificios y gesti\u00f3n de proyectos<\/p>\n\n<hr class=\"wp-block-separator has-alpha-channel-opacity\"\/>\n\n<p>estudi\u00f3 Qu\u00edmica en la Universidad de Viena, gradu\u00e1ndose con una licenciatura en Ciencias en 2017<\/p>\n\n<p>estudi\u00f3 Sistemas Urbanos de Energ\u00edas Renovables en la Universidad de Ciencias Aplicadas Technikum Wien, gradu\u00e1ndose con una licenciatura en Ciencias en 2017<\/p>\n\n<p>estudi\u00f3 Gesti\u00f3n Energ\u00e9tica y Medioambiental en la FH Burgenland, sede en Pinkafeld, gradu\u00e1ndose en Ingenier\u00eda con matr\u00edcula de honor en 2020<\/p>\n\n<hr class=\"wp-block-separator has-alpha-channel-opacity\"\/>\n\n<p>ponente en conferencias nacionales e internacionales<\/p>\n\n<p>actividad docente en varias universidades<\/p>\n","protected":false},"excerpt":{"rendered":"<p>nacida en Viena en 1990 trabaja en IPJ Ingenieurb\u00fcro P. Jung desde 2021 jefa adjunta del departamento de Energ\u00eda desde 2023 jefa del departamento de Optimizaci\u00f3n del Funcionamiento desde 2025 apoderada en Larix Enginnering desde 2025 anteriormente trabaj\u00f3 en planificaci\u00f3n de instalaciones de edificios y gesti\u00f3n de proyectos estudi\u00f3 Qu\u00edmica en la Universidad de Viena, [&hellip;]<\/p>\n","protected":false},"author":6,"featured_media":0,"parent":288995,"menu_order":0,"comment_status":"closed","ping_status":"closed","template":"","meta":{"_acf_changed":false,"_et_pb_use_builder":"off","_et_pb_old_content":"","_et_gb_content_width":"","inline_featured_image":false,"footnotes":""},"difl_page_category":[95],"class_list":["post-289457","page","type-page","status-publish","hentry","difl_page_category-de_bio"],"acf":[],"yoast_head":"<!-- This site is optimized with the Yoast SEO plugin v27.5 - https:\/\/yoast.com\/product\/yoast-seo-wordpress\/ -->\n<title>Julia Knittel - Larix Engineering<\/title>\n<meta name=\"robots\" content=\"index, follow, max-snippet:-1, max-image-preview:large, max-video-preview:-1\" \/>\n<link rel=\"canonical\" href=\"https:\/\/www.larix-engineering.at\/es\/equipo\/julia-knittel\/\" \/>\n<meta property=\"og:locale\" content=\"es_ES\" \/>\n<meta property=\"og:type\" content=\"article\" \/>\n<meta property=\"og:title\" content=\"Julia Knittel - Larix Engineering\" \/>\n<meta property=\"og:description\" content=\"nacida en Viena en 1990 trabaja en IPJ Ingenieurb\u00fcro P. Jung desde 2021 jefa adjunta del departamento de Energ\u00eda desde 2023 jefa del departamento de Optimizaci\u00f3n del Funcionamiento desde 2025 apoderada en Larix Enginnering desde 2025 anteriormente trabaj\u00f3 en planificaci\u00f3n de instalaciones de edificios y gesti\u00f3n de proyectos estudi\u00f3 Qu\u00edmica en la Universidad de Viena, [&hellip;]\" \/>\n<meta property=\"og:url\" content=\"https:\/\/www.larix-engineering.at\/es\/equipo\/julia-knittel\/\" \/>\n<meta property=\"og:site_name\" content=\"Larix Engineering\" \/>\n<meta property=\"article:modified_time\" content=\"2025-08-05T18:41:21+00:00\" \/>\n<meta name=\"twitter:card\" content=\"summary_large_image\" \/>\n<meta name=\"twitter:label1\" content=\"Tiempo de lectura\" \/>\n\t<meta name=\"twitter:data1\" content=\"1 minuto\" \/>\n<script type=\"application\/ld+json\" class=\"yoast-schema-graph\">{\"@context\":\"https:\\\/\\\/schema.org\",\"@graph\":[{\"@type\":\"WebPage\",\"@id\":\"https:\\\/\\\/www.larix-engineering.at\\\/es\\\/equipo\\\/julia-knittel\\\/\",\"url\":\"https:\\\/\\\/www.larix-engineering.at\\\/es\\\/equipo\\\/julia-knittel\\\/\",\"name\":\"Julia Knittel - Larix Engineering\",\"isPartOf\":{\"@id\":\"https:\\\/\\\/www.larix-engineering.at\\\/#website\"},\"datePublished\":\"2025-06-02T10:17:45+00:00\",\"dateModified\":\"2025-08-05T18:41:21+00:00\",\"breadcrumb\":{\"@id\":\"https:\\\/\\\/www.larix-engineering.at\\\/es\\\/equipo\\\/julia-knittel\\\/#breadcrumb\"},\"inLanguage\":\"es\",\"potentialAction\":[{\"@type\":\"ReadAction\",\"target\":[\"https:\\\/\\\/www.larix-engineering.at\\\/es\\\/equipo\\\/julia-knittel\\\/\"]}]},{\"@type\":\"BreadcrumbList\",\"@id\":\"https:\\\/\\\/www.larix-engineering.at\\\/es\\\/equipo\\\/julia-knittel\\\/#breadcrumb\",\"itemListElement\":[{\"@type\":\"ListItem\",\"position\":1,\"name\":\"Home\",\"item\":\"https:\\\/\\\/www.larix-engineering.at\\\/\"},{\"@type\":\"ListItem\",\"position\":2,\"name\":\"Equipo\",\"item\":\"https:\\\/\\\/www.larix-engineering.at\\\/team\\\/\"},{\"@type\":\"ListItem\",\"position\":3,\"name\":\"Julia Knittel\"}]},{\"@type\":\"WebSite\",\"@id\":\"https:\\\/\\\/www.larix-engineering.at\\\/#website\",\"url\":\"https:\\\/\\\/www.larix-engineering.at\\\/\",\"name\":\"Larix Engineering\",\"description\":\"sustainable building solutions\",\"publisher\":{\"@id\":\"https:\\\/\\\/www.larix-engineering.at\\\/#organization\"},\"potentialAction\":[{\"@type\":\"SearchAction\",\"target\":{\"@type\":\"EntryPoint\",\"urlTemplate\":\"https:\\\/\\\/www.larix-engineering.at\\\/?s={search_term_string}\"},\"query-input\":{\"@type\":\"PropertyValueSpecification\",\"valueRequired\":true,\"valueName\":\"search_term_string\"}}],\"inLanguage\":\"es\"},{\"@type\":\"Organization\",\"@id\":\"https:\\\/\\\/www.larix-engineering.at\\\/#organization\",\"name\":\"Larix Engineering\",\"url\":\"https:\\\/\\\/www.larix-engineering.at\\\/\",\"logo\":{\"@type\":\"ImageObject\",\"inLanguage\":\"es\",\"@id\":\"https:\\\/\\\/www.larix-engineering.at\\\/#\\\/schema\\\/logo\\\/image\\\/\",\"url\":\"https:\\\/\\\/www.larix-engineering.at\\\/wp-content\\\/uploads\\\/2024\\\/05\\\/cropped-favicon.png\",\"contentUrl\":\"https:\\\/\\\/www.larix-engineering.at\\\/wp-content\\\/uploads\\\/2024\\\/05\\\/cropped-favicon.png\",\"width\":512,\"height\":512,\"caption\":\"Larix Engineering\"},\"image\":{\"@id\":\"https:\\\/\\\/www.larix-engineering.at\\\/#\\\/schema\\\/logo\\\/image\\\/\"}}]}<\/script>\n<!-- \/ Yoast SEO plugin. -->","yoast_head_json":{"title":"Julia Knittel - Larix Engineering","robots":{"index":"index","follow":"follow","max-snippet":"max-snippet:-1","max-image-preview":"max-image-preview:large","max-video-preview":"max-video-preview:-1"},"canonical":"https:\/\/www.larix-engineering.at\/es\/equipo\/julia-knittel\/","og_locale":"es_ES","og_type":"article","og_title":"Julia Knittel - Larix Engineering","og_description":"nacida en Viena en 1990 trabaja en IPJ Ingenieurb\u00fcro P. Jung desde 2021 jefa adjunta del departamento de Energ\u00eda desde 2023 jefa del departamento de Optimizaci\u00f3n del Funcionamiento desde 2025 apoderada en Larix Enginnering desde 2025 anteriormente trabaj\u00f3 en planificaci\u00f3n de instalaciones de edificios y gesti\u00f3n de proyectos estudi\u00f3 Qu\u00edmica en la Universidad de Viena, [&hellip;]","og_url":"https:\/\/www.larix-engineering.at\/es\/equipo\/julia-knittel\/","og_site_name":"Larix Engineering","article_modified_time":"2025-08-05T18:41:21+00:00","twitter_card":"summary_large_image","twitter_misc":{"Tiempo de lectura":"1 minuto"},"schema":{"@context":"https:\/\/schema.org","@graph":[{"@type":"WebPage","@id":"https:\/\/www.larix-engineering.at\/es\/equipo\/julia-knittel\/","url":"https:\/\/www.larix-engineering.at\/es\/equipo\/julia-knittel\/","name":"Julia Knittel - Larix Engineering","isPartOf":{"@id":"https:\/\/www.larix-engineering.at\/#website"},"datePublished":"2025-06-02T10:17:45+00:00","dateModified":"2025-08-05T18:41:21+00:00","breadcrumb":{"@id":"https:\/\/www.larix-engineering.at\/es\/equipo\/julia-knittel\/#breadcrumb"},"inLanguage":"es","potentialAction":[{"@type":"ReadAction","target":["https:\/\/www.larix-engineering.at\/es\/equipo\/julia-knittel\/"]}]},{"@type":"BreadcrumbList","@id":"https:\/\/www.larix-engineering.at\/es\/equipo\/julia-knittel\/#breadcrumb","itemListElement":[{"@type":"ListItem","position":1,"name":"Home","item":"https:\/\/www.larix-engineering.at\/"},{"@type":"ListItem","position":2,"name":"Equipo","item":"https:\/\/www.larix-engineering.at\/team\/"},{"@type":"ListItem","position":3,"name":"Julia Knittel"}]},{"@type":"WebSite","@id":"https:\/\/www.larix-engineering.at\/#website","url":"https:\/\/www.larix-engineering.at\/","name":"Larix Engineering","description":"sustainable building solutions","publisher":{"@id":"https:\/\/www.larix-engineering.at\/#organization"},"potentialAction":[{"@type":"SearchAction","target":{"@type":"EntryPoint","urlTemplate":"https:\/\/www.larix-engineering.at\/?s={search_term_string}"},"query-input":{"@type":"PropertyValueSpecification","valueRequired":true,"valueName":"search_term_string"}}],"inLanguage":"es"},{"@type":"Organization","@id":"https:\/\/www.larix-engineering.at\/#organization","name":"Larix Engineering","url":"https:\/\/www.larix-engineering.at\/","logo":{"@type":"ImageObject","inLanguage":"es","@id":"https:\/\/www.larix-engineering.at\/#\/schema\/logo\/image\/","url":"https:\/\/www.larix-engineering.at\/wp-content\/uploads\/2024\/05\/cropped-favicon.png","contentUrl":"https:\/\/www.larix-engineering.at\/wp-content\/uploads\/2024\/05\/cropped-favicon.png","width":512,"height":512,"caption":"Larix Engineering"},"image":{"@id":"https:\/\/www.larix-engineering.at\/#\/schema\/logo\/image\/"}}]}},"_links":{"self":[{"href":"https:\/\/www.larix-engineering.at\/es\/wp-json\/wp\/v2\/pages\/289457","targetHints":{"allow":["GET"]}}],"collection":[{"href":"https:\/\/www.larix-engineering.at\/es\/wp-json\/wp\/v2\/pages"}],"about":[{"href":"https:\/\/www.larix-engineering.at\/es\/wp-json\/wp\/v2\/types\/page"}],"author":[{"embeddable":true,"href":"https:\/\/www.larix-engineering.at\/es\/wp-json\/wp\/v2\/users\/6"}],"replies":[{"embeddable":true,"href":"https:\/\/www.larix-engineering.at\/es\/wp-json\/wp\/v2\/comments?post=289457"}],"version-history":[{"count":2,"href":"https:\/\/www.larix-engineering.at\/es\/wp-json\/wp\/v2\/pages\/289457\/revisions"}],"predecessor-version":[{"id":289459,"href":"https:\/\/www.larix-engineering.at\/es\/wp-json\/wp\/v2\/pages\/289457\/revisions\/289459"}],"up":[{"embeddable":true,"href":"https:\/\/www.larix-engineering.at\/es\/wp-json\/wp\/v2\/pages\/288995"}],"wp:attachment":[{"href":"https:\/\/www.larix-engineering.at\/es\/wp-json\/wp\/v2\/media?parent=289457"}],"wp:term":[{"taxonomy":"difl_page_category","embeddable":true,"href":"https:\/\/www.larix-engineering.at\/es\/wp-json\/wp\/v2\/difl_page_category?post=289457"}],"curies":[{"name":"wp","href":"https:\/\/api.w.org\/{rel}","templated":true}]}}