{"id":289454,"date":"2024-06-07T16:32:41","date_gmt":"2024-06-07T14:32:41","guid":{"rendered":"https:\/\/www.larix-engineering.at\/equipo\/georgios-gourlis\/"},"modified":"2025-08-05T20:39:30","modified_gmt":"2025-08-05T18:39:30","slug":"georgios-gourlis","status":"publish","type":"page","link":"https:\/\/www.larix-engineering.at\/es\/equipo\/georgios-gourlis\/","title":{"rendered":"Georgios Gourlis"},"content":{"rendered":"\n<p>nacido en Atenas en 1985<\/p>\n\n<hr class=\"wp-block-separator has-alpha-channel-opacity\"\/>\n\n<p>trabaja en IPJ Ingenieurb\u00fcro P. Jung desde 2018<\/p>\n\n<p>jefe del Departamento de Simulaci\u00f3n desde 2021.<\/p>\n\n<p>apoderado de Larix Engineering desde 2023<\/p>\n\n<p>anteriormente trabaj\u00f3 como arquitecto en estudios de arquitectura e ingenier\u00eda en Atenas hasta 2012 y como asistente de proyectos predoctorales en la Universidad Polit\u00e9cnica de Viena en el Instituto de Edificaci\u00f3n y Construcci\u00f3n Industrial, Unidad de Investigaci\u00f3n para el Dise\u00f1o Integrado y la Construcci\u00f3n Industrial hasta 2022<\/p>\n\n<hr class=\"wp-block-separator has-alpha-channel-opacity\"\/>\n\n<p>estudi\u00f3 Arquitectura en la Universidad T\u00e9cnica Nacional de Atenas (NTUA), donde se gradu\u00f3 en 2010,<\/p>\n\n<p>estudi\u00f3 Ciencia y Tecnolog\u00eda de la Construcci\u00f3n en la Universidad Polit\u00e9cnica de Viena, gradu\u00e1ndose en 2016<\/p>\n\n<p>complet\u00f3 su doctorado en la Universidad Polit\u00e9cnica de Viena sobre el tema \u00abBIM-based Building Energy Modelling for holistic simulation-based assessment and optimisation of operating industrial production facilities\u00bb, gradu\u00e1ndose con matr\u00edcula de honor en 2023<\/p>\n\n<hr class=\"wp-block-separator has-alpha-channel-opacity\"\/>\n\n<p>miembro de la C\u00e1mara T\u00e9cnica de Grecia y arquitecto colegiado desde 2011<\/p>\n\n<p>miembro de la Building Performance Simulation Association desde 2016<\/p>\n\n<p>ponente en conferencias nacionales e internacionales<\/p>\n\n<p>autor y coautor de numerosos art\u00edculos especializados sobre temas como el acoplamiento de Building Information Modelling (BIM) con la simulaci\u00f3n termodin\u00e1mica de edificios, la eficiencia energ\u00e9tica de edificios en la construcci\u00f3n industrial, el confort t\u00e9rmico interior, la optimizaci\u00f3n de edificios basada en la simulaci\u00f3n, LCC y LCA con BIM.<br\/>Para consultar la lista de publicaciones, visite:<br\/><a href=\"https:\/\/orcid.org\/0000-0002-2575-0559\">Lista de publicaciones<\/a><\/p>\n","protected":false},"excerpt":{"rendered":"<p>nacido en Atenas en 1985 trabaja en IPJ Ingenieurb\u00fcro P. Jung desde 2018 jefe del Departamento de Simulaci\u00f3n desde 2021. apoderado de Larix Engineering desde 2023 anteriormente trabaj\u00f3 como arquitecto en estudios de arquitectura e ingenier\u00eda en Atenas hasta 2012 y como asistente de proyectos predoctorales en la Universidad Polit\u00e9cnica de Viena en el Instituto [&hellip;]<\/p>\n","protected":false},"author":1,"featured_media":0,"parent":288995,"menu_order":0,"comment_status":"closed","ping_status":"closed","template":"","meta":{"_acf_changed":false,"_et_pb_use_builder":"off","_et_pb_old_content":"","_et_gb_content_width":"","inline_featured_image":false,"footnotes":""},"difl_page_category":[95],"class_list":["post-289454","page","type-page","status-publish","hentry","difl_page_category-de_bio"],"acf":[],"yoast_head":"<!-- This site is optimized with the Yoast SEO plugin v27.5 - https:\/\/yoast.com\/product\/yoast-seo-wordpress\/ -->\n<title>Georgios Gourlis - Larix Engineering<\/title>\n<meta name=\"robots\" content=\"index, follow, max-snippet:-1, max-image-preview:large, max-video-preview:-1\" \/>\n<link rel=\"canonical\" href=\"https:\/\/www.larix-engineering.at\/es\/equipo\/georgios-gourlis\/\" \/>\n<meta property=\"og:locale\" content=\"es_ES\" \/>\n<meta property=\"og:type\" content=\"article\" \/>\n<meta property=\"og:title\" content=\"Georgios Gourlis - Larix Engineering\" \/>\n<meta property=\"og:description\" content=\"nacido en Atenas en 1985 trabaja en IPJ Ingenieurb\u00fcro P. Jung desde 2018 jefe del Departamento de Simulaci\u00f3n desde 2021. apoderado de Larix Engineering desde 2023 anteriormente trabaj\u00f3 como arquitecto en estudios de arquitectura e ingenier\u00eda en Atenas hasta 2012 y como asistente de proyectos predoctorales en la Universidad Polit\u00e9cnica de Viena en el Instituto [&hellip;]\" \/>\n<meta property=\"og:url\" content=\"https:\/\/www.larix-engineering.at\/es\/equipo\/georgios-gourlis\/\" \/>\n<meta property=\"og:site_name\" content=\"Larix Engineering\" \/>\n<meta property=\"article:modified_time\" content=\"2025-08-05T18:39:30+00:00\" \/>\n<meta name=\"twitter:card\" content=\"summary_large_image\" \/>\n<meta name=\"twitter:label1\" content=\"Tiempo de lectura\" \/>\n\t<meta name=\"twitter:data1\" content=\"1 minuto\" \/>\n<script type=\"application\/ld+json\" class=\"yoast-schema-graph\">{\"@context\":\"https:\\\/\\\/schema.org\",\"@graph\":[{\"@type\":\"WebPage\",\"@id\":\"https:\\\/\\\/www.larix-engineering.at\\\/es\\\/equipo\\\/georgios-gourlis\\\/\",\"url\":\"https:\\\/\\\/www.larix-engineering.at\\\/es\\\/equipo\\\/georgios-gourlis\\\/\",\"name\":\"Georgios Gourlis - Larix Engineering\",\"isPartOf\":{\"@id\":\"https:\\\/\\\/www.larix-engineering.at\\\/#website\"},\"datePublished\":\"2024-06-07T14:32:41+00:00\",\"dateModified\":\"2025-08-05T18:39:30+00:00\",\"breadcrumb\":{\"@id\":\"https:\\\/\\\/www.larix-engineering.at\\\/es\\\/equipo\\\/georgios-gourlis\\\/#breadcrumb\"},\"inLanguage\":\"es\",\"potentialAction\":[{\"@type\":\"ReadAction\",\"target\":[\"https:\\\/\\\/www.larix-engineering.at\\\/es\\\/equipo\\\/georgios-gourlis\\\/\"]}]},{\"@type\":\"BreadcrumbList\",\"@id\":\"https:\\\/\\\/www.larix-engineering.at\\\/es\\\/equipo\\\/georgios-gourlis\\\/#breadcrumb\",\"itemListElement\":[{\"@type\":\"ListItem\",\"position\":1,\"name\":\"Home\",\"item\":\"https:\\\/\\\/www.larix-engineering.at\\\/\"},{\"@type\":\"ListItem\",\"position\":2,\"name\":\"Equipo\",\"item\":\"https:\\\/\\\/www.larix-engineering.at\\\/team\\\/\"},{\"@type\":\"ListItem\",\"position\":3,\"name\":\"Georgios Gourlis\"}]},{\"@type\":\"WebSite\",\"@id\":\"https:\\\/\\\/www.larix-engineering.at\\\/#website\",\"url\":\"https:\\\/\\\/www.larix-engineering.at\\\/\",\"name\":\"Larix Engineering\",\"description\":\"sustainable building solutions\",\"publisher\":{\"@id\":\"https:\\\/\\\/www.larix-engineering.at\\\/#organization\"},\"potentialAction\":[{\"@type\":\"SearchAction\",\"target\":{\"@type\":\"EntryPoint\",\"urlTemplate\":\"https:\\\/\\\/www.larix-engineering.at\\\/?s={search_term_string}\"},\"query-input\":{\"@type\":\"PropertyValueSpecification\",\"valueRequired\":true,\"valueName\":\"search_term_string\"}}],\"inLanguage\":\"es\"},{\"@type\":\"Organization\",\"@id\":\"https:\\\/\\\/www.larix-engineering.at\\\/#organization\",\"name\":\"Larix Engineering\",\"url\":\"https:\\\/\\\/www.larix-engineering.at\\\/\",\"logo\":{\"@type\":\"ImageObject\",\"inLanguage\":\"es\",\"@id\":\"https:\\\/\\\/www.larix-engineering.at\\\/#\\\/schema\\\/logo\\\/image\\\/\",\"url\":\"https:\\\/\\\/www.larix-engineering.at\\\/wp-content\\\/uploads\\\/2024\\\/05\\\/cropped-favicon.png\",\"contentUrl\":\"https:\\\/\\\/www.larix-engineering.at\\\/wp-content\\\/uploads\\\/2024\\\/05\\\/cropped-favicon.png\",\"width\":512,\"height\":512,\"caption\":\"Larix Engineering\"},\"image\":{\"@id\":\"https:\\\/\\\/www.larix-engineering.at\\\/#\\\/schema\\\/logo\\\/image\\\/\"}}]}<\/script>\n<!-- \/ Yoast SEO plugin. -->","yoast_head_json":{"title":"Georgios Gourlis - Larix Engineering","robots":{"index":"index","follow":"follow","max-snippet":"max-snippet:-1","max-image-preview":"max-image-preview:large","max-video-preview":"max-video-preview:-1"},"canonical":"https:\/\/www.larix-engineering.at\/es\/equipo\/georgios-gourlis\/","og_locale":"es_ES","og_type":"article","og_title":"Georgios Gourlis - Larix Engineering","og_description":"nacido en Atenas en 1985 trabaja en IPJ Ingenieurb\u00fcro P. Jung desde 2018 jefe del Departamento de Simulaci\u00f3n desde 2021. apoderado de Larix Engineering desde 2023 anteriormente trabaj\u00f3 como arquitecto en estudios de arquitectura e ingenier\u00eda en Atenas hasta 2012 y como asistente de proyectos predoctorales en la Universidad Polit\u00e9cnica de Viena en el Instituto [&hellip;]","og_url":"https:\/\/www.larix-engineering.at\/es\/equipo\/georgios-gourlis\/","og_site_name":"Larix Engineering","article_modified_time":"2025-08-05T18:39:30+00:00","twitter_card":"summary_large_image","twitter_misc":{"Tiempo de lectura":"1 minuto"},"schema":{"@context":"https:\/\/schema.org","@graph":[{"@type":"WebPage","@id":"https:\/\/www.larix-engineering.at\/es\/equipo\/georgios-gourlis\/","url":"https:\/\/www.larix-engineering.at\/es\/equipo\/georgios-gourlis\/","name":"Georgios Gourlis - Larix Engineering","isPartOf":{"@id":"https:\/\/www.larix-engineering.at\/#website"},"datePublished":"2024-06-07T14:32:41+00:00","dateModified":"2025-08-05T18:39:30+00:00","breadcrumb":{"@id":"https:\/\/www.larix-engineering.at\/es\/equipo\/georgios-gourlis\/#breadcrumb"},"inLanguage":"es","potentialAction":[{"@type":"ReadAction","target":["https:\/\/www.larix-engineering.at\/es\/equipo\/georgios-gourlis\/"]}]},{"@type":"BreadcrumbList","@id":"https:\/\/www.larix-engineering.at\/es\/equipo\/georgios-gourlis\/#breadcrumb","itemListElement":[{"@type":"ListItem","position":1,"name":"Home","item":"https:\/\/www.larix-engineering.at\/"},{"@type":"ListItem","position":2,"name":"Equipo","item":"https:\/\/www.larix-engineering.at\/team\/"},{"@type":"ListItem","position":3,"name":"Georgios Gourlis"}]},{"@type":"WebSite","@id":"https:\/\/www.larix-engineering.at\/#website","url":"https:\/\/www.larix-engineering.at\/","name":"Larix Engineering","description":"sustainable building solutions","publisher":{"@id":"https:\/\/www.larix-engineering.at\/#organization"},"potentialAction":[{"@type":"SearchAction","target":{"@type":"EntryPoint","urlTemplate":"https:\/\/www.larix-engineering.at\/?s={search_term_string}"},"query-input":{"@type":"PropertyValueSpecification","valueRequired":true,"valueName":"search_term_string"}}],"inLanguage":"es"},{"@type":"Organization","@id":"https:\/\/www.larix-engineering.at\/#organization","name":"Larix Engineering","url":"https:\/\/www.larix-engineering.at\/","logo":{"@type":"ImageObject","inLanguage":"es","@id":"https:\/\/www.larix-engineering.at\/#\/schema\/logo\/image\/","url":"https:\/\/www.larix-engineering.at\/wp-content\/uploads\/2024\/05\/cropped-favicon.png","contentUrl":"https:\/\/www.larix-engineering.at\/wp-content\/uploads\/2024\/05\/cropped-favicon.png","width":512,"height":512,"caption":"Larix Engineering"},"image":{"@id":"https:\/\/www.larix-engineering.at\/#\/schema\/logo\/image\/"}}]}},"_links":{"self":[{"href":"https:\/\/www.larix-engineering.at\/es\/wp-json\/wp\/v2\/pages\/289454","targetHints":{"allow":["GET"]}}],"collection":[{"href":"https:\/\/www.larix-engineering.at\/es\/wp-json\/wp\/v2\/pages"}],"about":[{"href":"https:\/\/www.larix-engineering.at\/es\/wp-json\/wp\/v2\/types\/page"}],"author":[{"embeddable":true,"href":"https:\/\/www.larix-engineering.at\/es\/wp-json\/wp\/v2\/users\/1"}],"replies":[{"embeddable":true,"href":"https:\/\/www.larix-engineering.at\/es\/wp-json\/wp\/v2\/comments?post=289454"}],"version-history":[{"count":2,"href":"https:\/\/www.larix-engineering.at\/es\/wp-json\/wp\/v2\/pages\/289454\/revisions"}],"predecessor-version":[{"id":289456,"href":"https:\/\/www.larix-engineering.at\/es\/wp-json\/wp\/v2\/pages\/289454\/revisions\/289456"}],"up":[{"embeddable":true,"href":"https:\/\/www.larix-engineering.at\/es\/wp-json\/wp\/v2\/pages\/288995"}],"wp:attachment":[{"href":"https:\/\/www.larix-engineering.at\/es\/wp-json\/wp\/v2\/media?parent=289454"}],"wp:term":[{"taxonomy":"difl_page_category","embeddable":true,"href":"https:\/\/www.larix-engineering.at\/es\/wp-json\/wp\/v2\/difl_page_category?post=289454"}],"curies":[{"name":"wp","href":"https:\/\/api.w.org\/{rel}","templated":true}]}}