{"id":289445,"date":"2024-06-07T16:17:53","date_gmt":"2024-06-07T14:17:53","guid":{"rendered":"https:\/\/www.larix-engineering.at\/equipo\/peter-holzer\/"},"modified":"2025-08-05T20:31:15","modified_gmt":"2025-08-05T18:31:15","slug":"peter-holzer","status":"publish","type":"page","link":"https:\/\/www.larix-engineering.at\/es\/equipo\/peter-holzer\/","title":{"rendered":"Peter Holzer"},"content":{"rendered":"\n<p>nacido en Viena en 1967<\/p>\n\n<p>en 2011, fund\u00f3 la oficina de Viena de la empresa de ingenier\u00eda IPJ Ingenieurb\u00fcro P. Jung GmbH, con sede en Colonia, junto con Patrick Jung y Claus Faru\u00df.<\/p>\n\n<p>dirige la oficina como socio gerente desde su fundaci\u00f3n, junto con Matthias Kendlbacher desde 2021, y con David Stuckey, Georgios Gourlis y Annekatrin Koch desde 2023.<\/p>\n\n<p>en 2013, tambi\u00e9n cofund\u00f3 el instituto de investigaci\u00f3n IBR&amp;I Institute of Building Research &amp; Innovation ZT-GmbH, junto con la directora gerente Renate Hammer; y ha sido un miembro destacado del personal desde su creaci\u00f3n; dando la bienvenida a Phillip Stern como tercer director gerente en 2021.<\/p>\n\n<p>anteriormente particip\u00f3 en investigaciones en el campo del aprovechamiento t\u00e9rmico de la biomasa en la Universidad Polit\u00e9cnica de Viena y en la Asociaci\u00f3n \u00d6sterreichischen Kachelofenverband; de 1996 a 2013 fue investigador asociado en el Departamento de Construcci\u00f3n y Medio Ambiente de la Donau-Universit\u00e4t Krems, pasando a ser director del departamento en 2008; propietario de una oficina para f\u00edsica de la construcci\u00f3n e ingenier\u00eda mec\u00e1nica en Viena de 2000 a 2005<\/p>\n\n<p>estudi\u00f3 Ingenier\u00eda Mec\u00e1nica en la Universidad Polit\u00e9cnica de Viena, donde se licenci\u00f3 en 1994.<\/p>\n\n<p>Doctor por la Facultad de Arquitectura y Dise\u00f1o de la Universidad Polit\u00e9cnica de Viena en el campo de la calidad t\u00e9rmica y visual y la luz natural en interiores en 2009<\/p>\n\n<p>actividad docente en varias universidades, universidades de ciencias aplicadas y en cursos no universitarios, actualmente en el FH Campus Wien y en la Universit\u00e4t f\u00fcr Bodenkultur.<\/p>\n\n<p>trabajo de investigaci\u00f3n para la Agencia Internacional de la Energ\u00eda en el programa de Energ\u00eda en Edificios y Comunidades, m\u00e1s recientemente como Agente Operativo del Anexo 80 Refrigeraci\u00f3n Resiliente de Edificios<\/p>\n\n<p>miembro y actual presidente del jurado del Premio Estatal Austriaco de ingenier\u00eda-consultor\u00eda  <\/p>\n\n<p>miembro y presidente del comit\u00e9 235 de \u00d6NORMEN, as\u00ed como miembro del comit\u00e9 175 y del AG 04 en el comit\u00e9 047<\/p>\n\n<p>miembro del Consejo del Clima de Viena<\/p>\n\n<p>miembro de Scientists for Future<\/p>\n\n<p>miembro de la Red NCEUB para el Confort y el Uso de la Energ\u00eda en los Edificios<\/p>\n\n<p>miembro del consorcio del programa klimaaktiv \u2013 Edificios<\/p>\n\n<p>miembro fundador del laboratorio de innovaci\u00f3n RENOWAVE.AT<\/p>\n\n<p>trabajos de revisi\u00f3n para revistas internacionales del \u00e1mbito de la construcci\u00f3n sostenible<\/p>\n\n<p>autor o coautor de numerosos art\u00edculos profesionales y contribuciones a libros, sobre todo en los campos del confort t\u00e9rmico-higrom\u00e9trico y las instalaciones de edificios sostenibles<\/p>\n","protected":false},"excerpt":{"rendered":"<p>nacido en Viena en 1967 en 2011, fund\u00f3 la oficina de Viena de la empresa de ingenier\u00eda IPJ Ingenieurb\u00fcro P. Jung GmbH, con sede en Colonia, junto con Patrick Jung y Claus Faru\u00df. dirige la oficina como socio gerente desde su fundaci\u00f3n, junto con Matthias Kendlbacher desde 2021, y con David Stuckey, Georgios Gourlis y [&hellip;]<\/p>\n","protected":false},"author":1,"featured_media":0,"parent":288995,"menu_order":0,"comment_status":"closed","ping_status":"closed","template":"","meta":{"_acf_changed":false,"_et_pb_use_builder":"off","_et_pb_old_content":"","_et_gb_content_width":"","inline_featured_image":false,"footnotes":""},"difl_page_category":[95],"class_list":["post-289445","page","type-page","status-publish","hentry","difl_page_category-de_bio"],"acf":[],"yoast_head":"<!-- This site is optimized with the Yoast SEO plugin v27.5 - https:\/\/yoast.com\/product\/yoast-seo-wordpress\/ -->\n<title>Peter Holzer - Larix Engineering<\/title>\n<meta name=\"robots\" content=\"index, follow, max-snippet:-1, max-image-preview:large, max-video-preview:-1\" \/>\n<link rel=\"canonical\" href=\"https:\/\/www.larix-engineering.at\/es\/equipo\/peter-holzer\/\" \/>\n<meta property=\"og:locale\" content=\"es_ES\" \/>\n<meta property=\"og:type\" content=\"article\" \/>\n<meta property=\"og:title\" content=\"Peter Holzer - Larix Engineering\" \/>\n<meta property=\"og:description\" content=\"nacido en Viena en 1967 en 2011, fund\u00f3 la oficina de Viena de la empresa de ingenier\u00eda IPJ Ingenieurb\u00fcro P. Jung GmbH, con sede en Colonia, junto con Patrick Jung y Claus Faru\u00df. dirige la oficina como socio gerente desde su fundaci\u00f3n, junto con Matthias Kendlbacher desde 2021, y con David Stuckey, Georgios Gourlis y [&hellip;]\" \/>\n<meta property=\"og:url\" content=\"https:\/\/www.larix-engineering.at\/es\/equipo\/peter-holzer\/\" \/>\n<meta property=\"og:site_name\" content=\"Larix Engineering\" \/>\n<meta property=\"article:modified_time\" content=\"2025-08-05T18:31:15+00:00\" \/>\n<meta name=\"twitter:card\" content=\"summary_large_image\" \/>\n<meta name=\"twitter:label1\" content=\"Tiempo de lectura\" \/>\n\t<meta name=\"twitter:data1\" content=\"2 minutos\" \/>\n<script type=\"application\/ld+json\" class=\"yoast-schema-graph\">{\"@context\":\"https:\\\/\\\/schema.org\",\"@graph\":[{\"@type\":\"WebPage\",\"@id\":\"https:\\\/\\\/www.larix-engineering.at\\\/es\\\/equipo\\\/peter-holzer\\\/\",\"url\":\"https:\\\/\\\/www.larix-engineering.at\\\/es\\\/equipo\\\/peter-holzer\\\/\",\"name\":\"Peter Holzer - Larix Engineering\",\"isPartOf\":{\"@id\":\"https:\\\/\\\/www.larix-engineering.at\\\/#website\"},\"datePublished\":\"2024-06-07T14:17:53+00:00\",\"dateModified\":\"2025-08-05T18:31:15+00:00\",\"breadcrumb\":{\"@id\":\"https:\\\/\\\/www.larix-engineering.at\\\/es\\\/equipo\\\/peter-holzer\\\/#breadcrumb\"},\"inLanguage\":\"es\",\"potentialAction\":[{\"@type\":\"ReadAction\",\"target\":[\"https:\\\/\\\/www.larix-engineering.at\\\/es\\\/equipo\\\/peter-holzer\\\/\"]}]},{\"@type\":\"BreadcrumbList\",\"@id\":\"https:\\\/\\\/www.larix-engineering.at\\\/es\\\/equipo\\\/peter-holzer\\\/#breadcrumb\",\"itemListElement\":[{\"@type\":\"ListItem\",\"position\":1,\"name\":\"Home\",\"item\":\"https:\\\/\\\/www.larix-engineering.at\\\/\"},{\"@type\":\"ListItem\",\"position\":2,\"name\":\"Equipo\",\"item\":\"https:\\\/\\\/www.larix-engineering.at\\\/team\\\/\"},{\"@type\":\"ListItem\",\"position\":3,\"name\":\"Peter Holzer\"}]},{\"@type\":\"WebSite\",\"@id\":\"https:\\\/\\\/www.larix-engineering.at\\\/#website\",\"url\":\"https:\\\/\\\/www.larix-engineering.at\\\/\",\"name\":\"Larix Engineering\",\"description\":\"sustainable building solutions\",\"publisher\":{\"@id\":\"https:\\\/\\\/www.larix-engineering.at\\\/#organization\"},\"potentialAction\":[{\"@type\":\"SearchAction\",\"target\":{\"@type\":\"EntryPoint\",\"urlTemplate\":\"https:\\\/\\\/www.larix-engineering.at\\\/?s={search_term_string}\"},\"query-input\":{\"@type\":\"PropertyValueSpecification\",\"valueRequired\":true,\"valueName\":\"search_term_string\"}}],\"inLanguage\":\"es\"},{\"@type\":\"Organization\",\"@id\":\"https:\\\/\\\/www.larix-engineering.at\\\/#organization\",\"name\":\"Larix Engineering\",\"url\":\"https:\\\/\\\/www.larix-engineering.at\\\/\",\"logo\":{\"@type\":\"ImageObject\",\"inLanguage\":\"es\",\"@id\":\"https:\\\/\\\/www.larix-engineering.at\\\/#\\\/schema\\\/logo\\\/image\\\/\",\"url\":\"https:\\\/\\\/www.larix-engineering.at\\\/wp-content\\\/uploads\\\/2024\\\/05\\\/cropped-favicon.png\",\"contentUrl\":\"https:\\\/\\\/www.larix-engineering.at\\\/wp-content\\\/uploads\\\/2024\\\/05\\\/cropped-favicon.png\",\"width\":512,\"height\":512,\"caption\":\"Larix Engineering\"},\"image\":{\"@id\":\"https:\\\/\\\/www.larix-engineering.at\\\/#\\\/schema\\\/logo\\\/image\\\/\"}}]}<\/script>\n<!-- \/ Yoast SEO plugin. -->","yoast_head_json":{"title":"Peter Holzer - Larix Engineering","robots":{"index":"index","follow":"follow","max-snippet":"max-snippet:-1","max-image-preview":"max-image-preview:large","max-video-preview":"max-video-preview:-1"},"canonical":"https:\/\/www.larix-engineering.at\/es\/equipo\/peter-holzer\/","og_locale":"es_ES","og_type":"article","og_title":"Peter Holzer - Larix Engineering","og_description":"nacido en Viena en 1967 en 2011, fund\u00f3 la oficina de Viena de la empresa de ingenier\u00eda IPJ Ingenieurb\u00fcro P. Jung GmbH, con sede en Colonia, junto con Patrick Jung y Claus Faru\u00df. dirige la oficina como socio gerente desde su fundaci\u00f3n, junto con Matthias Kendlbacher desde 2021, y con David Stuckey, Georgios Gourlis y [&hellip;]","og_url":"https:\/\/www.larix-engineering.at\/es\/equipo\/peter-holzer\/","og_site_name":"Larix Engineering","article_modified_time":"2025-08-05T18:31:15+00:00","twitter_card":"summary_large_image","twitter_misc":{"Tiempo de lectura":"2 minutos"},"schema":{"@context":"https:\/\/schema.org","@graph":[{"@type":"WebPage","@id":"https:\/\/www.larix-engineering.at\/es\/equipo\/peter-holzer\/","url":"https:\/\/www.larix-engineering.at\/es\/equipo\/peter-holzer\/","name":"Peter Holzer - Larix Engineering","isPartOf":{"@id":"https:\/\/www.larix-engineering.at\/#website"},"datePublished":"2024-06-07T14:17:53+00:00","dateModified":"2025-08-05T18:31:15+00:00","breadcrumb":{"@id":"https:\/\/www.larix-engineering.at\/es\/equipo\/peter-holzer\/#breadcrumb"},"inLanguage":"es","potentialAction":[{"@type":"ReadAction","target":["https:\/\/www.larix-engineering.at\/es\/equipo\/peter-holzer\/"]}]},{"@type":"BreadcrumbList","@id":"https:\/\/www.larix-engineering.at\/es\/equipo\/peter-holzer\/#breadcrumb","itemListElement":[{"@type":"ListItem","position":1,"name":"Home","item":"https:\/\/www.larix-engineering.at\/"},{"@type":"ListItem","position":2,"name":"Equipo","item":"https:\/\/www.larix-engineering.at\/team\/"},{"@type":"ListItem","position":3,"name":"Peter Holzer"}]},{"@type":"WebSite","@id":"https:\/\/www.larix-engineering.at\/#website","url":"https:\/\/www.larix-engineering.at\/","name":"Larix Engineering","description":"sustainable building solutions","publisher":{"@id":"https:\/\/www.larix-engineering.at\/#organization"},"potentialAction":[{"@type":"SearchAction","target":{"@type":"EntryPoint","urlTemplate":"https:\/\/www.larix-engineering.at\/?s={search_term_string}"},"query-input":{"@type":"PropertyValueSpecification","valueRequired":true,"valueName":"search_term_string"}}],"inLanguage":"es"},{"@type":"Organization","@id":"https:\/\/www.larix-engineering.at\/#organization","name":"Larix Engineering","url":"https:\/\/www.larix-engineering.at\/","logo":{"@type":"ImageObject","inLanguage":"es","@id":"https:\/\/www.larix-engineering.at\/#\/schema\/logo\/image\/","url":"https:\/\/www.larix-engineering.at\/wp-content\/uploads\/2024\/05\/cropped-favicon.png","contentUrl":"https:\/\/www.larix-engineering.at\/wp-content\/uploads\/2024\/05\/cropped-favicon.png","width":512,"height":512,"caption":"Larix Engineering"},"image":{"@id":"https:\/\/www.larix-engineering.at\/#\/schema\/logo\/image\/"}}]}},"_links":{"self":[{"href":"https:\/\/www.larix-engineering.at\/es\/wp-json\/wp\/v2\/pages\/289445","targetHints":{"allow":["GET"]}}],"collection":[{"href":"https:\/\/www.larix-engineering.at\/es\/wp-json\/wp\/v2\/pages"}],"about":[{"href":"https:\/\/www.larix-engineering.at\/es\/wp-json\/wp\/v2\/types\/page"}],"author":[{"embeddable":true,"href":"https:\/\/www.larix-engineering.at\/es\/wp-json\/wp\/v2\/users\/1"}],"replies":[{"embeddable":true,"href":"https:\/\/www.larix-engineering.at\/es\/wp-json\/wp\/v2\/comments?post=289445"}],"version-history":[{"count":2,"href":"https:\/\/www.larix-engineering.at\/es\/wp-json\/wp\/v2\/pages\/289445\/revisions"}],"predecessor-version":[{"id":289447,"href":"https:\/\/www.larix-engineering.at\/es\/wp-json\/wp\/v2\/pages\/289445\/revisions\/289447"}],"up":[{"embeddable":true,"href":"https:\/\/www.larix-engineering.at\/es\/wp-json\/wp\/v2\/pages\/288995"}],"wp:attachment":[{"href":"https:\/\/www.larix-engineering.at\/es\/wp-json\/wp\/v2\/media?parent=289445"}],"wp:term":[{"taxonomy":"difl_page_category","embeddable":true,"href":"https:\/\/www.larix-engineering.at\/es\/wp-json\/wp\/v2\/difl_page_category?post=289445"}],"curies":[{"name":"wp","href":"https:\/\/api.w.org\/{rel}","templated":true}]}}