{"id":289423,"date":"2025-03-19T13:41:51","date_gmt":"2025-03-19T12:41:51","guid":{"rendered":"https:\/\/www.larix-engineering.at\/eu-ai-act\/"},"modified":"2025-08-05T17:31:30","modified_gmt":"2025-08-05T15:31:30","slug":"eu-ai-act","status":"publish","type":"page","link":"https:\/\/www.larix-engineering.at\/es\/eu-ai-act\/","title":{"rendered":"EU AI ACT"},"content":{"rendered":"<p>[et_pb_section fb_built=\u00bb1&#8243; custom_padding_last_edited=\u00bboff|desktop\u00bb disabled_on=\u00bboff|off|off\u00bb _builder_version=\u00bb4.25.1&#8243; _module_preset=\u00bbdefault\u00bb background_color=\u00bbRGBA(255,255,255,0)\u00bb positioning=\u00bbabsolute\u00bb custom_margin=\u00bb||||false|false\u00bb custom_padding=\u00bb||||false|false\u00bb custom_padding_tablet=\u00bb0px||0px||true|false\u00bb custom_padding_phone=\u00bb0px||0px||true|false\u00bb global_colors_info=\u00bb{}\u00bb][et_pb_row _builder_version=\u00bb4.25.1&#8243; _module_preset=\u00bbdefault\u00bb global_colors_info=\u00bb{}\u00bb][et_pb_column type=\u00bb4_4&#8243; _builder_version=\u00bb4.25.1&#8243; _module_preset=\u00bbdefault\u00bb global_colors_info=\u00bb{}\u00bb][\/et_pb_column][\/et_pb_row][\/et_pb_section][et_pb_section fb_built=\u00bb1&#8243; _builder_version=\u00bb4.25.1&#8243; _module_preset=\u00bbdefault\u00bb custom_padding=\u00bb||||false|false\u00bb global_colors_info=\u00bb{}\u00bb][et_pb_row column_structure=\u00bb3_4,1_4&#8243; _builder_version=\u00bb4.25.1&#8243; _module_preset=\u00bbdefault\u00bb module_alignment=\u00bbcenter\u00bb custom_margin=\u00bb70px||||false|false\u00bb global_colors_info=\u00bb{}\u00bb][et_pb_column type=\u00bb3_4&#8243; _builder_version=\u00bb4.25.1&#8243; _module_preset=\u00bbdefault\u00bb global_colors_info=\u00bb{}\u00bb][et_pb_text _builder_version=\u00bb4.25.1&#8243; _dynamic_attributes=\u00bbcontent\u00bb _module_preset=\u00bbdefault\u00bb text_font=\u00bbproxima-nova|||on|||||\u00bb text_text_color=\u00bb#103741&#8243; text_line_height=\u00bb24px\u00bb link_text_color=\u00bb#103741&#8243; custom_margin=\u00bb||25px||false|false\u00bb custom_margin_tablet=\u00bb||25px||false|false\u00bb custom_margin_phone=\u00bb||25px||false|false\u00bb custom_margin_last_edited=\u00bbon|desktop\u00bb custom_padding=\u00bb0px||||false|false\u00bb text_font_size_tablet=\u00bb\u00bb text_font_size_phone=\u00bb\u00bb text_font_size_last_edited=\u00bbon|desktop\u00bb text_line_height_tablet=\u00bb24px\u00bb text_line_height_phone=\u00bb24px\u00bb text_line_height_last_edited=\u00bbon|desktop\u00bb global_colors_info=\u00bb{}\u00bb]@ET-DC@eyJkeW5hbWljIjp0cnVlLCJjb250ZW50IjoicG9zdF90aXRsZSIsInNldHRpbmdzIjp7ImJlZm9yZSI6IjxhIGhyZWY9XCIvaG9tZS9cIj5Ib21lPC9hPi8iLCJhZnRlciI6IiJ9fQ==@[\/et_pb_text][et_pb_text _builder_version=\u00bb4.27.4&#8243; _module_preset=\u00bbdefault\u00bb header_font=\u00bbuniviraproregular|500|||||||\u00bb header_text_color=\u00bb#478a5e\u00bb header_font_size=\u00bb35px\u00bb header_line_height=\u00bb35px\u00bb custom_margin=\u00bb0px||25px||false|false\u00bb hover_enabled=\u00bb0&#8243; header_font_size_tablet=\u00bb35px\u00bb header_font_size_phone=\u00bb30px\u00bb header_font_size_last_edited=\u00bbon|phone\u00bb header_line_height_tablet=\u00bb35px\u00bb header_line_height_phone=\u00bb30px\u00bb header_line_height_last_edited=\u00bbon|desktop\u00bb global_colors_info=\u00bb{}\u00bb sticky_enabled=\u00bb0&#8243;]<\/p>\n<h1>EU AI ACT<\/h1>\n<p>[\/et_pb_text][et_pb_text _builder_version=\u00bb4.25.0&#8243; _module_preset=\u00bbdefault\u00bb text_font=\u00bbproxima-nova||||||||\u00bb text_text_color=\u00bb#103741&#8243; text_font_size=\u00bb22px\u00bb text_line_height=\u00bb36px\u00bb header_2_font=\u00bb|600|||||||\u00bb header_2_text_color=\u00bb#103741&#8243; header_2_font_size=\u00bb28px\u00bb custom_margin=\u00bb0px||0px||true|false\u00bb custom_padding=\u00bb0px||0px|0px|true|false\u00bb text_font_size_tablet=\u00bb26px\u00bb text_font_size_phone=\u00bb15px\u00bb text_font_size_last_edited=\u00bbon|phone\u00bb text_line_height_tablet=\u00bb36px\u00bb text_line_height_phone=\u00bb24px\u00bb text_line_height_last_edited=\u00bbon|desktop\u00bb global_colors_info=\u00bb{}\u00bb]<\/p>\n<p><span>Larix Engineering verwendet modernste KI-Technologien wie ChatGPT (OpenAI) zur Unterst\u00fctzung bei der Textbearbeitung, Programmierung, \u00dcbersetzung und Recherche. Wir stellen sicher, dass alle Ergebnisse sorgf\u00e4ltig gepr\u00fcft und validiert werden, um h\u00f6chste Qualit\u00e4tsstandards zu gew\u00e4hrleisten. Entsprechend generierte Inhalte werden entsprechend den Vorschriften des Europ\u00e4ischen Artificial Intelligence Act gekennzeichnet.<\/span><span><\/span><\/p>\n<div class=\"n4sEPd\">\n<p><c-wiz jsrenderer=\"xuEY0\" class=\"rm1UF dHeVVb UnxENd\" jsshadow=\"\" jsdata=\"deferred-c37\" data-p=\"%.@.&quot;&quot;,&quot;&quot;,&quot;&quot;]\" jscontroller=\"wnKIze\" jsaction=\"fgP5ge:reBGj,fO5Jj;SuwQzc:psubsc;ZJRbqd:R99J9b;PPMpVe:Ro8hud;iRXaId:vQ5fhd,QHu6Rd,g1rTCe,hHjFBe;WUl1Sc:Lt1lf;ETwhqd:ohO51;xlKgVc:sz93Ff;auJseb:IV7LWe;pNe98e:B1XqVb;xFfZGc:fO5Jj;OQcvYd:lXvwxb;sT00Fe:Nrlepe;MFfQNe:XTf7qb;n3ynxb:tQNmWe;k9TsOe:PCDOwc;RRMwLc:Fg8W1e;mG3QHf:OYLrVb;Qz4V0b:hQ7xdc;fBzasf:ZGuFL,YoknPd,k5IE8c,Lm5eE;UgEtGb:ZGuFL,hQ7xdc;h5CHLc:i5R1S; click:gx3W4c; touchend:Ui18c;h1Uxi:qx6Cqc;PF39hf:gx3W4c;HmXuze:IRNhtb;Pi02re:IRNhtb;FvQNXc:T2uEDc,J6gWY;zOKmBc:rV2CEd,ZQTNrf;NC92Xd:t0GU7d,UbDGRc;XZiffb:MEUYed,ZcXqnb;\" data-node-index=\"1;0\" jsmodel=\"hc6Ubd gxEsw XpsaS\" c-wiz=\"\"><\/c-wiz><\/p>\n<div class=\"FFpbKc\">\n<div class=\"xMmqsf\">\n<p><span jsname=\"txFAF\" class=\"jCAhz ChMk0b\" jsaction=\"agoMJf:PFBcW;MZfLnc:P7O7bd;nt4Alf:pvnm0e,pfE8Hb,PFBcW;B01qod:dJXsye;H1e5u:iXtTIf;lYIUJf:hij5Wb\" jscontroller=\"BiTO4b\" style=\"font-size: 22px;\"><span class=\"ryNqvb\" jsname=\"W297wb\" jsaction=\"click:PDNqTc,GFf3ac,qlVvte;contextmenu:Nqw7Te,QP7LD; mouseout:Nqw7Te; mouseover:PDNqTc,c2aHje\">Larix Engineering uses cutting-edge AI technologies such as ChatGPT (OpenAI) to assist with text editing, programming, translation, and research.<\/span><\/span><span style=\"font-size: 22px;\"> <\/span><span jsname=\"txFAF\" class=\"jCAhz ChMk0b\" jsaction=\"agoMJf:PFBcW;MZfLnc:P7O7bd;nt4Alf:pvnm0e,pfE8Hb,PFBcW;B01qod:dJXsye;H1e5u:iXtTIf;lYIUJf:hij5Wb\" jscontroller=\"BiTO4b\" style=\"font-size: 22px;\"><span class=\"ryNqvb\" jsname=\"W297wb\" jsaction=\"click:PDNqTc,GFf3ac,qlVvte;contextmenu:Nqw7Te,QP7LD; mouseout:Nqw7Te; mouseover:PDNqTc,c2aHje\">We ensure that all results are carefully reviewed and validated to ensure the highest quality standards.<\/span><\/span><span style=\"font-size: 22px;\"> <\/span><span jsname=\"txFAF\" class=\"jCAhz ChMk0b\" jsaction=\"agoMJf:PFBcW;MZfLnc:P7O7bd;nt4Alf:pvnm0e,pfE8Hb,PFBcW;B01qod:dJXsye;H1e5u:iXtTIf;lYIUJf:hij5Wb\" jscontroller=\"BiTO4b\" style=\"font-size: 22px;\"><span class=\"ryNqvb\" jsname=\"W297wb\" jsaction=\"click:PDNqTc,GFf3ac,qlVvte;contextmenu:Nqw7Te,QP7LD; mouseout:Nqw7Te; mouseover:PDNqTc,c2aHje\">Generated content is labeled according to the European Artificial Intelligence Act.<\/span><\/span><\/p>\n<p><span jsname=\"txFAF\" class=\"jCAhz ChMk0b\" jsaction=\"agoMJf:PFBcW;MZfLnc:P7O7bd;nt4Alf:pvnm0e,pfE8Hb,PFBcW;B01qod:dJXsye;H1e5u:iXtTIf;lYIUJf:hij5Wb\" jscontroller=\"BiTO4b\" style=\"font-size: 22px;\"><span class=\"ryNqvb\" jsname=\"W297wb\" jsaction=\"click:PDNqTc,GFf3ac,qlVvte;contextmenu:Nqw7Te,QP7LD; mouseout:Nqw7Te; mouseover:PDNqTc,c2aHje\"><\/span><\/span><\/p>\n<p><span jsname=\"txFAF\" class=\"jCAhz ChMk0b\" jsaction=\"agoMJf:PFBcW;MZfLnc:P7O7bd;nt4Alf:pvnm0e,pfE8Hb,PFBcW;B01qod:dJXsye;H1e5u:iXtTIf;lYIUJf:hij5Wb\" jscontroller=\"BiTO4b\" style=\"font-size: 22px;\"><span class=\"ryNqvb\" jsname=\"W297wb\" jsaction=\"click:PDNqTc,GFf3ac,qlVvte;contextmenu:Nqw7Te,QP7LD; mouseout:Nqw7Te; mouseover:PDNqTc,c2aHje\">Larix Engineering utiliza tecnolog\u00edas de inteligencia artificial de vanguardia como ChatGPT (OpenAI) para respaldar la edici\u00f3n de texto, la programaci\u00f3n, la traducci\u00f3n y la investigaci\u00f3n. Nos aseguramos de que todos los resultados sean cuidadosamente revisados \u200b\u200by validados para garantizar los m\u00e1s altos est\u00e1ndares de calidad. El contenido generado en consecuencia se marcar\u00e1 de acuerdo con las disposiciones de la Ley Europea de Inteligencia Artificial.<\/span><\/span><\/p>\n<div class=\"nidPne\" soy-skip=\"\" ssk=\"6:nxlZ0e\">\n<div jscontroller=\"HwavCb\" jsaction=\"mouseover:kptBG(Fs81Kd); mouseout:o9UdU(Fs81Kd),o9UdU(V6DMGe);\" data-show-delay-ms=\"250\" jsshadow=\"\" data-append-to-body=\"true\" data-propagate-tooltip-mouseover-events=\"true\" data-anchor-corner=\"bottom-left\" data-enable-skip-handler=\"true\" data-popup-corner=\"top-left\">\n<div jsname=\"Fs81Kd\" class=\"dig2sb\">\n<div class=\"scLCMd\" jsname=\"okPJjb\" soy-skip=\"\" ssk=\"6:Ae3ooc\">\n<div id=\"itamenu\"><span class=\"ita-kd-inputtools-div\"><\/span><\/div>\n<\/div>\n<\/div>\n<\/div>\n<\/div>\n<\/div>\n<\/div>\n<p>&nbsp;<\/p>\n<\/div>\n<p>&nbsp;<\/p>\n<p><span><\/span><\/p>\n<p><span><\/span><\/p>\n<p><span><\/span><\/p>\n<p><span><\/span><\/p>\n<p><span><\/span><\/p>\n<p>[\/et_pb_text][\/et_pb_column][et_pb_column type=\u00bb1_4&#8243; admin_label=\u00bbColumn\u00bb _builder_version=\u00bb4.24.3&#8243; _module_preset=\u00bbdefault\u00bb global_colors_info=\u00bb{}\u00bb][\/et_pb_column][\/et_pb_row][\/et_pb_section]<\/p>\n","protected":false},"excerpt":{"rendered":"<p>EU AI ACTLarix Engineering verwendet modernste KI-Technologien wie ChatGPT (OpenAI) zur Unterst\u00fctzung bei der Textbearbeitung, Programmierung, \u00dcbersetzung und Recherche. Wir stellen sicher, dass alle Ergebnisse sorgf\u00e4ltig gepr\u00fcft und validiert werden, um h\u00f6chste Qualit\u00e4tsstandards zu gew\u00e4hrleisten. Entsprechend generierte Inhalte werden entsprechend den Vorschriften des Europ\u00e4ischen Artificial Intelligence Act gekennzeichnet. Larix Engineering uses cutting-edge AI technologies such [&hellip;]<\/p>\n","protected":false},"author":6,"featured_media":0,"parent":0,"menu_order":0,"comment_status":"closed","ping_status":"closed","template":"","meta":{"_acf_changed":false,"_et_pb_use_builder":"on","_et_pb_old_content":"","_et_gb_content_width":"","inline_featured_image":false,"footnotes":""},"difl_page_category":[99],"class_list":["post-289423","page","type-page","status-publish","hentry","difl_page_category-de"],"acf":[],"yoast_head":"<!-- This site is optimized with the Yoast SEO plugin v27.5 - https:\/\/yoast.com\/product\/yoast-seo-wordpress\/ -->\n<title>EU AI ACT - Larix Engineering<\/title>\n<meta name=\"robots\" content=\"index, follow, max-snippet:-1, max-image-preview:large, max-video-preview:-1\" \/>\n<link rel=\"canonical\" href=\"https:\/\/www.larix-engineering.at\/es\/eu-ai-act\/\" \/>\n<meta property=\"og:locale\" content=\"es_ES\" \/>\n<meta property=\"og:type\" content=\"article\" \/>\n<meta property=\"og:title\" content=\"EU AI ACT - Larix Engineering\" \/>\n<meta property=\"og:description\" content=\"EU AI ACTLarix Engineering verwendet modernste KI-Technologien wie ChatGPT (OpenAI) zur Unterst\u00fctzung bei der Textbearbeitung, Programmierung, \u00dcbersetzung und Recherche. Wir stellen sicher, dass alle Ergebnisse sorgf\u00e4ltig gepr\u00fcft und validiert werden, um h\u00f6chste Qualit\u00e4tsstandards zu gew\u00e4hrleisten. Entsprechend generierte Inhalte werden entsprechend den Vorschriften des Europ\u00e4ischen Artificial Intelligence Act gekennzeichnet. Larix Engineering uses cutting-edge AI technologies such [&hellip;]\" \/>\n<meta property=\"og:url\" content=\"https:\/\/www.larix-engineering.at\/es\/eu-ai-act\/\" \/>\n<meta property=\"og:site_name\" content=\"Larix Engineering\" \/>\n<meta property=\"article:modified_time\" content=\"2025-08-05T15:31:30+00:00\" \/>\n<meta name=\"twitter:card\" content=\"summary_large_image\" \/>\n<meta name=\"twitter:label1\" content=\"Tiempo de lectura\" \/>\n\t<meta name=\"twitter:data1\" content=\"5 minutos\" \/>\n<script type=\"application\/ld+json\" class=\"yoast-schema-graph\">{\"@context\":\"https:\\\/\\\/schema.org\",\"@graph\":[{\"@type\":\"WebPage\",\"@id\":\"https:\\\/\\\/www.larix-engineering.at\\\/es\\\/eu-ai-act\\\/\",\"url\":\"https:\\\/\\\/www.larix-engineering.at\\\/es\\\/eu-ai-act\\\/\",\"name\":\"EU AI ACT - Larix Engineering\",\"isPartOf\":{\"@id\":\"https:\\\/\\\/www.larix-engineering.at\\\/#website\"},\"datePublished\":\"2025-03-19T12:41:51+00:00\",\"dateModified\":\"2025-08-05T15:31:30+00:00\",\"breadcrumb\":{\"@id\":\"https:\\\/\\\/www.larix-engineering.at\\\/es\\\/eu-ai-act\\\/#breadcrumb\"},\"inLanguage\":\"es\",\"potentialAction\":[{\"@type\":\"ReadAction\",\"target\":[\"https:\\\/\\\/www.larix-engineering.at\\\/es\\\/eu-ai-act\\\/\"]}]},{\"@type\":\"BreadcrumbList\",\"@id\":\"https:\\\/\\\/www.larix-engineering.at\\\/es\\\/eu-ai-act\\\/#breadcrumb\",\"itemListElement\":[{\"@type\":\"ListItem\",\"position\":1,\"name\":\"Home\",\"item\":\"https:\\\/\\\/www.larix-engineering.at\\\/\"},{\"@type\":\"ListItem\",\"position\":2,\"name\":\"EU AI ACT\"}]},{\"@type\":\"WebSite\",\"@id\":\"https:\\\/\\\/www.larix-engineering.at\\\/#website\",\"url\":\"https:\\\/\\\/www.larix-engineering.at\\\/\",\"name\":\"Larix Engineering\",\"description\":\"sustainable building solutions\",\"publisher\":{\"@id\":\"https:\\\/\\\/www.larix-engineering.at\\\/#organization\"},\"potentialAction\":[{\"@type\":\"SearchAction\",\"target\":{\"@type\":\"EntryPoint\",\"urlTemplate\":\"https:\\\/\\\/www.larix-engineering.at\\\/?s={search_term_string}\"},\"query-input\":{\"@type\":\"PropertyValueSpecification\",\"valueRequired\":true,\"valueName\":\"search_term_string\"}}],\"inLanguage\":\"es\"},{\"@type\":\"Organization\",\"@id\":\"https:\\\/\\\/www.larix-engineering.at\\\/#organization\",\"name\":\"Larix Engineering\",\"url\":\"https:\\\/\\\/www.larix-engineering.at\\\/\",\"logo\":{\"@type\":\"ImageObject\",\"inLanguage\":\"es\",\"@id\":\"https:\\\/\\\/www.larix-engineering.at\\\/#\\\/schema\\\/logo\\\/image\\\/\",\"url\":\"https:\\\/\\\/www.larix-engineering.at\\\/wp-content\\\/uploads\\\/2024\\\/05\\\/cropped-favicon.png\",\"contentUrl\":\"https:\\\/\\\/www.larix-engineering.at\\\/wp-content\\\/uploads\\\/2024\\\/05\\\/cropped-favicon.png\",\"width\":512,\"height\":512,\"caption\":\"Larix Engineering\"},\"image\":{\"@id\":\"https:\\\/\\\/www.larix-engineering.at\\\/#\\\/schema\\\/logo\\\/image\\\/\"}}]}<\/script>\n<!-- \/ Yoast SEO plugin. -->","yoast_head_json":{"title":"EU AI ACT - Larix Engineering","robots":{"index":"index","follow":"follow","max-snippet":"max-snippet:-1","max-image-preview":"max-image-preview:large","max-video-preview":"max-video-preview:-1"},"canonical":"https:\/\/www.larix-engineering.at\/es\/eu-ai-act\/","og_locale":"es_ES","og_type":"article","og_title":"EU AI ACT - Larix Engineering","og_description":"EU AI ACTLarix Engineering verwendet modernste KI-Technologien wie ChatGPT (OpenAI) zur Unterst\u00fctzung bei der Textbearbeitung, Programmierung, \u00dcbersetzung und Recherche. Wir stellen sicher, dass alle Ergebnisse sorgf\u00e4ltig gepr\u00fcft und validiert werden, um h\u00f6chste Qualit\u00e4tsstandards zu gew\u00e4hrleisten. Entsprechend generierte Inhalte werden entsprechend den Vorschriften des Europ\u00e4ischen Artificial Intelligence Act gekennzeichnet. Larix Engineering uses cutting-edge AI technologies such [&hellip;]","og_url":"https:\/\/www.larix-engineering.at\/es\/eu-ai-act\/","og_site_name":"Larix Engineering","article_modified_time":"2025-08-05T15:31:30+00:00","twitter_card":"summary_large_image","twitter_misc":{"Tiempo de lectura":"5 minutos"},"schema":{"@context":"https:\/\/schema.org","@graph":[{"@type":"WebPage","@id":"https:\/\/www.larix-engineering.at\/es\/eu-ai-act\/","url":"https:\/\/www.larix-engineering.at\/es\/eu-ai-act\/","name":"EU AI ACT - Larix Engineering","isPartOf":{"@id":"https:\/\/www.larix-engineering.at\/#website"},"datePublished":"2025-03-19T12:41:51+00:00","dateModified":"2025-08-05T15:31:30+00:00","breadcrumb":{"@id":"https:\/\/www.larix-engineering.at\/es\/eu-ai-act\/#breadcrumb"},"inLanguage":"es","potentialAction":[{"@type":"ReadAction","target":["https:\/\/www.larix-engineering.at\/es\/eu-ai-act\/"]}]},{"@type":"BreadcrumbList","@id":"https:\/\/www.larix-engineering.at\/es\/eu-ai-act\/#breadcrumb","itemListElement":[{"@type":"ListItem","position":1,"name":"Home","item":"https:\/\/www.larix-engineering.at\/"},{"@type":"ListItem","position":2,"name":"EU AI ACT"}]},{"@type":"WebSite","@id":"https:\/\/www.larix-engineering.at\/#website","url":"https:\/\/www.larix-engineering.at\/","name":"Larix Engineering","description":"sustainable building solutions","publisher":{"@id":"https:\/\/www.larix-engineering.at\/#organization"},"potentialAction":[{"@type":"SearchAction","target":{"@type":"EntryPoint","urlTemplate":"https:\/\/www.larix-engineering.at\/?s={search_term_string}"},"query-input":{"@type":"PropertyValueSpecification","valueRequired":true,"valueName":"search_term_string"}}],"inLanguage":"es"},{"@type":"Organization","@id":"https:\/\/www.larix-engineering.at\/#organization","name":"Larix Engineering","url":"https:\/\/www.larix-engineering.at\/","logo":{"@type":"ImageObject","inLanguage":"es","@id":"https:\/\/www.larix-engineering.at\/#\/schema\/logo\/image\/","url":"https:\/\/www.larix-engineering.at\/wp-content\/uploads\/2024\/05\/cropped-favicon.png","contentUrl":"https:\/\/www.larix-engineering.at\/wp-content\/uploads\/2024\/05\/cropped-favicon.png","width":512,"height":512,"caption":"Larix Engineering"},"image":{"@id":"https:\/\/www.larix-engineering.at\/#\/schema\/logo\/image\/"}}]}},"_links":{"self":[{"href":"https:\/\/www.larix-engineering.at\/es\/wp-json\/wp\/v2\/pages\/289423","targetHints":{"allow":["GET"]}}],"collection":[{"href":"https:\/\/www.larix-engineering.at\/es\/wp-json\/wp\/v2\/pages"}],"about":[{"href":"https:\/\/www.larix-engineering.at\/es\/wp-json\/wp\/v2\/types\/page"}],"author":[{"embeddable":true,"href":"https:\/\/www.larix-engineering.at\/es\/wp-json\/wp\/v2\/users\/6"}],"replies":[{"embeddable":true,"href":"https:\/\/www.larix-engineering.at\/es\/wp-json\/wp\/v2\/comments?post=289423"}],"version-history":[{"count":1,"href":"https:\/\/www.larix-engineering.at\/es\/wp-json\/wp\/v2\/pages\/289423\/revisions"}],"predecessor-version":[{"id":289425,"href":"https:\/\/www.larix-engineering.at\/es\/wp-json\/wp\/v2\/pages\/289423\/revisions\/289425"}],"wp:attachment":[{"href":"https:\/\/www.larix-engineering.at\/es\/wp-json\/wp\/v2\/media?parent=289423"}],"wp:term":[{"taxonomy":"difl_page_category","embeddable":true,"href":"https:\/\/www.larix-engineering.at\/es\/wp-json\/wp\/v2\/difl_page_category?post=289423"}],"curies":[{"name":"wp","href":"https:\/\/api.w.org\/{rel}","templated":true}]}}