{"id":289361,"date":"2024-05-30T15:16:04","date_gmt":"2024-05-30T13:16:04","guid":{"rendered":"https:\/\/www.larix-engineering.at\/geschichte\/"},"modified":"2025-08-18T12:06:20","modified_gmt":"2025-08-18T10:06:20","slug":"geschichte","status":"publish","type":"page","link":"https:\/\/www.larix-engineering.at\/es\/geschichte\/","title":{"rendered":"Historia"},"content":{"rendered":"<p>[et_pb_section fb_built=\u00bb1&#8243; module_class=\u00bbpagehero\u00bb _builder_version=\u00bb4.27.4&#8243; _module_preset=\u00bbdefault\u00bb custom_margin=\u00bb||||false|false\u00bb custom_padding=\u00bb||||false|false\u00bb hover_enabled=\u00bb0&#8243; global_colors_info=\u00bb{}\u00bb sticky_enabled=\u00bb0&#8243;][et_pb_row _builder_version=\u00bb4.25.1&#8243; _module_preset=\u00bbdefault\u00bb module_alignment=\u00bbcenter\u00bb custom_margin=\u00bb||0px||false|false\u00bb custom_padding=\u00bb||0px||false|false\u00bb global_colors_info=\u00bb{}\u00bb][et_pb_column type=\u00bb4_4&#8243; _builder_version=\u00bb4.24.3&#8243; _module_preset=\u00bbdefault\u00bb global_colors_info=\u00bb{}\u00bb][et_pb_image src=\u00bbhttps:\/\/www.larix-engineering.at\/wp-content\/uploads\/2024\/05\/geschichte.jpg\u00bb title_text=\u00bbhistoria\u00bb _builder_version=\u00bb4.27.4&#8243; _module_preset=\u00bbdefault\u00bb height_tablet=\u00bb\u00bb height_phone=\u00bb\u00bb height_last_edited=\u00bbon|desktop\u00bb max_height_tablet=\u00bb\u00bb max_height_phone=\u00bb\u00bb max_height_last_edited=\u00bbon|desktop\u00bb custom_margin=\u00bb||||false|false\u00bb custom_margin_tablet=\u00bb||||false|false\u00bb custom_margin_phone=\u00bb||||false|false\u00bb custom_margin_last_edited=\u00bbon|phone\u00bb custom_padding=\u00bb||||false|false\u00bb global_colors_info=\u00bb{}\u00bb][\/et_pb_image][\/et_pb_column][\/et_pb_row][\/et_pb_section][et_pb_section fb_built=\u00bb1&#8243; _builder_version=\u00bb4.24.3&#8243; _module_preset=\u00bbdefault\u00bb custom_padding=\u00bb2px||0px||false|false\u00bb global_colors_info=\u00bb{}\u00bb][et_pb_row column_structure=\u00bb3_4,1_4&#8243; _builder_version=\u00bb4.25.1&#8243; _module_preset=\u00bbdefault\u00bb module_alignment=\u00bbcenter\u00bb custom_margin=\u00bb0px||||false|false\u00bb custom_padding=\u00bb0px||||false|false\u00bb global_colors_info=\u00bb{}\u00bb][et_pb_column type=\u00bb3_4&#8243; _builder_version=\u00bb4.24.3&#8243; _module_preset=\u00bbdefault\u00bb global_colors_info=\u00bb{}\u00bb][et_pb_text _builder_version=\u00bb4.25.1&#8243; _dynamic_attributes=\u00bbcontent\u00bb _module_preset=\u00bbdefault\u00bb text_font=\u00bbproxima-nova||||||||\u00bb text_text_color=\u00bb#103741&#8243; text_font_size=\u00bb15px\u00bb text_line_height=\u00bb24px\u00bb link_text_color=\u00bb#103741&#8243; custom_margin=\u00bb||25px||false|false\u00bb custom_margin_tablet=\u00bb||25px||false|false\u00bb custom_margin_phone=\u00bb||25px||false|false\u00bb custom_margin_last_edited=\u00bbon|desktop\u00bb custom_padding=\u00bb0px||||false|false\u00bb text_font_size_last_edited=\u00bboff|desktop\u00bb text_line_height_tablet=\u00bb24px\u00bb text_line_height_phone=\u00bb24px\u00bb text_line_height_last_edited=\u00bboff|desktop\u00bb locked=\u00bboff\u00bb global_colors_info=\u00bb{}\u00bb]@ET-DC@eyJkeW5hbWljIjp0cnVlLCJjb250ZW50IjoicG9zdF90aXRsZSIsInNldHRpbmdzIjp7ImJlZm9yZSI6IjxhIGhyZWY9XCJodHRwczovL2RlbW8yLmVnbS5hdC93d3cubGFyaXgtZW5naW5lZXJpbmcuYXQvZXMvXCI+SG9tZTwvYT4vTm9zb3Ryb3MvIiwiYWZ0ZXIiOiIiLCJlbmFibGVfaHRtbCI6Im9mZiJ9fQ==@[\/et_pb_text][et_pb_text _builder_version=\u00bb4.25.1&#8243; _module_preset=\u00bbdefault\u00bb header_font=\u00bbuniviraproregular|500|||||||\u00bb header_text_color=\u00bb#478a5e\u00bb header_font_size=\u00bb35px\u00bb header_line_height=\u00bb35px\u00bb custom_margin=\u00bb0px||25px||false|false\u00bb header_font_size_tablet=\u00bb35px\u00bb header_font_size_phone=\u00bb30px\u00bb header_font_size_last_edited=\u00bbon|phone\u00bb header_line_height_tablet=\u00bb35px\u00bb header_line_height_phone=\u00bb30px\u00bb header_line_height_last_edited=\u00bbon|desktop\u00bb global_colors_info=\u00bb{}\u00bb]<\/p>\n<h1>Historia<\/h1>\n<p>[\/et_pb_text][et_pb_text _builder_version=\u00bb4.27.0&#8243; _module_preset=\u00bbdefault\u00bb text_font=\u00bbproxima-nova||||||||\u00bb text_text_color=\u00bb#103741&#8243; text_font_size=\u00bb22px\u00bb text_line_height=\u00bb36px\u00bb custom_margin=\u00bb0px||0px||true|false\u00bb custom_padding=\u00bb0px||0px||true|false\u00bb text_font_size_tablet=\u00bb26px\u00bb text_font_size_phone=\u00bb15px\u00bb text_font_size_last_edited=\u00bbon|phone\u00bb text_line_height_tablet=\u00bb36px\u00bb text_line_height_phone=\u00bb24px\u00bb text_line_height_last_edited=\u00bbon|desktop\u00bb global_colors_info=\u00bb{}\u00bb]<\/p>\n<p>La historia de Larix Engineering comienza en oto\u00f1o de 2011, con la fundaci\u00f3n de la oficina de Viena de IPJ Ingenieurb\u00fcro P. Jung GmbH, con sede en Colonia.<\/p>\n<p>De cuatro empleados en aquel momento, la empresa ha crecido de forma constante y saludable hasta alcanzar los 20 empleados actuales. Desde 2013, tambi\u00e9n existe una asociaci\u00f3n de oficinas con el IBR&amp;I Institute of Building Research &amp; Innovation ZT-GmbH. <\/p>\n<p>En 2015, el crecimiento del personal fue acompa\u00f1ado de un traslado a la ubicaci\u00f3n actual en el primer distrito de Viena, Tiefer Graben 21, donde Larix Engineering, al igual que IBR&amp;I, sigue estando ubicada en la actualidad. En 2023, el espacio de oficinas en la misma ubicaci\u00f3n se ampli\u00f3 significativamente y se extendi\u00f3 de forma atractiva. <\/p>\n<p>Este crecimiento vino acompa\u00f1ado de un mayor desarrollo de nuestra cartera de servicios. Hemos ampliado nuestra competencia b\u00e1sica original de simulaci\u00f3n termodin\u00e1mica de edificios a una amplia gama de servicios de planificaci\u00f3n y consultor\u00eda en las cuatro \u00e1reas especializadas de simulaci\u00f3n, f\u00edsica de la construcci\u00f3n, dise\u00f1o energ\u00e9tico y certificaci\u00f3n. <\/p>\n<p>El cambio de nombre de IPJ Ingenieurb\u00fcro P. Jung GmbH a Larix Engineering GmbH tuvo lugar en 2023, al mismo tiempo que el anterior socio alem\u00e1n abandon\u00f3 la empresa. Larix Engineering es ahora propiedad exclusiva de sus tres directores gerentes: <br \/><strong>Peter Holzer<\/strong> como fundador de la empresa (2011),<br \/><strong>Matthias Kendlbacher<\/strong>, como empleado desde el principio (tambi\u00e9n desde 2011) y<br \/><strong>David Stuckey<\/strong>, que se incorpor\u00f3 a la empresa en 2018.<\/p>\n<p>&nbsp;<\/p>\n<p>&nbsp;<\/p>\n<p>&nbsp;<\/p>\n<p>[\/et_pb_text][\/et_pb_column][et_pb_column type=\u00bb1_4&#8243; _builder_version=\u00bb4.24.3&#8243; _module_preset=\u00bbdefault\u00bb global_colors_info=\u00bb{}\u00bb][\/et_pb_column][\/et_pb_row][\/et_pb_section]<\/p>\n","protected":false},"excerpt":{"rendered":"<p>HistoriaLa historia de Larix Engineering comienza en oto\u00f1o de 2011, con la fundaci\u00f3n de la oficina de Viena de IPJ Ingenieurb\u00fcro P. Jung GmbH, con sede en Colonia. De cuatro empleados en aquel momento, la empresa ha crecido de forma constante y saludable hasta alcanzar los 20 empleados actuales. Desde 2013, tambi\u00e9n existe una asociaci\u00f3n [&hellip;]<\/p>\n","protected":false},"author":1,"featured_media":0,"parent":0,"menu_order":0,"comment_status":"closed","ping_status":"closed","template":"","meta":{"_acf_changed":false,"_et_pb_use_builder":"on","_et_pb_old_content":"","_et_gb_content_width":"","inline_featured_image":false,"footnotes":""},"difl_page_category":[99],"class_list":["post-289361","page","type-page","status-publish","hentry","difl_page_category-de"],"acf":[],"yoast_head":"<!-- This site is optimized with the Yoast SEO plugin v27.5 - https:\/\/yoast.com\/product\/yoast-seo-wordpress\/ -->\n<title>Historia - Larix Engineering<\/title>\n<meta name=\"robots\" content=\"index, follow, max-snippet:-1, max-image-preview:large, max-video-preview:-1\" \/>\n<link rel=\"canonical\" href=\"https:\/\/www.larix-engineering.at\/es\/geschichte\/\" \/>\n<meta property=\"og:locale\" content=\"es_ES\" \/>\n<meta property=\"og:type\" content=\"article\" \/>\n<meta property=\"og:title\" content=\"Historia - Larix Engineering\" \/>\n<meta property=\"og:description\" content=\"HistoriaLa historia de Larix Engineering comienza en oto\u00f1o de 2011, con la fundaci\u00f3n de la oficina de Viena de IPJ Ingenieurb\u00fcro P. Jung GmbH, con sede en Colonia. De cuatro empleados en aquel momento, la empresa ha crecido de forma constante y saludable hasta alcanzar los 20 empleados actuales. Desde 2013, tambi\u00e9n existe una asociaci\u00f3n [&hellip;]\" \/>\n<meta property=\"og:url\" content=\"https:\/\/www.larix-engineering.at\/es\/geschichte\/\" \/>\n<meta property=\"og:site_name\" content=\"Larix Engineering\" \/>\n<meta property=\"article:modified_time\" content=\"2025-08-18T10:06:20+00:00\" \/>\n<meta name=\"twitter:card\" content=\"summary_large_image\" \/>\n<meta name=\"twitter:label1\" content=\"Tiempo de lectura\" \/>\n\t<meta name=\"twitter:data1\" content=\"2 minutos\" \/>\n<script type=\"application\/ld+json\" class=\"yoast-schema-graph\">{\"@context\":\"https:\\\/\\\/schema.org\",\"@graph\":[{\"@type\":\"WebPage\",\"@id\":\"https:\\\/\\\/www.larix-engineering.at\\\/es\\\/geschichte\\\/\",\"url\":\"https:\\\/\\\/www.larix-engineering.at\\\/es\\\/geschichte\\\/\",\"name\":\"Historia - Larix Engineering\",\"isPartOf\":{\"@id\":\"https:\\\/\\\/www.larix-engineering.at\\\/#website\"},\"datePublished\":\"2024-05-30T13:16:04+00:00\",\"dateModified\":\"2025-08-18T10:06:20+00:00\",\"breadcrumb\":{\"@id\":\"https:\\\/\\\/www.larix-engineering.at\\\/es\\\/geschichte\\\/#breadcrumb\"},\"inLanguage\":\"es\",\"potentialAction\":[{\"@type\":\"ReadAction\",\"target\":[\"https:\\\/\\\/www.larix-engineering.at\\\/es\\\/geschichte\\\/\"]}]},{\"@type\":\"BreadcrumbList\",\"@id\":\"https:\\\/\\\/www.larix-engineering.at\\\/es\\\/geschichte\\\/#breadcrumb\",\"itemListElement\":[{\"@type\":\"ListItem\",\"position\":1,\"name\":\"Home\",\"item\":\"https:\\\/\\\/www.larix-engineering.at\\\/\"},{\"@type\":\"ListItem\",\"position\":2,\"name\":\"Historia\"}]},{\"@type\":\"WebSite\",\"@id\":\"https:\\\/\\\/www.larix-engineering.at\\\/#website\",\"url\":\"https:\\\/\\\/www.larix-engineering.at\\\/\",\"name\":\"Larix Engineering\",\"description\":\"sustainable building solutions\",\"publisher\":{\"@id\":\"https:\\\/\\\/www.larix-engineering.at\\\/#organization\"},\"potentialAction\":[{\"@type\":\"SearchAction\",\"target\":{\"@type\":\"EntryPoint\",\"urlTemplate\":\"https:\\\/\\\/www.larix-engineering.at\\\/?s={search_term_string}\"},\"query-input\":{\"@type\":\"PropertyValueSpecification\",\"valueRequired\":true,\"valueName\":\"search_term_string\"}}],\"inLanguage\":\"es\"},{\"@type\":\"Organization\",\"@id\":\"https:\\\/\\\/www.larix-engineering.at\\\/#organization\",\"name\":\"Larix Engineering\",\"url\":\"https:\\\/\\\/www.larix-engineering.at\\\/\",\"logo\":{\"@type\":\"ImageObject\",\"inLanguage\":\"es\",\"@id\":\"https:\\\/\\\/www.larix-engineering.at\\\/#\\\/schema\\\/logo\\\/image\\\/\",\"url\":\"https:\\\/\\\/www.larix-engineering.at\\\/wp-content\\\/uploads\\\/2024\\\/05\\\/cropped-favicon.png\",\"contentUrl\":\"https:\\\/\\\/www.larix-engineering.at\\\/wp-content\\\/uploads\\\/2024\\\/05\\\/cropped-favicon.png\",\"width\":512,\"height\":512,\"caption\":\"Larix Engineering\"},\"image\":{\"@id\":\"https:\\\/\\\/www.larix-engineering.at\\\/#\\\/schema\\\/logo\\\/image\\\/\"}}]}<\/script>\n<!-- \/ Yoast SEO plugin. -->","yoast_head_json":{"title":"Historia - Larix Engineering","robots":{"index":"index","follow":"follow","max-snippet":"max-snippet:-1","max-image-preview":"max-image-preview:large","max-video-preview":"max-video-preview:-1"},"canonical":"https:\/\/www.larix-engineering.at\/es\/geschichte\/","og_locale":"es_ES","og_type":"article","og_title":"Historia - Larix Engineering","og_description":"HistoriaLa historia de Larix Engineering comienza en oto\u00f1o de 2011, con la fundaci\u00f3n de la oficina de Viena de IPJ Ingenieurb\u00fcro P. Jung GmbH, con sede en Colonia. De cuatro empleados en aquel momento, la empresa ha crecido de forma constante y saludable hasta alcanzar los 20 empleados actuales. Desde 2013, tambi\u00e9n existe una asociaci\u00f3n [&hellip;]","og_url":"https:\/\/www.larix-engineering.at\/es\/geschichte\/","og_site_name":"Larix Engineering","article_modified_time":"2025-08-18T10:06:20+00:00","twitter_card":"summary_large_image","twitter_misc":{"Tiempo de lectura":"2 minutos"},"schema":{"@context":"https:\/\/schema.org","@graph":[{"@type":"WebPage","@id":"https:\/\/www.larix-engineering.at\/es\/geschichte\/","url":"https:\/\/www.larix-engineering.at\/es\/geschichte\/","name":"Historia - Larix Engineering","isPartOf":{"@id":"https:\/\/www.larix-engineering.at\/#website"},"datePublished":"2024-05-30T13:16:04+00:00","dateModified":"2025-08-18T10:06:20+00:00","breadcrumb":{"@id":"https:\/\/www.larix-engineering.at\/es\/geschichte\/#breadcrumb"},"inLanguage":"es","potentialAction":[{"@type":"ReadAction","target":["https:\/\/www.larix-engineering.at\/es\/geschichte\/"]}]},{"@type":"BreadcrumbList","@id":"https:\/\/www.larix-engineering.at\/es\/geschichte\/#breadcrumb","itemListElement":[{"@type":"ListItem","position":1,"name":"Home","item":"https:\/\/www.larix-engineering.at\/"},{"@type":"ListItem","position":2,"name":"Historia"}]},{"@type":"WebSite","@id":"https:\/\/www.larix-engineering.at\/#website","url":"https:\/\/www.larix-engineering.at\/","name":"Larix Engineering","description":"sustainable building solutions","publisher":{"@id":"https:\/\/www.larix-engineering.at\/#organization"},"potentialAction":[{"@type":"SearchAction","target":{"@type":"EntryPoint","urlTemplate":"https:\/\/www.larix-engineering.at\/?s={search_term_string}"},"query-input":{"@type":"PropertyValueSpecification","valueRequired":true,"valueName":"search_term_string"}}],"inLanguage":"es"},{"@type":"Organization","@id":"https:\/\/www.larix-engineering.at\/#organization","name":"Larix Engineering","url":"https:\/\/www.larix-engineering.at\/","logo":{"@type":"ImageObject","inLanguage":"es","@id":"https:\/\/www.larix-engineering.at\/#\/schema\/logo\/image\/","url":"https:\/\/www.larix-engineering.at\/wp-content\/uploads\/2024\/05\/cropped-favicon.png","contentUrl":"https:\/\/www.larix-engineering.at\/wp-content\/uploads\/2024\/05\/cropped-favicon.png","width":512,"height":512,"caption":"Larix Engineering"},"image":{"@id":"https:\/\/www.larix-engineering.at\/#\/schema\/logo\/image\/"}}]}},"_links":{"self":[{"href":"https:\/\/www.larix-engineering.at\/es\/wp-json\/wp\/v2\/pages\/289361","targetHints":{"allow":["GET"]}}],"collection":[{"href":"https:\/\/www.larix-engineering.at\/es\/wp-json\/wp\/v2\/pages"}],"about":[{"href":"https:\/\/www.larix-engineering.at\/es\/wp-json\/wp\/v2\/types\/page"}],"author":[{"embeddable":true,"href":"https:\/\/www.larix-engineering.at\/es\/wp-json\/wp\/v2\/users\/1"}],"replies":[{"embeddable":true,"href":"https:\/\/www.larix-engineering.at\/es\/wp-json\/wp\/v2\/comments?post=289361"}],"version-history":[{"count":8,"href":"https:\/\/www.larix-engineering.at\/es\/wp-json\/wp\/v2\/pages\/289361\/revisions"}],"predecessor-version":[{"id":289812,"href":"https:\/\/www.larix-engineering.at\/es\/wp-json\/wp\/v2\/pages\/289361\/revisions\/289812"}],"wp:attachment":[{"href":"https:\/\/www.larix-engineering.at\/es\/wp-json\/wp\/v2\/media?parent=289361"}],"wp:term":[{"taxonomy":"difl_page_category","embeddable":true,"href":"https:\/\/www.larix-engineering.at\/es\/wp-json\/wp\/v2\/difl_page_category?post=289361"}],"curies":[{"name":"wp","href":"https:\/\/api.w.org\/{rel}","templated":true}]}}