{"id":289209,"date":"2024-05-30T15:27:54","date_gmt":"2024-05-30T13:27:54","guid":{"rendered":"https:\/\/www.larix-engineering.at\/dsgvo\/"},"modified":"2025-08-05T13:30:50","modified_gmt":"2025-08-05T11:30:50","slug":"dsgvo","status":"publish","type":"page","link":"https:\/\/www.larix-engineering.at\/es\/dsgvo\/","title":{"rendered":"DSGVO"},"content":{"rendered":"<p>[et_pb_section fb_built=\u00bb1&#8243; _builder_version=\u00bb4.25.1&#8243; _module_preset=\u00bbdefault\u00bb custom_padding=\u00bb||||false|false\u00bb global_colors_info=\u00bb{}\u00bb][et_pb_row column_structure=\u00bb3_4,1_4&#8243; _builder_version=\u00bb4.25.1&#8243; _module_preset=\u00bbdefault\u00bb module_alignment=\u00bbcenter\u00bb custom_margin=\u00bb70px||||false|false\u00bb global_colors_info=\u00bb{}\u00bb][et_pb_column type=\u00bb3_4&#8243; _builder_version=\u00bb4.25.1&#8243; _module_preset=\u00bbdefault\u00bb global_colors_info=\u00bb{}\u00bb][et_pb_text _builder_version=\u00bb4.25.1&#8243; _dynamic_attributes=\u00bbcontent\u00bb _module_preset=\u00bbdefault\u00bb text_font=\u00bbproxima-nova|||on|||||\u00bb text_text_color=\u00bb#103741&#8243; text_line_height=\u00bb24px\u00bb link_text_color=\u00bb#103741&#8243; custom_margin=\u00bb||25px||false|false\u00bb custom_margin_tablet=\u00bb||25px||false|false\u00bb custom_margin_phone=\u00bb||25px||false|false\u00bb custom_margin_last_edited=\u00bbon|desktop\u00bb custom_padding=\u00bb0px||||false|false\u00bb hover_enabled=\u00bb0&#8243; text_font_size_tablet=\u00bb\u00bb text_font_size_phone=\u00bb\u00bb text_font_size_last_edited=\u00bbon|desktop\u00bb text_line_height_tablet=\u00bb24px\u00bb text_line_height_phone=\u00bb24px\u00bb text_line_height_last_edited=\u00bbon|desktop\u00bb global_colors_info=\u00bb{}\u00bb sticky_enabled=\u00bb0&#8243;]@ET-DC@eyJkeW5hbWljIjp0cnVlLCJjb250ZW50IjoicG9zdF90aXRsZSIsInNldHRpbmdzIjp7ImJlZm9yZSI6IjxhIGhyZWY9XCIvaG9tZS9cIj5Ib21lPC9hPi8iLCJhZnRlciI6IiJ9fQ==@[\/et_pb_text][et_pb_text _builder_version=\u00bb4.25.0&#8243; _module_preset=\u00bbdefault\u00bb header_font=\u00bbuniviraproregular|500|||||||\u00bb header_text_color=\u00bb#478a5e\u00bb header_font_size=\u00bb35px\u00bb header_line_height=\u00bb35px\u00bb custom_margin=\u00bb0px||25px||false|false\u00bb hover_enabled=\u00bb0&#8243; header_font_size_tablet=\u00bb35px\u00bb header_font_size_phone=\u00bb30px\u00bb header_font_size_last_edited=\u00bbon|phone\u00bb header_line_height_tablet=\u00bb35px\u00bb header_line_height_phone=\u00bb30px\u00bb header_line_height_last_edited=\u00bbon|desktop\u00bb global_colors_info=\u00bb{}\u00bb sticky_enabled=\u00bb0&#8243;]<\/p>\n<h1>Datenschutzerkl\u00e4rung<\/h1>\n<p>[\/et_pb_text][et_pb_text _builder_version=\u00bb4.27.4&#8243; _module_preset=\u00bbdefault\u00bb text_font=\u00bbproxima-nova||||||||\u00bb text_text_color=\u00bb#103741&#8243; text_font_size=\u00bb22px\u00bb text_line_height=\u00bb36px\u00bb header_2_font=\u00bb|600|||||||\u00bb header_2_text_color=\u00bb#103741&#8243; header_2_font_size=\u00bb28px\u00bb custom_margin=\u00bb0px||0px||true|false\u00bb custom_padding=\u00bb0px||0px|0px|true|false\u00bb hover_enabled=\u00bb0&#8243; text_font_size_tablet=\u00bb26px\u00bb text_font_size_phone=\u00bb15px\u00bb text_font_size_last_edited=\u00bbon|phone\u00bb text_line_height_tablet=\u00bb36px\u00bb text_line_height_phone=\u00bb24px\u00bb text_line_height_last_edited=\u00bbon|desktop\u00bb global_colors_info=\u00bb{}\u00bb sticky_enabled=\u00bb0&#8243;]Diese Erkl\u00e4rung beschreibt, wie die Larix Engineering GmbH, in 1010 Wien, Wipplingerstra\u00dfe 23\/3, Gesch\u00e4ftsf\u00fchrer Dipl.-Ing. Dr. Peter Holzer, DI Matthias Kendlbacher, David Stuckey, MSc, Ihre personenbezogenen Daten verarbeitet. Die Erkl\u00e4rung richtet sich an Auftraggeber, Auftragnehmer, Kunden, Klienten und Kooperationspartner sowie ihre jeweiligen Gesellschafter, Organe und sonstigen Mitarbeiter.<\/p>\n<h2>1. Zwecke der Datenverarbeitung<\/h2>\n<p>Wir verarbeiten Ihre personenbezogenen Daten zu folgenden Zwecken:<\/p>\n<ul>\n<li>zur Begr\u00fcndung, Verwaltung und Abwicklung der Gesch\u00e4ftsbeziehung;<\/li>\n<li>zur internen Organisation;<\/li>\n<li>und soweit jeweils beauftrat , hierin speziell als BauherrInnenvertretung in s\u00e4mtlichen daf\u00fcr gesetzlich vorgesehenen Angelegenheiten.<\/li>\n<\/ul>\n<p>Soweit wir Ihre personenbezogenen Daten bei Ihnen selbst erheben, ist die Bereitstellung Ihrer Daten grunds\u00e4tzlich freiwillig.<span style=\"font-size: small;\"><sup>1<\/sup><\/span> Allerdings kann ich den Auftrag nicht oder nicht vollst\u00e4ndig erf\u00fcllen, wenn Sie Ihre personenbezogenen Daten nicht bereitstellen.<\/p>\n<h2>2. Rechtsgrundlagen der Verarbeitung<\/h2>\n<p>Ich verarbeite Ihre personenbezogenen Daten, weil dies erforderlich ist, um den mit Ihnen geschlossenen Vertrag zu erf\u00fcllen (Art. 6 Abs. 1 lit. b DSGVO). Im \u00dcbrigen verarbeite ich Ihre personenbezogenen Daten auf der Grundlage des \u00fcberwiegenden berechtigten Interesses, die unter Punkt 1 genannten Zwecke zu erreichen (Art. 6 Abs. 1 lit. f DSGVO) und auf der gesetzlichen Grundlage des WTBG 2017 (Art. 9 Abs. 2 lit. g DSGVO).<\/p>\n<h2>3. \u00dcbermittlung Ihrer personenbezogenen Daten<\/h2>\n<p>Soweit dies zu den unter Punkt 1 genannten Zwecken zwingend erforderlich ist, \u00fcbermittle ich Ihre personenbezogenen Daten an folgende Empf\u00e4nger:<\/p>\n<ul>\n<li>von mir eingesetzte IT-Dienstleister,<\/li>\n<li>Verwaltungsbeh\u00f6rden, Gerichte und K\u00f6rperschaften des \u00f6ffentlichen Rechtes,<\/li>\n<li>Auftraggeber, Auftragnehmer, Kunden, Klienten und Kooperationspartner, soweit es sich um Daten der Gesellschafter, Organe und sonstigen Mitarbeiter des jeweiligen Auftraggeber, Auftragnehmer, Kunden, Klienten und Kooperationspartner handelt,<\/li>\n<li>Kooperationspartner und f\u00fcr uns t\u00e4tige Rechtsvertreter,<\/li>\n<li>vom Klienten bestimmte sonstige Empf\u00e4nger<\/li>\n<li>\u00a0Gl\u00e4ubiger des Dienstnehmers sowie sonstige an der allenfalls damit verbundenen Rechtsverfolgung Beteiligte, auch bei freiwilligen Gehaltsabtretungen f\u00fcr f\u00e4llige Forderungen,<\/li>\n<li>Organe der betrieblichen und gesetzlichen Interessensvertretung,<\/li>\n<li>Inkassounternehmen zur Schuldeneintreibung<\/li>\n<li>Banken im Auftrag des Klienten<\/li>\n<\/ul>\n<h2>4. Speicherdauer<\/h2>\n<p>Wir speichern Ihre personenbezogenen Daten grunds\u00e4tzlich bis zur Beendigung der Gesch\u00e4ftsbeziehung im Rahmen derer wir Ihre Daten erhoben haben oder bis zum Ablauf der anwendbaren gesetzlichen Verj\u00e4hrungs- und Aufbewahrungsfristen; dar\u00fcber hinaus bis zur Beendigung von allf\u00e4lligen Rechtsstreitigkeiten, bei denen die Daten als Beweis ben\u00f6tigt werden.<span style=\"font-size: small;\"><sup>2<\/sup><\/span><\/p>\n<h2>5. Ihre Rechte im Zusammenhang mit personenbezogenen Daten<\/h2>\n<p>Sie sind unter anderem berechtigt (i) zu \u00fcberpr\u00fcfen, ob und welche personenbezogenen Daten ich \u00fcber Sie verarbeite und Kopien dieser Daten zu erhalten, (ii) die Berichtigung, Erg\u00e4nzung, oder L\u00f6schung Ihrer personenbezogenen Daten zu verlangen, soweit diese falsch sind oder nicht rechtskonform verarbeitet werden, (iii) von mir zu verlangen, die Verarbeitung Ihrer personenbezogenen Daten einzuschr\u00e4nken, (iv) unter bestimmten Umst\u00e4nden der Verarbeitung Ihrer personenbezogenen Daten zu widersprechen oder die f\u00fcr die Verarbeitung zuvor gegebene Einwilligung zu widerrufen, wobei ein Widerruf die Rechtsm\u00e4\u00dfigkeit der vor dem Widerruf erfolgten Verarbeitung nicht ber\u00fchrt, (v) Daten\u00fcbertragbarkeit zu verlangen, soweit Sie mein Auftraggeber, Auftragnehmer, Kunden, Klienten und Kooperationspartner sind, (vi) die Identit\u00e4t von Dritten, an welche Ihre personenbezogenen Daten \u00fcbermittelt werden, zu kennen und (vii) bei der Datenschutzbeh\u00f6rde Beschwerde zu erheben.<\/p>\n<h2>6. Kontaktdaten<\/h2>\n<p>Sollten Sie zu dieser Erkl\u00e4rung Fragen haben oder Antr\u00e4ge stellen wollen, wenden Sie sich bitte an:<br \/>\nPeter Holzer<span style=\"font-size: small;\"><sup>3<\/sup><\/span><br \/>\nWipplingerstra\u00dfe 23\/3 1010 Wien<br \/>\n<a href=\"mailto:mail@larix-engineering.at\">mail@larix-engineering.at<\/a><\/p>\n<h2>Anmerkungen<\/h2>\n<p><span style=\"font-size: small;\"><sup>1<\/sup><\/span><strong>Anmerkung:<\/strong> Auf unserer Webseite https:\/\/www.larix-engineering.at\/ verwenden wir Ihre personenbezogenen Daten nur nach Ihrer expliziten Einwilligung und nach \u00dcbermittlung unsere Datenschutzerkl\u00e4rung-Web-seite. Unsere Web-Seite verf\u00fcgt \u00fcber keine Shopfunktion.<\/p>\n<p><span style=\"font-size: small;\"><sup>2<\/sup><\/span> <strong>Anmerkung: Hinweise zum L\u00f6schkonzept<br \/>\n<\/strong><\/p>\n<p><strong>Rechnungswesen und Steuerrecht: <\/strong><\/p>\n<ul>\n<li>Steuerrechtliche Aufbewahrungspflicht nach \u00a7 132 Abs 1 BAO: 7 Jahre dar\u00fcberhin-ausgehend solange sie f\u00fcr die Abgabenbeh\u00f6rde in einem anh\u00e4ngigen Verfahren von Bedeutung sind)<\/li>\n<li>Unternehmensrechtliche Aufbewahrungspflicht nach \u00a7\u00a7 190, 212 UGB: 7 Jahre<\/li>\n<li>Umsatzsteuerrechtliche Aufbewahrungspflichten nach \u00a7 18 Abs 10 UStG (Spezialbestimmung f\u00fcr Grundst\u00fccke): 22 Jahre<\/li>\n<li>Umsatzsteuerrechtliche Aufbewahrungspflicht nach \u00a7 18 Abs 2 3. Unterabsatz: 7 Jahre<\/li>\n<\/ul>\n<p><strong>Vertragswesen: <\/strong><\/p>\n<ul>\n<li>Gew\u00e4hrleistung nach \u00a7 933 ABGB: 2 Jahre (bewegliche Sachen), 3 Jahre (unbewegliche Sachen)<\/li>\n<li>Kaufpreisforderung bei beweglichen Sachen nach \u00a7 1062 iVm \u00a7 1486 ABGB: 3 Jahre<\/li>\n<li>Kaufpreisforderung bei unbeweglichen Sachen (e contrario \u00a7 1486 ABGB): 30 Jahre<\/li>\n<li>Forderungen von Miet- und Pachtzinsen nach \u00a7 1486 ABGB: 3 Jahre Anspr\u00fcche aus einem Werkvertrag nach \u00a7 1486 ABGB (wenn die Leistung im Rahmen eines gewerblichen oder sonstigen gesch\u00e4ftlichen Betriebs erbracht wurde): 3 Jahre<\/li>\n<li>Allgemeiner Schadenersatz nach \u00a7 1489 ABGB (Entsch\u00e4digungsklagen): 3 Jahre (wenn Schaden und Sch\u00e4diger bekannt) \/ansonsten 30 Jahre (betrifft insbesondere auch Arbeitsunf\u00e4lle!)<\/li>\n<li>Haftungsanspr\u00fcche nach \u00a7 13 PHG: 10 Jahre<\/li>\n<\/ul>\n<p><span style=\"font-size: small;\"><sup>3<\/sup><\/span> <strong>Anmerkung:<\/strong> Da die Kernt\u00e4tigkeit der Larix Engineering GmbH nicht in der Durchf\u00fchrung von Verarbeitungsvorg\u00e4ngen besteht, die aufgrund ihrer Art, ihres Umfanges und\/oder ihrer Zwecke eine umfangreiche regelm\u00e4\u00dfige und systematische \u00dcberwachung von betroffenen Personen erforderlich machen (z.B. Banken, Versicherungen, Kreditausk\u00fcnften und Berufsdetektive), und da die Kernt\u00e4tigkeit der Larix Engineering GmbH nicht in der umfangreichen Verarbeitung sensibler Daten oder von Daten \u00fcber strafrechtliche Verurteilungen oder Straftaten besteht (z.B. Krankenanstalten), verf\u00fcgt die Larix Engineering GmbH \u00fcber keine Datenschutzbeauftragte beziehungsweise keinen Datenschutzbeauftragten.[\/et_pb_text][\/et_pb_column][et_pb_column type=\u00bb1_4&#8243; admin_label=\u00bbColumn\u00bb _builder_version=\u00bb4.24.3&#8243; _module_preset=\u00bbdefault\u00bb global_colors_info=\u00bb{}\u00bb][\/et_pb_column][\/et_pb_row][\/et_pb_section]<\/p>\n","protected":false},"excerpt":{"rendered":"<p>Datenschutzerkl\u00e4rungDiese Erkl\u00e4rung beschreibt, wie die Larix Engineering GmbH, in 1010 Wien, Wipplingerstra\u00dfe 23\/3, Gesch\u00e4ftsf\u00fchrer Dipl.-Ing. Dr. Peter Holzer, DI Matthias Kendlbacher, David Stuckey, MSc, Ihre personenbezogenen Daten verarbeitet. Die Erkl\u00e4rung richtet sich an Auftraggeber, Auftragnehmer, Kunden, Klienten und Kooperationspartner sowie ihre jeweiligen Gesellschafter, Organe und sonstigen Mitarbeiter. 1. Zwecke der Datenverarbeitung Wir verarbeiten Ihre personenbezogenen [&hellip;]<\/p>\n","protected":false},"author":1,"featured_media":0,"parent":0,"menu_order":0,"comment_status":"closed","ping_status":"closed","template":"","meta":{"_acf_changed":false,"_et_pb_use_builder":"on","_et_pb_old_content":"","_et_gb_content_width":"","inline_featured_image":false,"footnotes":""},"difl_page_category":[99],"class_list":["post-289209","page","type-page","status-publish","hentry","difl_page_category-de"],"acf":[],"yoast_head":"<!-- This site is optimized with the Yoast SEO plugin v27.5 - https:\/\/yoast.com\/product\/yoast-seo-wordpress\/ -->\n<title>DSGVO - Larix Engineering<\/title>\n<meta name=\"robots\" content=\"index, follow, max-snippet:-1, max-image-preview:large, max-video-preview:-1\" \/>\n<link rel=\"canonical\" href=\"https:\/\/www.larix-engineering.at\/es\/dsgvo\/\" \/>\n<meta property=\"og:locale\" content=\"es_ES\" \/>\n<meta property=\"og:type\" content=\"article\" \/>\n<meta property=\"og:title\" content=\"DSGVO - Larix Engineering\" \/>\n<meta property=\"og:description\" content=\"Datenschutzerkl\u00e4rungDiese Erkl\u00e4rung beschreibt, wie die Larix Engineering GmbH, in 1010 Wien, Wipplingerstra\u00dfe 23\/3, Gesch\u00e4ftsf\u00fchrer Dipl.-Ing. Dr. Peter Holzer, DI Matthias Kendlbacher, David Stuckey, MSc, Ihre personenbezogenen Daten verarbeitet. Die Erkl\u00e4rung richtet sich an Auftraggeber, Auftragnehmer, Kunden, Klienten und Kooperationspartner sowie ihre jeweiligen Gesellschafter, Organe und sonstigen Mitarbeiter. 1. Zwecke der Datenverarbeitung Wir verarbeiten Ihre personenbezogenen [&hellip;]\" \/>\n<meta property=\"og:url\" content=\"https:\/\/www.larix-engineering.at\/es\/dsgvo\/\" \/>\n<meta property=\"og:site_name\" content=\"Larix Engineering\" \/>\n<meta property=\"article:modified_time\" content=\"2025-08-05T11:30:50+00:00\" \/>\n<meta name=\"twitter:card\" content=\"summary_large_image\" \/>\n<meta name=\"twitter:label1\" content=\"Tiempo de lectura\" \/>\n\t<meta name=\"twitter:data1\" content=\"6 minutos\" \/>\n<script type=\"application\/ld+json\" class=\"yoast-schema-graph\">{\"@context\":\"https:\\\/\\\/schema.org\",\"@graph\":[{\"@type\":\"WebPage\",\"@id\":\"https:\\\/\\\/www.larix-engineering.at\\\/es\\\/dsgvo\\\/\",\"url\":\"https:\\\/\\\/www.larix-engineering.at\\\/es\\\/dsgvo\\\/\",\"name\":\"DSGVO - Larix Engineering\",\"isPartOf\":{\"@id\":\"https:\\\/\\\/www.larix-engineering.at\\\/#website\"},\"datePublished\":\"2024-05-30T13:27:54+00:00\",\"dateModified\":\"2025-08-05T11:30:50+00:00\",\"breadcrumb\":{\"@id\":\"https:\\\/\\\/www.larix-engineering.at\\\/es\\\/dsgvo\\\/#breadcrumb\"},\"inLanguage\":\"es\",\"potentialAction\":[{\"@type\":\"ReadAction\",\"target\":[\"https:\\\/\\\/www.larix-engineering.at\\\/es\\\/dsgvo\\\/\"]}]},{\"@type\":\"BreadcrumbList\",\"@id\":\"https:\\\/\\\/www.larix-engineering.at\\\/es\\\/dsgvo\\\/#breadcrumb\",\"itemListElement\":[{\"@type\":\"ListItem\",\"position\":1,\"name\":\"Home\",\"item\":\"https:\\\/\\\/www.larix-engineering.at\\\/\"},{\"@type\":\"ListItem\",\"position\":2,\"name\":\"DSGVO\"}]},{\"@type\":\"WebSite\",\"@id\":\"https:\\\/\\\/www.larix-engineering.at\\\/#website\",\"url\":\"https:\\\/\\\/www.larix-engineering.at\\\/\",\"name\":\"Larix Engineering\",\"description\":\"sustainable building solutions\",\"publisher\":{\"@id\":\"https:\\\/\\\/www.larix-engineering.at\\\/#organization\"},\"potentialAction\":[{\"@type\":\"SearchAction\",\"target\":{\"@type\":\"EntryPoint\",\"urlTemplate\":\"https:\\\/\\\/www.larix-engineering.at\\\/?s={search_term_string}\"},\"query-input\":{\"@type\":\"PropertyValueSpecification\",\"valueRequired\":true,\"valueName\":\"search_term_string\"}}],\"inLanguage\":\"es\"},{\"@type\":\"Organization\",\"@id\":\"https:\\\/\\\/www.larix-engineering.at\\\/#organization\",\"name\":\"Larix Engineering\",\"url\":\"https:\\\/\\\/www.larix-engineering.at\\\/\",\"logo\":{\"@type\":\"ImageObject\",\"inLanguage\":\"es\",\"@id\":\"https:\\\/\\\/www.larix-engineering.at\\\/#\\\/schema\\\/logo\\\/image\\\/\",\"url\":\"https:\\\/\\\/www.larix-engineering.at\\\/wp-content\\\/uploads\\\/2024\\\/05\\\/cropped-favicon.png\",\"contentUrl\":\"https:\\\/\\\/www.larix-engineering.at\\\/wp-content\\\/uploads\\\/2024\\\/05\\\/cropped-favicon.png\",\"width\":512,\"height\":512,\"caption\":\"Larix Engineering\"},\"image\":{\"@id\":\"https:\\\/\\\/www.larix-engineering.at\\\/#\\\/schema\\\/logo\\\/image\\\/\"}}]}<\/script>\n<!-- \/ Yoast SEO plugin. -->","yoast_head_json":{"title":"DSGVO - Larix Engineering","robots":{"index":"index","follow":"follow","max-snippet":"max-snippet:-1","max-image-preview":"max-image-preview:large","max-video-preview":"max-video-preview:-1"},"canonical":"https:\/\/www.larix-engineering.at\/es\/dsgvo\/","og_locale":"es_ES","og_type":"article","og_title":"DSGVO - Larix Engineering","og_description":"Datenschutzerkl\u00e4rungDiese Erkl\u00e4rung beschreibt, wie die Larix Engineering GmbH, in 1010 Wien, Wipplingerstra\u00dfe 23\/3, Gesch\u00e4ftsf\u00fchrer Dipl.-Ing. Dr. Peter Holzer, DI Matthias Kendlbacher, David Stuckey, MSc, Ihre personenbezogenen Daten verarbeitet. Die Erkl\u00e4rung richtet sich an Auftraggeber, Auftragnehmer, Kunden, Klienten und Kooperationspartner sowie ihre jeweiligen Gesellschafter, Organe und sonstigen Mitarbeiter. 1. Zwecke der Datenverarbeitung Wir verarbeiten Ihre personenbezogenen [&hellip;]","og_url":"https:\/\/www.larix-engineering.at\/es\/dsgvo\/","og_site_name":"Larix Engineering","article_modified_time":"2025-08-05T11:30:50+00:00","twitter_card":"summary_large_image","twitter_misc":{"Tiempo de lectura":"6 minutos"},"schema":{"@context":"https:\/\/schema.org","@graph":[{"@type":"WebPage","@id":"https:\/\/www.larix-engineering.at\/es\/dsgvo\/","url":"https:\/\/www.larix-engineering.at\/es\/dsgvo\/","name":"DSGVO - Larix Engineering","isPartOf":{"@id":"https:\/\/www.larix-engineering.at\/#website"},"datePublished":"2024-05-30T13:27:54+00:00","dateModified":"2025-08-05T11:30:50+00:00","breadcrumb":{"@id":"https:\/\/www.larix-engineering.at\/es\/dsgvo\/#breadcrumb"},"inLanguage":"es","potentialAction":[{"@type":"ReadAction","target":["https:\/\/www.larix-engineering.at\/es\/dsgvo\/"]}]},{"@type":"BreadcrumbList","@id":"https:\/\/www.larix-engineering.at\/es\/dsgvo\/#breadcrumb","itemListElement":[{"@type":"ListItem","position":1,"name":"Home","item":"https:\/\/www.larix-engineering.at\/"},{"@type":"ListItem","position":2,"name":"DSGVO"}]},{"@type":"WebSite","@id":"https:\/\/www.larix-engineering.at\/#website","url":"https:\/\/www.larix-engineering.at\/","name":"Larix Engineering","description":"sustainable building solutions","publisher":{"@id":"https:\/\/www.larix-engineering.at\/#organization"},"potentialAction":[{"@type":"SearchAction","target":{"@type":"EntryPoint","urlTemplate":"https:\/\/www.larix-engineering.at\/?s={search_term_string}"},"query-input":{"@type":"PropertyValueSpecification","valueRequired":true,"valueName":"search_term_string"}}],"inLanguage":"es"},{"@type":"Organization","@id":"https:\/\/www.larix-engineering.at\/#organization","name":"Larix Engineering","url":"https:\/\/www.larix-engineering.at\/","logo":{"@type":"ImageObject","inLanguage":"es","@id":"https:\/\/www.larix-engineering.at\/#\/schema\/logo\/image\/","url":"https:\/\/www.larix-engineering.at\/wp-content\/uploads\/2024\/05\/cropped-favicon.png","contentUrl":"https:\/\/www.larix-engineering.at\/wp-content\/uploads\/2024\/05\/cropped-favicon.png","width":512,"height":512,"caption":"Larix Engineering"},"image":{"@id":"https:\/\/www.larix-engineering.at\/#\/schema\/logo\/image\/"}}]}},"_links":{"self":[{"href":"https:\/\/www.larix-engineering.at\/es\/wp-json\/wp\/v2\/pages\/289209","targetHints":{"allow":["GET"]}}],"collection":[{"href":"https:\/\/www.larix-engineering.at\/es\/wp-json\/wp\/v2\/pages"}],"about":[{"href":"https:\/\/www.larix-engineering.at\/es\/wp-json\/wp\/v2\/types\/page"}],"author":[{"embeddable":true,"href":"https:\/\/www.larix-engineering.at\/es\/wp-json\/wp\/v2\/users\/1"}],"replies":[{"embeddable":true,"href":"https:\/\/www.larix-engineering.at\/es\/wp-json\/wp\/v2\/comments?post=289209"}],"version-history":[{"count":1,"href":"https:\/\/www.larix-engineering.at\/es\/wp-json\/wp\/v2\/pages\/289209\/revisions"}],"predecessor-version":[{"id":289232,"href":"https:\/\/www.larix-engineering.at\/es\/wp-json\/wp\/v2\/pages\/289209\/revisions\/289232"}],"wp:attachment":[{"href":"https:\/\/www.larix-engineering.at\/es\/wp-json\/wp\/v2\/media?parent=289209"}],"wp:term":[{"taxonomy":"difl_page_category","embeddable":true,"href":"https:\/\/www.larix-engineering.at\/es\/wp-json\/wp\/v2\/difl_page_category?post=289209"}],"curies":[{"name":"wp","href":"https:\/\/api.w.org\/{rel}","templated":true}]}}