{"id":289016,"date":"2025-08-04T10:55:59","date_gmt":"2025-08-04T08:55:59","guid":{"rendered":"https:\/\/www.larix-engineering.at\/l\/"},"modified":"2025-08-25T08:16:40","modified_gmt":"2025-08-25T06:16:40","slug":"l","status":"publish","type":"page","link":"https:\/\/www.larix-engineering.at\/es\/l\/","title":{"rendered":"Leistungen \/ Fachbereiche"},"content":{"rendered":"<p>[et_pb_section fb_built=\u00bb1&#8243; _builder_version=\u00bb4.27.4&#8243; _module_preset=\u00bbdefault\u00bb custom_padding=\u00bb||||false|false\u00bb global_colors_info=\u00bb{}\u00bb][et_pb_row _builder_version=\u00bb4.27.4&#8243; _module_preset=\u00bbdefault\u00bb global_colors_info=\u00bb{}\u00bb][et_pb_column type=\u00bb4_4&#8243; _builder_version=\u00bb4.27.4&#8243; _module_preset=\u00bbdefault\u00bb global_colors_info=\u00bb{}\u00bb][et_pb_text _builder_version=\u00bb4.27.4&#8243; _module_preset=\u00bbdefault\u00bb hover_enabled=\u00bb0&#8243; global_colors_info=\u00bb{}\u00bb sticky_enabled=\u00bb0&#8243;]<\/p>\n<h1>\u00c1reas de especializaci\u00f3n<\/h1>\n<p>[\/et_pb_text][\/et_pb_column][\/et_pb_row][et_pb_row column_structure=\u00bb1_5,1_5,1_5,1_5,1_5&#8243; gutter_width=\u00bb2&#8243; make_equal=\u00bbon\u00bb disabled_on=\u00bboff|off|off\u00bb module_class=\u00bbleistungen-flipboxen\u00bb _builder_version=\u00bb4.27.4&#8243; _module_preset=\u00bbdefault\u00bb width_tablet=\u00bb\u00bb width_phone=\u00bb90%\u00bb width_last_edited=\u00bbon|phone\u00bb module_alignment=\u00bbcenter\u00bb min_height=\u00bb450px\u00bb custom_margin=\u00bb0px||0px||true|false\u00bb custom_padding=\u00bb0px||0px||true|false\u00bb custom_css_main_element=\u00bbdisplay:flex;||align-items: center;\u00bb saved_tabs=\u00bball\u00bb locked=\u00bboff\u00bb global_colors_info=\u00bb{}\u00bb custom_css_main_element_last_edited=\u00bbon|tablet\u00bb custom_css_main_element_tablet=\u00bbdisplay: flex;||flex-direction: row;\u00bb custom_css_main_element_phone=\u00bbdisplay: flex;||flex-direction: column;\u00bb global_module=\u00bb289414&#8243; theme_builder_area=\u00bbpost_content\u00bb][et_pb_column type=\u00bb1_5&#8243; module_class=\u00bbcard-column\u00bb _builder_version=\u00bb4.27.0&#8243; _module_preset=\u00bbdefault\u00bb global_colors_info=\u00bb{}\u00bb theme_builder_area=\u00bbpost_content\u00bb][difl_flipbox title_front=\u00bbF\u00edsica de la construcci\u00f3n\u00bb content_front=\u00bb<\/p>\n<p>soluciones a medida para un futuro sostenible<\/p>\n<p>\u00bb content_back=\u00bb<\/p>\n<p>Soluciones de f\u00edsica de la construcci\u00f3n para edificaci\u00f3n nueva y rehabilitaci\u00f3n. Utilizando conocimientos bien fundados, desarrollamos soluciones sostenibles a medida, circulares y f\u00e1ciles de aplicar.<\/p>\n<p>\u00bb image_front_use_icon=\u00bboff\u00bb fb_background_bgcolor=\u00bbgcid-7b26014b-7e4b-4ff0-8aac-323f122d6b7c\u00bb fb_back_background_bgcolor=\u00bbgcid-7b26014b-7e4b-4ff0-8aac-323f122d6b7c\u00bb admin_label=\u00bbF\u00edsica de la construcci\u00f3n\u00bb _builder_version=\u00bb4.27.4&#8243; _module_preset=\u00bbcff04709-8822-4eae-beff-dd0ba75c2c5f\u00bb link_option_url=\u00bbhttps:\/\/www.larix-engineering.at\/es\/l\/fisica-de-la-construccion\/\u00bb locked=\u00bboff\u00bb global_colors_info=\u00bb{%22gcid-7b26014b-7e4b-4ff0-8aac-323f122d6b7c%22:%91%22fb_back_background_bgcolor%22%93}\u00bb theme_builder_area=\u00bbpost_content\u00bb][\/difl_flipbox][\/et_pb_column][et_pb_column type=\u00bb1_5&#8243; module_class=\u00bbcard-column\u00bb _builder_version=\u00bb4.27.0&#8243; _module_preset=\u00bbdefault\u00bb global_colors_info=\u00bb{}\u00bb theme_builder_area=\u00bbpost_content\u00bb][difl_flipbox title_front=\u00bbOptimizaci\u00f3n del funcionamiento\u00bb content_front=\u00bb<\/p>\n<p>Calefacci\u00f3n y refrigeraci\u00f3n con fuentes renovables \u2013 en edificios nuevos y existentes.<\/p>\n<p>\u00bb content_back=\u00bb<\/p>\n<p>Incluso los mejores sistemas de suministro de energ\u00eda requieren ajustes y optimizaci\u00f3n durante su funcionamiento. Nosotros ofrecemos ambas cosas. Con an\u00e1lisis estructurados del uso energ\u00e9tico del edificio, contrastado con pron\u00f3sticos a trav\u00e9s de la simulaci\u00f3n y con el desarrollo de posibles mejoras.<\/p>\n<p>\u00bb image_front_image=\u00bbhttps:\/\/www.larix-engineering.at\/wp-content\/uploads\/2025\/08\/icon_betriebsoptimierung.png\u00bb image_front_use_icon=\u00bboff\u00bb image_front_max_width=\u00bb93px\u00bb fb_background_bgcolor=\u00bb#BF8C3C\u00bb fb_back_background_bgcolor=\u00bb#bf8c3c\u00bb front_wrapper_padding=\u00bb||||false|true\u00bb front_wrapper_padding_tablet=\u00bb40px|40px|40px|40px|true|true\u00bb back_wrapper_padding_tablet=\u00bb\u00bb back_wrapper_padding_phone=\u00bb\u00bb back_wrapper_padding_last_edited=\u00bbon|phone\u00bb admin_label=\u00bbOptimizaci\u00f3n del funcionamiento\u00bb _builder_version=\u00bb4.27.4&#8243; _module_preset=\u00bb03e73f25-52e3-488f-8295-062246e33d80&#8243; content_line_height=\u00bb26px\u00bb link_option_url=\u00bbhttps:\/\/www.larix-engineering.at\/es\/l\/optimizacion-del-funcionamiento\/\u00bb title_font_size_tablet=\u00bb30px\u00bb title_font_size_phone=\u00bb30px\u00bb title_font_size_last_edited=\u00bbon|tablet\u00bb title_line_height_tablet=\u00bb26px\u00bb title_line_height_phone=\u00bb26px\u00bb title_line_height_last_edited=\u00bbon|desktop\u00bb custom_css_free_form=\u00bb||\u00bb border_width_bottom_front=\u00bb4px\u00bb locked=\u00bboff\u00bb global_colors_info=\u00bb{}\u00bb theme_builder_area=\u00bbpost_content\u00bb][\/difl_flipbox][\/et_pb_column][et_pb_column type=\u00bb1_5&#8243; module_class=\u00bbcard-column\u00bb _builder_version=\u00bb4.27.0&#8243; _module_preset=\u00bbdefault\u00bb global_colors_info=\u00bb{}\u00bb theme_builder_area=\u00bbpost_content\u00bb][difl_flipbox title_front=\u00bbDise\u00f1o energ\u00e9tico\u00bb content_front=\u00bb<\/p>\n<p>calefacci\u00f3n,<br \/>refrigeraci\u00f3n y<br \/>ventilaci\u00f3n renovables<\/p>\n<p>\u00bb content_back=\u00bb<\/p>\n<p>Calefacci\u00f3n y refrigeraci\u00f3n con fuentes renovables \u2013 en edificios nuevos y existentes. Asistencia en la concepci\u00f3n y planificaci\u00f3n de todas las fases del proyecto, desde el dise\u00f1o preliminar hasta la optimizaci\u00f3n durante el uso del edificio.<\/p>\n<p>\u00bb image_front_image=\u00bbhttps:\/\/www.larix-engineering.at\/wp-content\/uploads\/2025\/08\/icon_energieplanung.png\u00bb image_front_use_icon=\u00bboff\u00bb image_front_max_width=\u00bb93px\u00bb fb_background_bgcolor=\u00bbgcid-f25266a7-c69c-48e9-8ec9-52cfbc0258cf\u00bb fb_back_background_bgcolor=\u00bbgcid-f25266a7-c69c-48e9-8ec9-52cfbc0258cf\u00bb front_wrapper_padding=\u00bb||||false|true\u00bb front_wrapper_padding_tablet=\u00bb40px|40px|40px|40px|true|true\u00bb back_wrapper_padding_tablet=\u00bb\u00bb back_wrapper_padding_phone=\u00bb\u00bb back_wrapper_padding_last_edited=\u00bbon|phone\u00bb admin_label=\u00bbDise\u00f1o energ\u00e9tico\u00bb _builder_version=\u00bb4.27.4&#8243; _module_preset=\u00bb03e73f25-52e3-488f-8295-062246e33d80&#8243; content_line_height=\u00bb26px\u00bb link_option_url=\u00bbhttps:\/\/www.larix-engineering.at\/es\/l\/diseno-energetico\/\u00bb title_font_size_tablet=\u00bb30px\u00bb title_font_size_phone=\u00bb30px\u00bb title_font_size_last_edited=\u00bbon|tablet\u00bb title_line_height_tablet=\u00bb26px\u00bb title_line_height_phone=\u00bb26px\u00bb title_line_height_last_edited=\u00bbon|desktop\u00bb custom_css_free_form=\u00bb||\u00bb border_width_bottom_front=\u00bb4px\u00bb locked=\u00bboff\u00bb global_colors_info=\u00bb{%22gcid-f25266a7-c69c-48e9-8ec9-52cfbc0258cf%22:%91%22fb_back_background_bgcolor%22%93}\u00bb theme_builder_area=\u00bbpost_content\u00bb][\/difl_flipbox][\/et_pb_column][et_pb_column type=\u00bb1_5&#8243; module_class=\u00bbcard-column\u00bb _builder_version=\u00bb4.27.0&#8243; _module_preset=\u00bbdefault\u00bb global_colors_info=\u00bb{}\u00bb theme_builder_area=\u00bbpost_content\u00bb][difl_flipbox title_front=\u00bbSimulaci\u00f3n\u00bb content_front=\u00bb<\/p>\n<p>primero simular,<br \/>luego construir<\/p>\n<p>\u00bb content_back=\u00bb<\/p>\n<p>Las simulaciones de edificios proporcionan informaci\u00f3n valiosa sobre el rendimiento y el confort en todas las fases de planificaci\u00f3n y ciclo de vida de un edificio. Apoyamos su planificaci\u00f3n, revisamos los conceptos existentes y sugerimos optimizaciones espec\u00edficas.<\/p>\n<p>\u00bb image_front_image=\u00bbhttps:\/\/www.larix-engineering.at\/wp-content\/uploads\/2025\/08\/icon_simulation.png\u00bb image_front_use_icon=\u00bboff\u00bb image_front_max_width=\u00bb83px\u00bb fb_background_bgcolor=\u00bb#744455&#8243; fb_back_background_bgcolor=\u00bb#744455&#8243; front_wrapper_padding=\u00bb||||false|true\u00bb front_wrapper_padding_tablet=\u00bb30px|40px|40px|40px|false|true\u00bb front_wrapper_padding_phone=\u00bb\u00bb front_wrapper_padding_last_edited=\u00bbon|desktop\u00bb back_wrapper_padding=\u00bb||||false|true\u00bb back_wrapper_padding_tablet=\u00bb\u00bb back_wrapper_padding_phone=\u00bb\u00bb back_wrapper_padding_last_edited=\u00bbon|phone\u00bb icon_front_margin=\u00bb||||false|false\u00bb icon_front_margin_tablet=\u00bb||||false|false\u00bb icon_front_margin_phone=\u00bb||||false|false\u00bb icon_front_margin_last_edited=\u00bbon|desktop\u00bb title_front_margin_tablet=\u00bb20px||23px||false|false\u00bb title_front_margin_phone=\u00bb\u00bb title_front_margin_last_edited=\u00bbon|desktop\u00bb text_back_padding=\u00bb||||false|false\u00bb admin_label=\u00bbSimulaci\u00f3n\u00bb module_class=\u00bbbox-style-4&#8243; _builder_version=\u00bb4.27.4&#8243; _module_preset=\u00bbcff04709-8822-4eae-beff-dd0ba75c2c5f\u00bb content_line_height=\u00bb28px\u00bb link_option_url=\u00bbhttps:\/\/www.larix-engineering.at\/es\/l\/simulacion\/\u00bb border_width_bottom_front=\u00bb4px\u00bb locked=\u00bboff\u00bb global_colors_info=\u00bb{}\u00bb theme_builder_area=\u00bbpost_content\u00bb][\/difl_flipbox][\/et_pb_column][et_pb_column type=\u00bb1_5&#8243; module_class=\u00bbcard-column\u00bb _builder_version=\u00bb4.27.0&#8243; _module_preset=\u00bbdefault\u00bb global_colors_info=\u00bb{}\u00bb theme_builder_area=\u00bbpost_content\u00bb][difl_flipbox title_front=\u00bbCertificaci\u00f3n\u00bb content_front=\u00bb<\/p>\n<p>beneficios sociales, ecol\u00f3gicos y econ\u00f3micos<\/p>\n<p>\u00bb content_back=\u00bb<\/p>\n<p>Las certificaciones establecen normas claras sobre pr\u00e1cticas integrales de construcci\u00f3n sostenible. Le ofrecemos un apoyo competente y orientado a sus objetivos.<\/p>\n<p>\u00bb image_front_image=\u00bbhttps:\/\/www.larix-engineering.at\/wp-content\/uploads\/2025\/08\/icon_zertifizierung.png\u00bb image_front_use_icon=\u00bboff\u00bb image_front_max_width=\u00bb93px\u00bb fb_background_bgcolor=\u00bb#007265&#8243; fb_back_background_bgcolor=\u00bb#007265&#8243; front_wrapper_padding=\u00bb||||false|true\u00bb front_wrapper_padding_tablet=\u00bb40px|40px|40px|40px|true|true\u00bb back_wrapper_padding_tablet=\u00bb\u00bb back_wrapper_padding_phone=\u00bb\u00bb back_wrapper_padding_last_edited=\u00bbon|phone\u00bb admin_label=\u00bbCertificaci\u00f3n\u00bb module_class=\u00bbbox-style-3&#8243; _builder_version=\u00bb4.27.4&#8243; _module_preset=\u00bbcff04709-8822-4eae-beff-dd0ba75c2c5f\u00bb content_line_height=\u00bb26px\u00bb link_option_url=\u00bbhttps:\/\/www.larix-engineering.at\/es\/l\/certificacion\/\u00bb title_font_size_tablet=\u00bb30px\u00bb title_font_size_phone=\u00bb30px\u00bb title_font_size_last_edited=\u00bbon|tablet\u00bb title_line_height_tablet=\u00bb26px\u00bb title_line_height_phone=\u00bb26px\u00bb title_line_height_last_edited=\u00bbon|desktop\u00bb custom_css_free_form=\u00bb.box-style-3 img{||  margin-top:0px;||\tmargin-bottom:5px||}||\u00bb border_width_bottom_front=\u00bb4px\u00bb locked=\u00bboff\u00bb global_colors_info=\u00bb{}\u00bb theme_builder_area=\u00bbpost_content\u00bb][\/difl_flipbox][\/et_pb_column][\/et_pb_row][\/et_pb_section]<\/p>\n","protected":false},"excerpt":{"rendered":"<p>\u00c1reas de especializaci\u00f3n<div class=\"et_pb_with_border et_pb_module difl_flipbox difl_flipbox_0 et_clickable\">\n\t\t\t\t\n\t\t\t\t\n\t\t\t\t\n\t\t\t\t\n\t\t\t\t\n\t\t\t\t\n\t\t\t\t<div class=\"et_pb_module_inner\">\n\t\t\t\t\t<div class=\"df_flipbox_container rotate rotate_left\">\n                <div class=\"df_flipbox_body\">\n                    <div class=\"df_fb_front\">\n                        <div class=\"fb_inner\">\n                            <div class=\"fb_inner_content\"><div class=\"df_fb_image_container\">\n                    <img decoding=\"async\" alt=\"\" src=\"https:\/\/www.larix-engineering.at\/wp-content\/uploads\/2025\/08\/icon_bauphysik.png\" \/>\n                <\/div><h4 class=\"title\">F\u00edsica de la construcci\u00f3n<\/h4><div class=\"fb-text\">soluciones a medida para un futuro sostenible<\/div><\/div>\n                        <\/div>\n                    <\/div>\n                    <div class=\"df_fb_back\">\n                        <div class=\"fb_inner\">\n                            <div class=\"fb_inner_content\"><div class=\"fb-text\">Soluciones de f\u00edsica de la construcci\u00f3n para edificaci\u00f3n nueva y rehabilitaci\u00f3n. Utilizando conocimientos bien fundados, desarrollamos soluciones sostenibles a medida, circulares y f\u00e1ciles de aplicar.<\/div><\/div>\n                        <\/div>\n                    <\/div>\n                <\/div>\n            <\/div>\n\t\t\t\t<\/div>\n\t\t\t<\/div><div class=\"et_pb_module difl_flipbox difl_flipbox_1\">\n\t\t\t\t\n\t\t\t\t\n\t\t\t\t\n\t\t\t\t\n\t\t\t\t\n\t\t\t\t\n\t\t\t\t<div class=\"et_pb_module_inner\">\n\t\t\t\t\t<div class=\"df_flipbox_container rotate rotate_left\">\n                <div class=\"df_flipbox_body\">\n                    <div class=\"df_fb_front\">\n                        <div class=\"fb_inner\">\n                            <div class=\"fb_inner_content\"><h4 class=\"title\">\u00bbOptimizaci\u00f3n<\/h4><\/div>\n                        <\/div>\n                    <\/div>\n                    <div class=\"df_fb_back\">\n                        <div class=\"fb_inner\">\n                            <div class=\"fb_inner_content\"><\/div>\n                        <\/div>\n                    <\/div>\n                <\/div>\n            <\/div>\n\t\t\t\t<\/div>\n\t\t\t<\/div><\/p>\n","protected":false},"author":7,"featured_media":0,"parent":0,"menu_order":0,"comment_status":"closed","ping_status":"closed","template":"","meta":{"_acf_changed":false,"_et_pb_use_builder":"on","_et_pb_old_content":"","_et_gb_content_width":"","inline_featured_image":false,"footnotes":""},"difl_page_category":[],"class_list":["post-289016","page","type-page","status-publish","hentry"],"acf":[],"yoast_head":"<!-- This site is optimized with the Yoast SEO plugin v27.5 - https:\/\/yoast.com\/product\/yoast-seo-wordpress\/ -->\n<title>Leistungen \/ Fachbereiche - Larix Engineering<\/title>\n<meta name=\"robots\" content=\"index, follow, max-snippet:-1, max-image-preview:large, max-video-preview:-1\" \/>\n<link rel=\"canonical\" href=\"https:\/\/www.larix-engineering.at\/es\/l\/\" \/>\n<meta property=\"og:locale\" content=\"es_ES\" \/>\n<meta property=\"og:type\" content=\"article\" \/>\n<meta property=\"og:title\" content=\"Leistungen \/ Fachbereiche - Larix Engineering\" \/>\n<meta property=\"og:description\" content=\"\u00c1reas de especializaci\u00f3n\" \/>\n<meta property=\"og:url\" content=\"https:\/\/www.larix-engineering.at\/es\/l\/\" \/>\n<meta property=\"og:site_name\" content=\"Larix Engineering\" \/>\n<meta property=\"article:modified_time\" content=\"2025-08-25T06:16:40+00:00\" \/>\n<meta name=\"twitter:card\" content=\"summary_large_image\" \/>\n<meta name=\"twitter:label1\" content=\"Tiempo de lectura\" \/>\n\t<meta name=\"twitter:data1\" content=\"7 minutos\" \/>\n<script type=\"application\/ld+json\" class=\"yoast-schema-graph\">{\"@context\":\"https:\\\/\\\/schema.org\",\"@graph\":[{\"@type\":\"WebPage\",\"@id\":\"https:\\\/\\\/www.larix-engineering.at\\\/es\\\/l\\\/\",\"url\":\"https:\\\/\\\/www.larix-engineering.at\\\/es\\\/l\\\/\",\"name\":\"Leistungen \\\/ Fachbereiche - Larix Engineering\",\"isPartOf\":{\"@id\":\"https:\\\/\\\/www.larix-engineering.at\\\/#website\"},\"datePublished\":\"2025-08-04T08:55:59+00:00\",\"dateModified\":\"2025-08-25T06:16:40+00:00\",\"breadcrumb\":{\"@id\":\"https:\\\/\\\/www.larix-engineering.at\\\/es\\\/l\\\/#breadcrumb\"},\"inLanguage\":\"es\",\"potentialAction\":[{\"@type\":\"ReadAction\",\"target\":[\"https:\\\/\\\/www.larix-engineering.at\\\/es\\\/l\\\/\"]}]},{\"@type\":\"BreadcrumbList\",\"@id\":\"https:\\\/\\\/www.larix-engineering.at\\\/es\\\/l\\\/#breadcrumb\",\"itemListElement\":[{\"@type\":\"ListItem\",\"position\":1,\"name\":\"Home\",\"item\":\"https:\\\/\\\/www.larix-engineering.at\\\/\"},{\"@type\":\"ListItem\",\"position\":2,\"name\":\"Leistungen \\\/ Fachbereiche\"}]},{\"@type\":\"WebSite\",\"@id\":\"https:\\\/\\\/www.larix-engineering.at\\\/#website\",\"url\":\"https:\\\/\\\/www.larix-engineering.at\\\/\",\"name\":\"Larix Engineering\",\"description\":\"sustainable building solutions\",\"publisher\":{\"@id\":\"https:\\\/\\\/www.larix-engineering.at\\\/#organization\"},\"potentialAction\":[{\"@type\":\"SearchAction\",\"target\":{\"@type\":\"EntryPoint\",\"urlTemplate\":\"https:\\\/\\\/www.larix-engineering.at\\\/?s={search_term_string}\"},\"query-input\":{\"@type\":\"PropertyValueSpecification\",\"valueRequired\":true,\"valueName\":\"search_term_string\"}}],\"inLanguage\":\"es\"},{\"@type\":\"Organization\",\"@id\":\"https:\\\/\\\/www.larix-engineering.at\\\/#organization\",\"name\":\"Larix Engineering\",\"url\":\"https:\\\/\\\/www.larix-engineering.at\\\/\",\"logo\":{\"@type\":\"ImageObject\",\"inLanguage\":\"es\",\"@id\":\"https:\\\/\\\/www.larix-engineering.at\\\/#\\\/schema\\\/logo\\\/image\\\/\",\"url\":\"https:\\\/\\\/www.larix-engineering.at\\\/wp-content\\\/uploads\\\/2024\\\/05\\\/cropped-favicon.png\",\"contentUrl\":\"https:\\\/\\\/www.larix-engineering.at\\\/wp-content\\\/uploads\\\/2024\\\/05\\\/cropped-favicon.png\",\"width\":512,\"height\":512,\"caption\":\"Larix Engineering\"},\"image\":{\"@id\":\"https:\\\/\\\/www.larix-engineering.at\\\/#\\\/schema\\\/logo\\\/image\\\/\"}}]}<\/script>\n<!-- \/ Yoast SEO plugin. -->","yoast_head_json":{"title":"Leistungen \/ Fachbereiche - Larix Engineering","robots":{"index":"index","follow":"follow","max-snippet":"max-snippet:-1","max-image-preview":"max-image-preview:large","max-video-preview":"max-video-preview:-1"},"canonical":"https:\/\/www.larix-engineering.at\/es\/l\/","og_locale":"es_ES","og_type":"article","og_title":"Leistungen \/ Fachbereiche - Larix Engineering","og_description":"\u00c1reas de especializaci\u00f3n","og_url":"https:\/\/www.larix-engineering.at\/es\/l\/","og_site_name":"Larix Engineering","article_modified_time":"2025-08-25T06:16:40+00:00","twitter_card":"summary_large_image","twitter_misc":{"Tiempo de lectura":"7 minutos"},"schema":{"@context":"https:\/\/schema.org","@graph":[{"@type":"WebPage","@id":"https:\/\/www.larix-engineering.at\/es\/l\/","url":"https:\/\/www.larix-engineering.at\/es\/l\/","name":"Leistungen \/ Fachbereiche - Larix Engineering","isPartOf":{"@id":"https:\/\/www.larix-engineering.at\/#website"},"datePublished":"2025-08-04T08:55:59+00:00","dateModified":"2025-08-25T06:16:40+00:00","breadcrumb":{"@id":"https:\/\/www.larix-engineering.at\/es\/l\/#breadcrumb"},"inLanguage":"es","potentialAction":[{"@type":"ReadAction","target":["https:\/\/www.larix-engineering.at\/es\/l\/"]}]},{"@type":"BreadcrumbList","@id":"https:\/\/www.larix-engineering.at\/es\/l\/#breadcrumb","itemListElement":[{"@type":"ListItem","position":1,"name":"Home","item":"https:\/\/www.larix-engineering.at\/"},{"@type":"ListItem","position":2,"name":"Leistungen \/ Fachbereiche"}]},{"@type":"WebSite","@id":"https:\/\/www.larix-engineering.at\/#website","url":"https:\/\/www.larix-engineering.at\/","name":"Larix Engineering","description":"sustainable building solutions","publisher":{"@id":"https:\/\/www.larix-engineering.at\/#organization"},"potentialAction":[{"@type":"SearchAction","target":{"@type":"EntryPoint","urlTemplate":"https:\/\/www.larix-engineering.at\/?s={search_term_string}"},"query-input":{"@type":"PropertyValueSpecification","valueRequired":true,"valueName":"search_term_string"}}],"inLanguage":"es"},{"@type":"Organization","@id":"https:\/\/www.larix-engineering.at\/#organization","name":"Larix Engineering","url":"https:\/\/www.larix-engineering.at\/","logo":{"@type":"ImageObject","inLanguage":"es","@id":"https:\/\/www.larix-engineering.at\/#\/schema\/logo\/image\/","url":"https:\/\/www.larix-engineering.at\/wp-content\/uploads\/2024\/05\/cropped-favicon.png","contentUrl":"https:\/\/www.larix-engineering.at\/wp-content\/uploads\/2024\/05\/cropped-favicon.png","width":512,"height":512,"caption":"Larix Engineering"},"image":{"@id":"https:\/\/www.larix-engineering.at\/#\/schema\/logo\/image\/"}}]}},"_links":{"self":[{"href":"https:\/\/www.larix-engineering.at\/es\/wp-json\/wp\/v2\/pages\/289016","targetHints":{"allow":["GET"]}}],"collection":[{"href":"https:\/\/www.larix-engineering.at\/es\/wp-json\/wp\/v2\/pages"}],"about":[{"href":"https:\/\/www.larix-engineering.at\/es\/wp-json\/wp\/v2\/types\/page"}],"author":[{"embeddable":true,"href":"https:\/\/www.larix-engineering.at\/es\/wp-json\/wp\/v2\/users\/7"}],"replies":[{"embeddable":true,"href":"https:\/\/www.larix-engineering.at\/es\/wp-json\/wp\/v2\/comments?post=289016"}],"version-history":[{"count":6,"href":"https:\/\/www.larix-engineering.at\/es\/wp-json\/wp\/v2\/pages\/289016\/revisions"}],"predecessor-version":[{"id":289906,"href":"https:\/\/www.larix-engineering.at\/es\/wp-json\/wp\/v2\/pages\/289016\/revisions\/289906"}],"wp:attachment":[{"href":"https:\/\/www.larix-engineering.at\/es\/wp-json\/wp\/v2\/media?parent=289016"}],"wp:term":[{"taxonomy":"difl_page_category","embeddable":true,"href":"https:\/\/www.larix-engineering.at\/es\/wp-json\/wp\/v2\/difl_page_category?post=289016"}],"curies":[{"name":"wp","href":"https:\/\/api.w.org\/{rel}","templated":true}]}}